{"id":1099,"date":"2026-02-09T11:55:48","date_gmt":"2026-02-09T11:55:48","guid":{"rendered":"https:\/\/chemicalshoppers.com\/?post_type=product&#038;p=1099"},"modified":"2026-02-13T11:37:48","modified_gmt":"2026-02-13T11:37:48","slug":"n-methyl-cyclazodone","status":"publish","type":"product","link":"https:\/\/chemicalshoppers.com\/cs\/produkt\/n-methyl-cyclazodone\/","title":{"rendered":"N Methyl Cyclazodone"},"content":{"rendered":"<h2 data-start=\"3787\" data-end=\"3813\"><strong data-start=\"3790\" data-end=\"3813\">Productbeschrijving<\/strong><\/h2>\n<p data-start=\"3815\" data-end=\"4152\"><strong data-start=\"3815\" data-end=\"3839\">N-Methyl-Cyclazodone<\/strong> is een <strong data-start=\"3847\" data-end=\"3878\">synthetische onderzoeksstof<\/strong>, souvisej\u00edc\u00ed s <strong data-start=\"3892\" data-end=\"3907\">Cyclazodone<\/strong>, en behoort tot de klasse van <strong data-start=\"3938\" data-end=\"3966\">nootropische stimulantia<\/strong>.<br data-start=\"3967\" data-end=\"3970\" \/>Het wordt gebruikt voor <strong data-start=\"3994\" data-end=\"4036\">analytisch en farmacologisch onderzoek<\/strong> om <strong data-start=\"4040\" data-end=\"4094\">structurele en receptor-gerelateerde eigenschappen<\/strong> te bestuderen in gecontroleerde laboratoriumomgevingen. n methyl cyclazodone<\/p>\n<p data-start=\"4154\" data-end=\"4292\">Het product wordt geleverd in <strong data-start=\"4184\" data-end=\"4210\">analytische zuiverheid<\/strong>, geschikt voor <strong data-start=\"4226\" data-end=\"4291\">wetenschappelijke, toxicologische en forensische toepassingen<\/strong>.<\/p>\n<p data-start=\"4294\" data-end=\"4441\">\u26a0\ufe0f <strong data-start=\"4297\" data-end=\"4308\">Let op:<\/strong> <em data-start=\"4309\" data-end=\"4331\">N-Methyl-Cyclazodone<\/em> is <strong data-start=\"4335\" data-end=\"4384\">uitsluitend bedoeld voor onderzoeksdoeleinden<\/strong> a <strong data-start=\"4388\" data-end=\"4440\">niet geschikt voor menselijk of dierlijk gebruik<\/strong>.<\/p>\n<hr data-start=\"4443\" data-end=\"4446\" \/>\n<h2 data-start=\"4448\" data-end=\"4478\"><strong data-start=\"4451\" data-end=\"4478\">Belangrijkste Kenmerken<\/strong><\/h2>\n<ul data-start=\"4480\" data-end=\"4868\">\n<li data-start=\"4480\" data-end=\"4554\">\n<p data-start=\"4482\" data-end=\"4554\"><strong data-start=\"4482\" data-end=\"4501\">Hoge Zuiverheid<\/strong> \u2013 geschikt voor geavanceerd laboratoriumonderzoek.<\/p>\n<\/li>\n<li data-start=\"4555\" data-end=\"4633\">\n<p data-start=\"4557\" data-end=\"4633\"><strong data-start=\"4557\" data-end=\"4583\">Stabiel en Betrouwbaar<\/strong> \u2013 bestand tegen degradatie bij correcte opslag.<\/p>\n<\/li>\n<li data-start=\"4634\" data-end=\"4706\">\n<p data-start=\"4636\" data-end=\"4706\"><strong data-start=\"4636\" data-end=\"4655\">Precisie Getest<\/strong> \u2013 geschikt voor spectroscopie en chromatografie.<\/p>\n<\/li>\n<li data-start=\"4707\" data-end=\"4786\">\n<p data-start=\"4709\" data-end=\"4786\"><strong data-start=\"4709\" data-end=\"4731\">Veilige Verpakking<\/strong> \u2013 luchtdicht en verzegeld voor maximale integriteit.<\/p>\n<\/li>\n<li data-start=\"4787\" data-end=\"4868\">\n<p data-start=\"4789\" data-end=\"4868\"><strong data-start=\"4789\" data-end=\"4815\">Conform EU-Regelgeving<\/strong> \u2013 geproduceerd volgens Europese veiligheidsnormen.<\/p>\n<\/li>\n<\/ul>\n<hr data-start=\"4870\" data-end=\"4873\" \/>\n<h2 data-start=\"4875\" data-end=\"4909\"><strong data-start=\"4878\" data-end=\"4909\">Voordelen voor Onderzoekers<\/strong><\/h2>\n<ul data-start=\"4911\" data-end=\"5179\">\n<li data-start=\"4911\" data-end=\"4987\">\n<p data-start=\"4913\" data-end=\"4987\">Ondersteunt <strong data-start=\"4925\" data-end=\"4967\">analytisch en farmacologisch onderzoek<\/strong> naar stimulantia.<\/p>\n<\/li>\n<li data-start=\"4988\" data-end=\"5046\">\n<p data-start=\"4990\" data-end=\"5046\">Geschikt voor <strong data-start=\"5004\" data-end=\"5043\">toxicologische en referentiestudies<\/strong>.<\/p>\n<\/li>\n<li data-start=\"5047\" data-end=\"5112\">\n<p data-start=\"5049\" data-end=\"5112\">Helpt bij <strong data-start=\"5059\" data-end=\"5109\">methodeontwikkeling en chemische identificatie<\/strong>. n methyl cyclazodone<\/p>\n<\/li>\n<li data-start=\"5113\" data-end=\"5179\">\n<p data-start=\"5115\" data-end=\"5179\">Biedt <strong data-start=\"5121\" data-end=\"5176\">betrouwbare en reproduceerbare onderzoeksresultaten<\/strong>.<\/p>\n<\/li>\n<\/ul>\n<hr data-start=\"5181\" data-end=\"5184\" \/>\n<h2 data-start=\"5186\" data-end=\"5220\"><strong data-start=\"5189\" data-end=\"5220\">Gebruik (Onderzoekscontext)<\/strong><\/h2>\n<ol data-start=\"5222\" data-end=\"5427\">\n<li data-start=\"5222\" data-end=\"5267\">\n<p data-start=\"5225\" data-end=\"5267\">Alleen gebruiken in erkende laboratoria.<\/p>\n<\/li>\n<li data-start=\"5268\" data-end=\"5328\">\n<p data-start=\"5271\" data-end=\"5328\">Draag handschoenen, veiligheidsbril en laboratoriumjas.<\/p>\n<\/li>\n<li data-start=\"5329\" data-end=\"5376\">\n<p data-start=\"5332\" data-end=\"5376\">Bewaar koel, droog en donker (onder 25\u00b0C).<\/p>\n<\/li>\n<li data-start=\"5377\" data-end=\"5427\">\n<p data-start=\"5380\" data-end=\"5427\">Verwijder resten volgens lokale milieuregels.<\/p>\n<\/li>\n<\/ol>\n<blockquote data-start=\"5429\" data-end=\"5519\">\n<p data-start=\"5431\" data-end=\"5519\"><strong data-start=\"5431\" data-end=\"5442\">Let op:<\/strong> <em data-start=\"5443\" data-end=\"5465\">N-Methyl-Cyclazodone<\/em> is <strong data-start=\"5469\" data-end=\"5518\">uitsluitend bedoeld voor onderzoeksdoeleinden<\/strong>.<\/p>\n<\/blockquote>\n<hr data-start=\"5521\" data-end=\"5524\" \/>\n<h2 data-start=\"5526\" data-end=\"5560\"><strong data-start=\"5529\" data-end=\"5560\">\u010casto kladen\u00e9 ot\u00e1zky (FAQ)<\/strong><\/h2>\n<p data-start=\"5562\" data-end=\"5731\"><strong data-start=\"5562\" data-end=\"5614\">1. Waarvoor wordt N-Methyl-Cyclazodone gebruikt?<\/strong><br data-start=\"5614\" data-end=\"5617\" \/>Deze stof wordt gebruikt voor <strong data-start=\"5647\" data-end=\"5689\">analytisch en farmacologisch onderzoek<\/strong> naar stimulantia en structurele analogen.<\/p>\n<p data-start=\"5733\" data-end=\"5865\"><strong data-start=\"5733\" data-end=\"5794\">2. Is N-Methyl-Cyclazodone veilig voor menselijk gebruik?<\/strong><br data-start=\"5794\" data-end=\"5797\" \/>Nee, dit product is <strong data-start=\"5817\" data-end=\"5864\">niet goedgekeurd voor menselijke consumptie<\/strong>.<\/p>\n<p data-start=\"5867\" data-end=\"6029\"><strong data-start=\"5867\" data-end=\"5909\">3. Wie mag N-Methyl-Cyclazodone kopen?<\/strong><br data-start=\"5909\" data-end=\"5912\" \/>Pouze <strong data-start=\"5919\" data-end=\"5968\">erkende laboratoria en onderzoeksinstellingen<\/strong> mogen deze stof aanschaffen voor wetenschappelijk onderzoek.<\/p>","protected":false},"excerpt":{"rendered":"<h2>N-Methyl-Cyclazodone<\/h2>\n<p>N-Methyl-Cyclazodone hydrochloride is een stof die wij alleen verkopen voor research doeleinden en is dus niet voor consumptie<\/p>","protected":false},"featured_media":1126,"comment_status":"closed","ping_status":"closed","template":"","meta":[],"product_brand":[23],"product_cat":[531,459],"product_tag":[532,533,22],"class_list":{"0":"post-1099","1":"product","2":"type-product","3":"status-publish","4":"has-post-thumbnail","6":"product_brand-research-chemical","7":"product_cat-n-methyl-cyclazodone","8":"product_cat-overig","9":"product_tag-n-methyl-cyclazodone","10":"product_tag-n-methyl-cyclazodone-buy","11":"product_tag-nl","13":"first","14":"instock","15":"shipping-taxable","16":"purchasable","17":"product-type-variable"},"_links":{"self":[{"href":"https:\/\/chemicalshoppers.com\/cs\/wp-json\/wp\/v2\/product\/1099","targetHints":{"allow":["GET"]}}],"collection":[{"href":"https:\/\/chemicalshoppers.com\/cs\/wp-json\/wp\/v2\/product"}],"about":[{"href":"https:\/\/chemicalshoppers.com\/cs\/wp-json\/wp\/v2\/types\/product"}],"replies":[{"embeddable":true,"href":"https:\/\/chemicalshoppers.com\/cs\/wp-json\/wp\/v2\/comments?post=1099"}],"version-history":[{"count":1,"href":"https:\/\/chemicalshoppers.com\/cs\/wp-json\/wp\/v2\/product\/1099\/revisions"}],"predecessor-version":[{"id":16547,"href":"https:\/\/chemicalshoppers.com\/cs\/wp-json\/wp\/v2\/product\/1099\/revisions\/16547"}],"wp:featuredmedia":[{"embeddable":true,"href":"https:\/\/chemicalshoppers.com\/cs\/wp-json\/wp\/v2\/media\/1126"}],"wp:attachment":[{"href":"https:\/\/chemicalshoppers.com\/cs\/wp-json\/wp\/v2\/media?parent=1099"}],"wp:term":[{"taxonomy":"product_brand","embeddable":true,"href":"https:\/\/chemicalshoppers.com\/cs\/wp-json\/wp\/v2\/product_brand?post=1099"},{"taxonomy":"product_cat","embeddable":true,"href":"https:\/\/chemicalshoppers.com\/cs\/wp-json\/wp\/v2\/product_cat?post=1099"},{"taxonomy":"product_tag","embeddable":true,"href":"https:\/\/chemicalshoppers.com\/cs\/wp-json\/wp\/v2\/product_tag?post=1099"}],"curies":[{"name":"wp","href":"https:\/\/api.w.org\/{rel}","templated":true}]}}