{"id":435,"date":"2026-02-09T11:52:53","date_gmt":"2026-02-09T11:52:53","guid":{"rendered":"https:\/\/chemicalshoppers.com\/?post_type=product&#038;p=435"},"modified":"2026-02-13T15:50:44","modified_gmt":"2026-02-13T15:50:44","slug":"idra-21-10-mg-pellets","status":"publish","type":"product","link":"https:\/\/chemicalshoppers.com\/cs\/produkt\/idra-21-10-mg-pellets\/","title":{"rendered":"IDRA-21 10 MG Pellets"},"content":{"rendered":"<p data-start=\"4897\" data-end=\"5239\"><strong data-start=\"4897\" data-end=\"4908\">IDRA-21<\/strong> is een <strong data-start=\"4916\" data-end=\"4947\">benzothiadiazine-verbinding<\/strong>, souvisej\u00edc\u00ed s <strong data-start=\"4961\" data-end=\"4975\">aniracetam<\/strong>, en wordt onderzocht vanwege zijn <strong data-start=\"5010\" data-end=\"5040\">invloed op AMPA-receptoren<\/strong>.<br data-start=\"5041\" data-end=\"5044\" \/>Het wordt gebruikt in <strong data-start=\"5066\" data-end=\"5136\">forensische, farmacologische en neurowetenschappelijke laboratoria<\/strong> als <strong data-start=\"5141\" data-end=\"5164\">referentiemateriaal<\/strong> voor het bestuderen van <strong data-start=\"5189\" data-end=\"5236\">synaptische processen en receptoractiviteit<\/strong>. idra 21<\/p>\n<p data-start=\"5241\" data-end=\"5467\">Na str\u00e1nk\u00e1ch <strong data-start=\"5244\" data-end=\"5264\">10 mg pelletvorm<\/strong> biedt nauwkeurige dosering en reproduceerbare analysemogelijkheden.<br data-start=\"5332\" data-end=\"5335\" \/>Dit product is <strong data-start=\"5350\" data-end=\"5405\">uitsluitend bedoeld voor wetenschappelijk onderzoek<\/strong> a <strong data-start=\"5409\" data-end=\"5466\">niet geschikt voor menselijke of dierlijke consumptie<\/strong>.<\/p>\n<hr data-start=\"5469\" data-end=\"5472\" \/>\n<h3 data-start=\"5474\" data-end=\"5505\"><strong data-start=\"5478\" data-end=\"5505\">Belangrijkste Kenmerken<\/strong><\/h3>\n<ul data-start=\"5507\" data-end=\"5944\">\n<li data-start=\"5507\" data-end=\"5593\">\n<p data-start=\"5509\" data-end=\"5593\"><strong data-start=\"5509\" data-end=\"5529\">Hoge Zuiverheid:<\/strong> Geproduceerd onder gecontroleerde laboratoriumomstandigheden.<\/p>\n<\/li>\n<li data-start=\"5594\" data-end=\"5681\">\n<p data-start=\"5596\" data-end=\"5681\"><strong data-start=\"5596\" data-end=\"5628\">Gestandaardiseerde Dosering:<\/strong> 10 mg per pellet voor consistente analysemethoden.<\/p>\n<\/li>\n<li data-start=\"5682\" data-end=\"5768\">\n<p data-start=\"5684\" data-end=\"5768\"><strong data-start=\"5684\" data-end=\"5723\">Gecertificeerd Referentiemateriaal:<\/strong> Geleverd met <strong data-start=\"5737\" data-end=\"5765\">analysecertificaat (COA)<\/strong>.<\/p>\n<\/li>\n<li data-start=\"5769\" data-end=\"5864\">\n<p data-start=\"5771\" data-end=\"5864\"><strong data-start=\"5771\" data-end=\"5802\">Analytisch Breed Inzetbaar:<\/strong> Geschikt voor <strong data-start=\"5817\" data-end=\"5825\">HPLC<\/strong>, <strong data-start=\"5827\" data-end=\"5839\">LC-MS\/MS<\/strong>, en <strong data-start=\"5844\" data-end=\"5852\">FTIR<\/strong> analyses.<\/p>\n<\/li>\n<li data-start=\"5865\" data-end=\"5944\">\n<p data-start=\"5867\" data-end=\"5944\"><strong data-start=\"5867\" data-end=\"5892\">Stabiele Formulering:<\/strong> Behoudt stabiliteit bij correcte opslagcondities. idra 21<\/p>\n<\/li>\n<\/ul>\n<hr data-start=\"5946\" data-end=\"5949\" \/>\n<h3 data-start=\"5951\" data-end=\"5968\"><strong data-start=\"5955\" data-end=\"5968\">Voordelen<\/strong><\/h3>\n<ul data-start=\"5970\" data-end=\"6434\">\n<li data-start=\"5970\" data-end=\"6089\">\n<p data-start=\"5972\" data-end=\"6089\"><strong data-start=\"5972\" data-end=\"6020\">Ondersteunt Neurowetenschappelijk Onderzoek:<\/strong> Geschikt voor studies naar receptoractiviteit en neurotransmissie.<\/p>\n<\/li>\n<li data-start=\"6090\" data-end=\"6188\">\n<p data-start=\"6092\" data-end=\"6188\"><strong data-start=\"6092\" data-end=\"6119\">Betrouwbare Kalibratie:<\/strong> Zorgt voor reproduceerbare resultaten in analytische toepassingen.<\/p>\n<\/li>\n<li data-start=\"6189\" data-end=\"6276\">\n<p data-start=\"6191\" data-end=\"6276\"><strong data-start=\"6191\" data-end=\"6213\">Educatieve Waarde:<\/strong> Geschikt voor academische training en laboratoriumonderzoek.<\/p>\n<\/li>\n<li data-start=\"6277\" data-end=\"6342\">\n<p data-start=\"6279\" data-end=\"6342\"><strong data-start=\"6279\" data-end=\"6306\">Volledige Documentatie:<\/strong> Geleverd met <strong data-start=\"6320\" data-end=\"6328\">MSDS<\/strong> a <strong data-start=\"6332\" data-end=\"6339\">COA<\/strong>.<\/p>\n<\/li>\n<li data-start=\"6343\" data-end=\"6434\">\n<p data-start=\"6345\" data-end=\"6434\"><strong data-start=\"6345\" data-end=\"6376\">Veilig Laboratoriumgebruik:<\/strong> Ontworpen volgens internationale kwaliteitsrichtlijnen.<\/p>\n<\/li>\n<\/ul>\n<hr data-start=\"6436\" data-end=\"6439\" \/>\n<h3 data-start=\"6441\" data-end=\"6502\"><strong data-start=\"6445\" data-end=\"6502\">Gebruiksaanwijzing (Alleen voor Onderzoeksdoeleinden)<\/strong><\/h3>\n<ol data-start=\"6504\" data-end=\"6836\">\n<li data-start=\"6504\" data-end=\"6601\">\n<p data-start=\"6507\" data-end=\"6601\"><strong data-start=\"6507\" data-end=\"6521\">Hantering:<\/strong> Gebruik alleen in erkende laboratoria met geschikte veiligheidsvoorzieningen.<\/p>\n<\/li>\n<li data-start=\"6602\" data-end=\"6681\">\n<p data-start=\"6605\" data-end=\"6681\"><strong data-start=\"6605\" data-end=\"6620\">Toepassing:<\/strong> Bereid en analyseer pellets volgens gevalideerde methoden.<\/p>\n<\/li>\n<li data-start=\"6682\" data-end=\"6745\">\n<p data-start=\"6685\" data-end=\"6745\"><strong data-start=\"6685\" data-end=\"6696\">Opslag:<\/strong> Bewaar koel, droog en donker, goed afgesloten.<\/p>\n<\/li>\n<li data-start=\"6746\" data-end=\"6836\">\n<p data-start=\"6749\" data-end=\"6836\"><strong data-start=\"6749\" data-end=\"6760\">Afvoer:<\/strong> Verwijder restanten volgens lokale regelgeving voor chemisch afvalbeheer.<\/p>\n<\/li>\n<\/ol>\n<hr data-start=\"6838\" data-end=\"6841\" \/>\n<h3 data-start=\"6843\" data-end=\"6877\"><strong data-start=\"6847\" data-end=\"6877\">Veiligheid en Conformiteit<\/strong><\/h3>\n<ul data-start=\"6879\" data-end=\"7270\">\n<li data-start=\"6879\" data-end=\"6960\">\n<p data-start=\"6881\" data-end=\"6960\"><strong data-start=\"6881\" data-end=\"6917\">Alleen voor Laboratoriumgebruik:<\/strong> Niet bedoeld voor menselijke consumptie.<\/p>\n<\/li>\n<li data-start=\"6961\" data-end=\"7050\">\n<p data-start=\"6963\" data-end=\"7050\"><strong data-start=\"6963\" data-end=\"6991\">Wettelijke Overwegingen:<\/strong> Controleer de lokale regelgeving voor gebruik en opslag.<\/p>\n<\/li>\n<li data-start=\"7051\" data-end=\"7145\">\n<p data-start=\"7053\" data-end=\"7145\"><strong data-start=\"7053\" data-end=\"7081\">Gezondheid &amp; Veiligheid:<\/strong> Vermijd contact, inademing of inslikken; draag geschikte PBM.<\/p>\n<\/li>\n<li data-start=\"7146\" data-end=\"7270\">\n<p data-start=\"7148\" data-end=\"7270\"><strong data-start=\"7148\" data-end=\"7165\">Documentatie:<\/strong> Een <strong data-start=\"7170\" data-end=\"7206\">veiligheidsinformatieblad (MSDS)<\/strong> a <strong data-start=\"7210\" data-end=\"7238\">analysecertificaat (COA)<\/strong> zijn beschikbaar op aanvraag.<\/p>\n<\/li>\n<\/ul>\n<hr data-start=\"7272\" data-end=\"7275\" \/>\n<h3 data-start=\"7277\" data-end=\"7312\"><strong data-start=\"7281\" data-end=\"7312\">\u010casto kladen\u00e9 ot\u00e1zky (FAQ)<\/strong><\/h3>\n<p data-start=\"7314\" data-end=\"7471\"><strong data-start=\"7314\" data-end=\"7368\">1. Waarvoor worden IDRA-21 10 mg Pellets gebruikt?<\/strong><br data-start=\"7368\" data-end=\"7371\" \/>Ze worden gebruikt in <strong data-start=\"7393\" data-end=\"7440\">neurowetenschappelijk en chemisch onderzoek<\/strong> naar AMPA-receptormodulatie.<\/p>\n<p data-start=\"7473\" data-end=\"7645\"><strong data-start=\"7473\" data-end=\"7534\">2. Zijn deze pellets geschikt voor menselijke consumptie?<\/strong><br data-start=\"7534\" data-end=\"7537\" \/>Nee. Dit product is <strong data-start=\"7557\" data-end=\"7595\">uitsluitend bedoeld voor onderzoek<\/strong> a <strong data-start=\"7599\" data-end=\"7642\">niet goedgekeurd voor menselijk gebruik<\/strong>.<\/p>\n<p data-start=\"7647\" data-end=\"7783\"><strong data-start=\"7647\" data-end=\"7699\">3. Hoe moeten IDRA-21 Pellets worden opgeslagen?<\/strong><br data-start=\"7699\" data-end=\"7702\" \/>Bewaar koel, droog en donker, goed afgesloten en buiten bereik van onbevoegden.<\/p>\n<p class=\"ds-markdown-paragraph\">","protected":false},"excerpt":{"rendered":"<h3>IDRA-21 Pellets eigenschappen<\/h3>\n<p><strong>Synoniem<\/strong>: 7-chloro-3-methyl-3,4-dihydro-2H-1,2,4-benzothiadiazine 1,1-dioxide<br \/>\n<strong>CAS<\/strong> <strong>Nummer<\/strong>: 22503-72-6<br \/>\n<strong>Formule<\/strong>: C8H9ClN2O2S<br \/>\n<strong>Molmassa<\/strong>: 232.6 g\/mol<br \/>\n<strong>Zuiverheid<\/strong>: &gt;97%<\/p>","protected":false},"featured_media":465,"comment_status":"closed","ping_status":"closed","template":"","meta":[],"product_brand":[],"product_cat":[291,292,68,71],"product_tag":[976,22],"class_list":{"0":"post-435","1":"product","2":"type-product","3":"status-publish","4":"has-post-thumbnail","6":"product_cat-idra-21","7":"product_cat-idra-21-10-mg-pellets","8":"product_cat-nootropics","9":"product_cat-pellets","10":"product_tag-idra-21-10-mg-pellets","11":"product_tag-nl","13":"first","14":"instock","15":"shipping-taxable","16":"purchasable","17":"product-type-variable"},"_links":{"self":[{"href":"https:\/\/chemicalshoppers.com\/cs\/wp-json\/wp\/v2\/product\/435","targetHints":{"allow":["GET"]}}],"collection":[{"href":"https:\/\/chemicalshoppers.com\/cs\/wp-json\/wp\/v2\/product"}],"about":[{"href":"https:\/\/chemicalshoppers.com\/cs\/wp-json\/wp\/v2\/types\/product"}],"replies":[{"embeddable":true,"href":"https:\/\/chemicalshoppers.com\/cs\/wp-json\/wp\/v2\/comments?post=435"}],"version-history":[{"count":1,"href":"https:\/\/chemicalshoppers.com\/cs\/wp-json\/wp\/v2\/product\/435\/revisions"}],"predecessor-version":[{"id":16682,"href":"https:\/\/chemicalshoppers.com\/cs\/wp-json\/wp\/v2\/product\/435\/revisions\/16682"}],"wp:featuredmedia":[{"embeddable":true,"href":"https:\/\/chemicalshoppers.com\/cs\/wp-json\/wp\/v2\/media\/465"}],"wp:attachment":[{"href":"https:\/\/chemicalshoppers.com\/cs\/wp-json\/wp\/v2\/media?parent=435"}],"wp:term":[{"taxonomy":"product_brand","embeddable":true,"href":"https:\/\/chemicalshoppers.com\/cs\/wp-json\/wp\/v2\/product_brand?post=435"},{"taxonomy":"product_cat","embeddable":true,"href":"https:\/\/chemicalshoppers.com\/cs\/wp-json\/wp\/v2\/product_cat?post=435"},{"taxonomy":"product_tag","embeddable":true,"href":"https:\/\/chemicalshoppers.com\/cs\/wp-json\/wp\/v2\/product_tag?post=435"}],"curies":[{"name":"wp","href":"https:\/\/api.w.org\/{rel}","templated":true}]}}