{"id":671,"date":"2026-02-09T11:54:47","date_gmt":"2026-02-09T11:54:47","guid":{"rendered":"https:\/\/chemicalshoppers.com\/?post_type=product&#038;p=671"},"modified":"2026-02-13T13:14:54","modified_gmt":"2026-02-13T13:14:54","slug":"purple-mandala-mix","status":"publish","type":"product","link":"https:\/\/chemicalshoppers.com\/cs\/produkt\/purple-mandala-mix\/","title":{"rendered":"Purple Mandala Mix"},"content":{"rendered":"<p data-start=\"4859\" data-end=\"5081\"><strong data-start=\"4859\" data-end=\"4881\">Purple Mandala Mix<\/strong> is een <strong data-start=\"4889\" data-end=\"4916\">analytische mengformule<\/strong> die wordt gebruikt in <strong data-start=\"4939\" data-end=\"4979\">forensische en chemische laboratoria<\/strong>.<br data-start=\"4980\" data-end=\"4983\" \/>Het dient als <strong data-start=\"4997\" data-end=\"5018\">referentiemengsel<\/strong> voor <strong data-start=\"5024\" data-end=\"5078\">kalibratie, methodenvalidatie en detectieonderzoek<\/strong>. purple mandala<\/p>\n<p data-start=\"5083\" data-end=\"5347\">De formule ondersteunt onderzoekers bij het bestuderen van <strong data-start=\"5142\" data-end=\"5219\">chemische identificatie, vergelijkende analyse en spectrale interpretatie<\/strong>.<br data-start=\"5220\" data-end=\"5223\" \/>Het is <strong data-start=\"5230\" data-end=\"5285\">uitsluitend bedoeld voor wetenschappelijk onderzoek<\/strong> a <strong data-start=\"5289\" data-end=\"5346\">niet geschikt voor menselijke of dierlijke consumptie<\/strong>.<\/p>\n<hr data-start=\"5349\" data-end=\"5352\" \/>\n<h3 data-start=\"5354\" data-end=\"5385\"><strong data-start=\"5358\" data-end=\"5385\">Belangrijkste Kenmerken<\/strong><\/h3>\n<ul data-start=\"5387\" data-end=\"5839\">\n<li style=\"list-style-type: none;\">\n<ul data-start=\"5387\" data-end=\"5839\">\n<li data-start=\"5387\" data-end=\"5473\">\n<p data-start=\"5389\" data-end=\"5473\"><strong data-start=\"5389\" data-end=\"5409\">Hoge Zuiverheid:<\/strong> Geproduceerd onder gecontroleerde laboratoriumomstandigheden.<\/p>\n<\/li>\n<\/ul>\n<\/li>\n<\/ul>\n<ul data-start=\"5387\" data-end=\"5839\">\n<li data-start=\"5474\" data-end=\"5570\">\n<p data-start=\"5476\" data-end=\"5570\"><strong data-start=\"5476\" data-end=\"5506\">Meervoudige Samenstelling:<\/strong> Ontworpen voor geavanceerde chemische en forensische analyse.<\/p>\n<\/li>\n<li data-start=\"5571\" data-end=\"5670\">\n<p data-start=\"5573\" data-end=\"5670\"><strong data-start=\"5573\" data-end=\"5606\">Gecertificeerde Documentatie:<\/strong> Geleverd met <strong data-start=\"5620\" data-end=\"5648\">analysecertificaat (COA)<\/strong> en batchinformatie.<\/p>\n<\/li>\n<li data-start=\"5671\" data-end=\"5763\">\n<p data-start=\"5673\" data-end=\"5763\"><strong data-start=\"5673\" data-end=\"5704\">Analytisch Breed Inzetbaar:<\/strong> Geschikt voor <strong data-start=\"5719\" data-end=\"5728\">GC-MS<\/strong>, <strong data-start=\"5730\" data-end=\"5738\">HPLC<\/strong>, en <strong data-start=\"5743\" data-end=\"5751\">FTIR<\/strong> analyses.<\/p>\n<\/li>\n<li data-start=\"5764\" data-end=\"5839\">\n<p data-start=\"5766\" data-end=\"5839\"><strong data-start=\"5766\" data-end=\"5787\">Stabiele Formule:<\/strong> Behoudt stabiliteit bij correcte opslagcondities.<\/p>\n<\/li>\n<\/ul>\n<hr data-start=\"5841\" data-end=\"5844\" \/>\n<h3 data-start=\"5846\" data-end=\"5863\"><strong data-start=\"5850\" data-end=\"5863\">Voordelen<\/strong><\/h3>\n<ul data-start=\"5865\" data-end=\"6279\">\n<li data-start=\"5865\" data-end=\"5953\">\n<p data-start=\"5867\" data-end=\"5953\"><strong data-start=\"5867\" data-end=\"5894\">Forensische Toepassing:<\/strong> Ondersteunt de identificatie van chemische verbindingen.<\/p>\n<\/li>\n<li data-start=\"5954\" data-end=\"6043\">\n<p data-start=\"5956\" data-end=\"6043\"><strong data-start=\"5956\" data-end=\"5983\">Betrouwbare Kalibratie:<\/strong> Zorgt voor consistente en reproduceerbare meetresultaten.<\/p>\n<\/li>\n<li data-start=\"6044\" data-end=\"6121\">\n<p data-start=\"6046\" data-end=\"6121\"><strong data-start=\"6046\" data-end=\"6068\">Educatieve Waarde:<\/strong> Geschikt voor academische en opleidingsdoeleinden.<\/p>\n<\/li>\n<li data-start=\"6122\" data-end=\"6221\">\n<p data-start=\"6124\" data-end=\"6221\"><strong data-start=\"6124\" data-end=\"6158\">Voldoet aan Veiligheidsnormen:<\/strong> Geproduceerd volgens internationale laboratoriumrichtlijnen.<\/p>\n<\/li>\n<li data-start=\"6222\" data-end=\"6279\">\n<p data-start=\"6224\" data-end=\"6279\"><strong data-start=\"6224\" data-end=\"6251\">Volledige Documentatie:<\/strong> Geleverd met MSDS en COA.<\/p>\n<\/li>\n<\/ul>\n<hr data-start=\"6281\" data-end=\"6284\" \/>\n<h3 data-start=\"6286\" data-end=\"6347\"><strong data-start=\"6290\" data-end=\"6347\">Gebruiksaanwijzing (Alleen voor Onderzoeksdoeleinden)<\/strong><\/h3>\n<ol data-start=\"6349\" data-end=\"6683\">\n<li data-start=\"6349\" data-end=\"6446\">\n<p data-start=\"6352\" data-end=\"6446\"><strong data-start=\"6352\" data-end=\"6370\">Voorbereiding:<\/strong> Gebruik alleen in erkende laboratoria met geschikte beschermingsmiddelen.<\/p>\n<\/li>\n<li data-start=\"6447\" data-end=\"6528\">\n<p data-start=\"6450\" data-end=\"6528\"><strong data-start=\"6450\" data-end=\"6465\">Toepassing:<\/strong> Gebruik voor analytische kalibratie of methodenvergelijking.<\/p>\n<\/li>\n<li data-start=\"6529\" data-end=\"6592\">\n<p data-start=\"6532\" data-end=\"6592\"><strong data-start=\"6532\" data-end=\"6543\">Opslag:<\/strong> Bewaar koel, droog en donker, goed afgesloten.<\/p>\n<\/li>\n<li data-start=\"6593\" data-end=\"6683\">\n<p data-start=\"6596\" data-end=\"6683\"><strong data-start=\"6596\" data-end=\"6607\">Afvoer:<\/strong> Verwerk restanten volgens lokale voorschriften voor chemisch afvalbeheer.<\/p>\n<\/li>\n<\/ol>\n<hr data-start=\"6685\" data-end=\"6688\" \/>\n<h3 data-start=\"6690\" data-end=\"6724\"><strong data-start=\"6694\" data-end=\"6724\">Veiligheid en Conformiteit<\/strong><\/h3>\n<ul data-start=\"6726\" data-end=\"7124\">\n<li data-start=\"6726\" data-end=\"6821\">\n<p data-start=\"6728\" data-end=\"6821\"><strong data-start=\"6728\" data-end=\"6764\">Alleen voor Laboratoriumgebruik:<\/strong> Niet geschikt voor menselijke of dierlijke consumptie.<\/p>\n<\/li>\n<li data-start=\"6822\" data-end=\"6915\">\n<p data-start=\"6824\" data-end=\"6915\"><strong data-start=\"6824\" data-end=\"6852\">Wettelijke Overwegingen:<\/strong> Controleer altijd de lokale wetgeving voor gebruik of bezit.<\/p>\n<\/li>\n<li data-start=\"6916\" data-end=\"6999\">\n<p data-start=\"6918\" data-end=\"6999\"><strong data-start=\"6918\" data-end=\"6946\">Gezondheid &amp; Veiligheid:<\/strong> Vermijd contact of inademing; draag geschikte PBM.<\/p>\n<\/li>\n<li data-start=\"7000\" data-end=\"7124\">\n<p data-start=\"7002\" data-end=\"7124\"><strong data-start=\"7002\" data-end=\"7019\">Documentatie:<\/strong> Een <strong data-start=\"7024\" data-end=\"7060\">veiligheidsinformatieblad (MSDS)<\/strong> a <strong data-start=\"7064\" data-end=\"7092\">analysecertificaat (COA)<\/strong> zijn beschikbaar op aanvraag.<\/p>\n<\/li>\n<\/ul>\n<hr data-start=\"7126\" data-end=\"7129\" \/>\n<h3 data-start=\"7131\" data-end=\"7166\"><strong data-start=\"7135\" data-end=\"7166\">\u010casto kladen\u00e9 ot\u00e1zky (FAQ)<\/strong><\/h3>\n<p data-start=\"7168\" data-end=\"7323\"><strong data-start=\"7168\" data-end=\"7218\">1. Waarvoor wordt Purple Mandala Mix gebruikt?<\/strong><br data-start=\"7218\" data-end=\"7221\" \/>Purple Mandala Mix wordt gebruikt als <strong data-start=\"7259\" data-end=\"7282\">referentiemateriaal<\/strong> in forensisch en analytisch onderzoek.<\/p>\n<p data-start=\"7325\" data-end=\"7501\"><strong data-start=\"7325\" data-end=\"7390\">2. Is Purple Mandala Mix geschikt voor menselijke consumptie?<\/strong><br data-start=\"7390\" data-end=\"7393\" \/>Nee. Dit product is <strong data-start=\"7413\" data-end=\"7451\">uitsluitend bedoeld voor onderzoek<\/strong> a <strong data-start=\"7455\" data-end=\"7498\">niet goedgekeurd voor menselijk gebruik<\/strong>.<\/p>\n<p data-start=\"7503\" data-end=\"7640\"><strong data-start=\"7503\" data-end=\"7556\">3. Hoe moet Purple Mandala Mix worden opgeslagen?<\/strong><br data-start=\"7556\" data-end=\"7559\" \/>Bewaar koel, droog en donker, goed afgesloten en buiten bereik van onbevoegden.<\/p>","protected":false},"excerpt":{"rendered":"<h3><span style=\"vertical-align: inherit;\"><span style=\"vertical-align: inherit;\"><span dir=\"auto\" style=\"vertical-align: inherit;\"><span dir=\"auto\" style=\"vertical-align: inherit;\">Purple Mandala properties:<\/span><\/span><\/span><\/span><\/h3>\n<ul>\n<li><span style=\"vertical-align: inherit;\"><span style=\"vertical-align: inherit;\"><span dir=\"auto\" style=\"vertical-align: inherit;\"><span dir=\"auto\" style=\"vertical-align: inherit;\">90 MG 5-MAPB<\/span><\/span><\/span><\/span><\/li>\n<li><span style=\"vertical-align: inherit;\"><span style=\"vertical-align: inherit;\"><span dir=\"auto\" style=\"vertical-align: inherit;\"><span dir=\"auto\" style=\"vertical-align: inherit;\">45 MG 4-FMA<\/span><\/span><\/span><\/span><\/li>\n<\/ul>","protected":false},"featured_media":699,"comment_status":"closed","ping_status":"closed","template":"","meta":[],"product_brand":[],"product_cat":[89,136,25,17,32,306,307,308,26],"product_tag":[22,309,310],"class_list":{"0":"post-671","1":"product","2":"type-product","3":"status-publish","4":"has-post-thumbnail","6":"product_cat-4-fma","7":"product_cat-5-mapb","8":"product_cat-benzofuran","9":"product_cat-bijna-verboden","10":"product_cat-gefluoreerden","11":"product_cat-liquid-rc","12":"product_cat-mandala-mixes","13":"product_cat-purple-mandala","14":"product_cat-sale","15":"product_tag-nl","16":"product_tag-purple-mandala","17":"product_tag-purple-mandala-kopen","19":"first","20":"instock","21":"sale","22":"shipping-taxable","23":"purchasable","24":"product-type-variable"},"_links":{"self":[{"href":"https:\/\/chemicalshoppers.com\/cs\/wp-json\/wp\/v2\/product\/671","targetHints":{"allow":["GET"]}}],"collection":[{"href":"https:\/\/chemicalshoppers.com\/cs\/wp-json\/wp\/v2\/product"}],"about":[{"href":"https:\/\/chemicalshoppers.com\/cs\/wp-json\/wp\/v2\/types\/product"}],"replies":[{"embeddable":true,"href":"https:\/\/chemicalshoppers.com\/cs\/wp-json\/wp\/v2\/comments?post=671"}],"version-history":[{"count":1,"href":"https:\/\/chemicalshoppers.com\/cs\/wp-json\/wp\/v2\/product\/671\/revisions"}],"predecessor-version":[{"id":16642,"href":"https:\/\/chemicalshoppers.com\/cs\/wp-json\/wp\/v2\/product\/671\/revisions\/16642"}],"wp:featuredmedia":[{"embeddable":true,"href":"https:\/\/chemicalshoppers.com\/cs\/wp-json\/wp\/v2\/media\/699"}],"wp:attachment":[{"href":"https:\/\/chemicalshoppers.com\/cs\/wp-json\/wp\/v2\/media?parent=671"}],"wp:term":[{"taxonomy":"product_brand","embeddable":true,"href":"https:\/\/chemicalshoppers.com\/cs\/wp-json\/wp\/v2\/product_brand?post=671"},{"taxonomy":"product_cat","embeddable":true,"href":"https:\/\/chemicalshoppers.com\/cs\/wp-json\/wp\/v2\/product_cat?post=671"},{"taxonomy":"product_tag","embeddable":true,"href":"https:\/\/chemicalshoppers.com\/cs\/wp-json\/wp\/v2\/product_tag?post=671"}],"curies":[{"name":"wp","href":"https:\/\/api.w.org\/{rel}","templated":true}]}}