{"id":1563,"date":"2026-02-09T11:56:55","date_gmt":"2026-02-09T11:56:55","guid":{"rendered":"https:\/\/chemicalshoppers.com\/?post_type=product&#038;p=1563"},"modified":"2026-02-12T13:18:48","modified_gmt":"2026-02-12T13:18:48","slug":"1p-lsd","status":"publish","type":"product","link":"https:\/\/chemicalshoppers.com\/da\/produkt\/1p-lsd\/","title":{"rendered":"1P LSD 20 MCG Blotters"},"content":{"rendered":"<h3 data-start=\"4025\" data-end=\"4046\"><strong data-start=\"4029\" data-end=\"4044\">Introduktion<\/strong><\/h3>\n<div class=\"sm-table-layout__cell sm-table-layout__cell_align_left sm-table-layout__cell_fixed-cell_phrase\" role=\"cell\" data-testid=\"table-cell-keyword\">\n<div class=\"sm-cell-phrase\"><span class=\"___SBox_epc1q-kmt_ ___SText_zko9t-kmt_\" data-ui-name=\"Link.Text\">1p lsd, <\/span><strong data-start=\"4047\" data-end=\"4073\">1P-LSD 20 mcg Blotters<\/strong> zijn nauwkeurig gedoseerde onderzoeks\u00admaterialen die 1-propionyl-lyserginezuur-di-ethylamide bevatten \u2014 een lysergamide-verbinding die structureel verwant is aan LSD. Deze blotters zijn uitsluitend bedoeld voor <strong data-start=\"4285\" data-end=\"4329\">analytisch en wetenschappelijk onderzoek<\/strong>, niet voor menselijke consumptie. 1p lsd kopen<\/div>\n<\/div>\n<p data-start=\"4047\" data-end=\"4520\">Elke blotter bevat een uniforme dosis van 20 microgram, wat zorgt voor betrouwbare, reproduceerbare resultaten in gecontroleerde laboratoriumomgevingen.<\/p>\n<p data-start=\"4522\" data-end=\"4682\">Voor onderzoekers die <strong data-start=\"4544\" data-end=\"4560\">1P-LSD kopen<\/strong> voor legitieme onderzoeksdoeleinden, bieden deze blotters gegarandeerde zuiverheid, stabiliteit en consistente kwaliteit.<\/p>\n<hr data-start=\"4684\" data-end=\"4687\" \/>\n<h3 data-start=\"4689\" data-end=\"4720\"><strong data-start=\"4693\" data-end=\"4720\">Vigtige funktioner<\/strong><\/h3>\n<ul data-start=\"4722\" data-end=\"5284\">\n<li data-start=\"4722\" data-end=\"4833\">\n<p data-start=\"4724\" data-end=\"4833\"><strong data-start=\"4724\" data-end=\"4751\">Precieze 20 \u00b5g Dosering<\/strong> \u2013 Elke blotter bevat exact 20 microgram 1P-LSD voor micro-analytisch onderzoek.<\/p>\n<\/li>\n<li data-start=\"4834\" data-end=\"4956\">\n<p data-start=\"4836\" data-end=\"4956\"><strong data-start=\"4836\" data-end=\"4870\">Hoge Zuiverheid &amp; Uniformiteit<\/strong> \u2013 Geproduceerd volgens onderzoeksnormen, met analysecertificaten (COA) beschikbaar.<\/p>\n<\/li>\n<li data-start=\"4957\" data-end=\"5080\">\n<p data-start=\"4959\" data-end=\"5080\"><strong data-start=\"4959\" data-end=\"4978\">Stabiel Formaat<\/strong> \u2013 Het papiermedium zorgt voor een langere houdbaarheid en gelijkmatige verdeling van de verbinding.<\/p>\n<\/li>\n<li data-start=\"5081\" data-end=\"5195\">\n<p data-start=\"5083\" data-end=\"5195\"><strong data-start=\"5083\" data-end=\"5117\">Alleen voor Analytisch Gebruik<\/strong> \u2013 Geschikt voor chromatografie, spectroscopie en receptorbindingsonderzoek.<\/p>\n<\/li>\n<li data-start=\"5196\" data-end=\"5284\">\n<p data-start=\"5198\" data-end=\"5284\"><strong data-start=\"5198\" data-end=\"5220\">Sikker emballage<\/strong> \u2013 Licht- en vochtbestendig verpakt voor maximale stabiliteit.<\/p>\n<\/li>\n<\/ul>\n<hr data-start=\"5286\" data-end=\"5289\" \/>\n<h3 data-start=\"5291\" data-end=\"5308\"><strong data-start=\"5295\" data-end=\"5308\">Fordele<\/strong><\/h3>\n<ul data-start=\"5310\" data-end=\"5797\">\n<li data-start=\"5310\" data-end=\"5413\">\n<p data-start=\"5312\" data-end=\"5413\"><strong data-start=\"5312\" data-end=\"5348\">Betrouwbare Onderzoeksresultaten<\/strong> \u2013 Gestandaardiseerde dosering garandeert herhaalbare metingen.<\/p>\n<\/li>\n<li data-start=\"5414\" data-end=\"5542\">\n<p data-start=\"5416\" data-end=\"5542\"><strong data-start=\"5416\" data-end=\"5442\">Vergelijkend Onderzoek<\/strong> \u2013 Geschikt voor het bestuderen van structurele en farmacologische eigenschappen van lysergamiden.<\/p>\n<\/li>\n<li data-start=\"5543\" data-end=\"5666\">\n<p data-start=\"5545\" data-end=\"5666\"><strong data-start=\"5545\" data-end=\"5579\">Onderwijs &amp; Laboratoriumwaarde<\/strong> \u2013 Ondersteunt farmacologisch en neurochemisch onderzoek binnen erkende instellingen.<\/p>\n<\/li>\n<li data-start=\"5667\" data-end=\"5797\">\n<p data-start=\"5669\" data-end=\"5797\"><strong data-start=\"5669\" data-end=\"5697\">Precisie op Micro-niveau<\/strong> \u2013 De 20 mcg sterkte is ideaal voor fijnanalytische testen en kalibratie van onderzoeksapparatuur.<\/p>\n<\/li>\n<\/ul>\n<hr data-start=\"5799\" data-end=\"5802\" \/>\n<h3 data-start=\"5804\" data-end=\"5845\"><strong data-start=\"5808\" data-end=\"5843\">Gebruik (Alleen voor Onderzoek)<\/strong><\/h3>\n<blockquote data-start=\"5847\" data-end=\"6001\">\n<p data-start=\"5849\" data-end=\"6001\">\u26a0\ufe0f <strong data-start=\"5852\" data-end=\"5863\">Let op:<\/strong> 1P-LSD 20 mcg Blotters zijn <strong data-start=\"5892\" data-end=\"5924\">niet bedoeld voor consumptie<\/strong>. Alleen gebruiken in een laboratoriumomgeving door gekwalificeerd personeel.<\/p>\n<\/blockquote>\n<ol data-start=\"6003\" data-end=\"6485\">\n<li data-start=\"6003\" data-end=\"6102\">\n<p data-start=\"6006\" data-end=\"6102\"><strong data-start=\"6006\" data-end=\"6020\">Han\u00adtering<\/strong> \u2013 Draag handschoenen en gebruik schone instrumenten om besmetting te voorkomen.<\/p>\n<\/li>\n<li data-start=\"6103\" data-end=\"6185\">\n<p data-start=\"6106\" data-end=\"6185\"><strong data-start=\"6106\" data-end=\"6118\">M\u00e5linger<\/strong> \u2013 Noteer batchnummer, zuiverheid en testresultaten v\u00f3\u00f3r analyse.<\/p>\n<\/li>\n<li data-start=\"6186\" data-end=\"6295\">\n<p data-start=\"6189\" data-end=\"6295\"><strong data-start=\"6189\" data-end=\"6199\">Opbevaring<\/strong> \u2013 Bewaar droog, afgesloten en uit het licht; koel bewaren (2\u20138 \u00b0C) voor maximale stabiliteit.<\/p>\n<\/li>\n<li data-start=\"6296\" data-end=\"6402\">\n<p data-start=\"6299\" data-end=\"6402\"><strong data-start=\"6299\" data-end=\"6310\">Analyse<\/strong> \u2013 Geschikt voor massaspectrometrie, HPLC, UV-Vis-spectroscopie of receptorbindingsassays.<\/p>\n<\/li>\n<li data-start=\"6403\" data-end=\"6485\">\n<p data-start=\"6406\" data-end=\"6485\"><strong data-start=\"6406\" data-end=\"6422\">Documentatie<\/strong> \u2013 Bewaar alle testgegevens voor naleving en traceerbaarheid.<\/p>\n<\/li>\n<\/ol>\n<hr data-start=\"6487\" data-end=\"6490\" \/>\n<h3 data-start=\"6492\" data-end=\"6527\"><strong data-start=\"6496\" data-end=\"6525\">Veelgestelde Vragen (FAQ)<\/strong><\/h3>\n<p data-start=\"6529\" data-end=\"6733\"><strong data-start=\"6529\" data-end=\"6550\">1. Wat is 1P-LSD?<\/strong><br data-start=\"6550\" data-end=\"6553\" \/>1P-LSD (1-propionyl-lyserginezuur-di-ethylamide) is een lysergamide die structureel verwant is aan LSD en wordt gebruikt in wetenschappelijk onderzoek naar serotonine-receptoren.<\/p>\n<p data-start=\"6735\" data-end=\"6954\"><strong data-start=\"6735\" data-end=\"6783\">2. Waarvoor worden 1P-LSD blotters gebruikt?<\/strong><br data-start=\"6783\" data-end=\"6786\" \/>Disse blotters er udelukkende beregnet til <strong data-start=\"6830\" data-end=\"6882\">chemisch, analytisch en farmacologisch onderzoek<\/strong> naar bindingsaffiniteit, stabiliteit of structuur-activiteitrelaties.<\/p>\n<p data-start=\"6956\" data-end=\"7222\"><strong data-start=\"6956\" data-end=\"7013\">3. Is het legaal om 1P-LSD te kopen (\u201c1P-LSD kopen\u201d)?<\/strong><br data-start=\"7013\" data-end=\"7016\" \/>De legaliteit verschilt per land. In sommige landen valt 1P-LSD onder onderzoekschemicali\u00ebn, terwijl het elders onder de Opiumwet kan vallen. Controleer altijd de lokale wetgeving v\u00f3\u00f3r aanschaf of import. <a href=\"https:\/\/chemicalshoppers.com\/da\/shop\/okategoriserad\/4mmc-kopen\/\">4mmc kopen<\/a><a href=\"https:\/\/chemicalshoppers.com\/da\/shop\/okategoriserad\/benzocaine-powder\/\">benzocaine powder<\/a><a href=\"https:\/\/chemicalshoppers.com\/da\/shop\/okategoriserad\/fentanyl-kopen\/\">fentanyl kopen\u200b<\/a><\/p>","protected":false},"excerpt":{"rendered":"<h2>1P-LSD blotters eigenschappen<\/h2>\n<p><strong>Synoniemen<\/strong>: N,N-diethyl-7-methyl-4-propanoyl-6,6a,8,9-tetrahydroindolo [4,3-fg]chinoline-9-carboxamide<br \/>\n<strong>CAS Nummer<\/strong>: 2349358-81-0<br \/>\n<strong>Formule<\/strong>: C23H29N3O2<br \/>\n<strong>Molmassa<\/strong>: 379,5 g\/mol<br \/>\n<strong>Zuiverheid<\/strong>: \u226599,3%<\/p>\n","protected":false},"featured_media":1587,"comment_status":"closed","ping_status":"closed","template":"","meta":[],"product_brand":[23],"product_cat":[46],"product_tag":[272,273,691,47,48,49,450,22],"class_list":{"0":"post-1563","1":"product","2":"type-product","3":"status-publish","4":"has-post-thumbnail","6":"product_brand-research-chemical","7":"product_cat-lysergamides","8":"product_tag-1p-lsd","9":"product_tag-1p-lsd-kopen","10":"product_tag-blotter","11":"product_tag-blotters","12":"product_tag-lsd","13":"product_tag-lsd-blotter","14":"product_tag-microdose-1p-lsd","15":"product_tag-nl","17":"first","18":"instock","19":"shipping-taxable","20":"purchasable","21":"product-type-variable"},"_links":{"self":[{"href":"https:\/\/chemicalshoppers.com\/da\/wp-json\/wp\/v2\/product\/1563","targetHints":{"allow":["GET"]}}],"collection":[{"href":"https:\/\/chemicalshoppers.com\/da\/wp-json\/wp\/v2\/product"}],"about":[{"href":"https:\/\/chemicalshoppers.com\/da\/wp-json\/wp\/v2\/types\/product"}],"replies":[{"embeddable":true,"href":"https:\/\/chemicalshoppers.com\/da\/wp-json\/wp\/v2\/comments?post=1563"}],"version-history":[{"count":1,"href":"https:\/\/chemicalshoppers.com\/da\/wp-json\/wp\/v2\/product\/1563\/revisions"}],"predecessor-version":[{"id":16474,"href":"https:\/\/chemicalshoppers.com\/da\/wp-json\/wp\/v2\/product\/1563\/revisions\/16474"}],"wp:featuredmedia":[{"embeddable":true,"href":"https:\/\/chemicalshoppers.com\/da\/wp-json\/wp\/v2\/media\/1587"}],"wp:attachment":[{"href":"https:\/\/chemicalshoppers.com\/da\/wp-json\/wp\/v2\/media?parent=1563"}],"wp:term":[{"taxonomy":"product_brand","embeddable":true,"href":"https:\/\/chemicalshoppers.com\/da\/wp-json\/wp\/v2\/product_brand?post=1563"},{"taxonomy":"product_cat","embeddable":true,"href":"https:\/\/chemicalshoppers.com\/da\/wp-json\/wp\/v2\/product_cat?post=1563"},{"taxonomy":"product_tag","embeddable":true,"href":"https:\/\/chemicalshoppers.com\/da\/wp-json\/wp\/v2\/product_tag?post=1563"}],"curies":[{"name":"wp","href":"https:\/\/api.w.org\/{rel}","templated":true}]}}