{"id":1089,"date":"2026-02-09T11:55:47","date_gmt":"2026-02-09T11:55:47","guid":{"rendered":"https:\/\/chemicalshoppers.com\/?post_type=product&#038;p=1089"},"modified":"2026-02-13T11:51:11","modified_gmt":"2026-02-13T11:51:11","slug":"rc-deschloroetizolam-5mg-box","status":"publish","type":"product","link":"https:\/\/chemicalshoppers.com\/es\/producto\/rc-deschloroetizolam-5mg-box\/","title":{"rendered":"RC+ DescloroEtizolam 5mg Caja"},"content":{"rendered":"<h3 data-start=\"4306\" data-end=\"4325\"><strong data-start=\"4310\" data-end=\"4325\">Introducci\u00f3n<\/strong><\/h3>\n<p data-start=\"4326\" data-end=\"4829\">En <strong data-start=\"4329\" data-end=\"4362\">RC+ DescloroEtizolam 5mg Caja<\/strong> es un <strong data-start=\"4370\" data-end=\"4403\">compuesto de investigaci\u00f3n de gran pureza<\/strong> del <strong data-start=\"4411\" data-end=\"4437\">familia de las tienodiazepinas<\/strong>, estructuralmente relacionado con el Etizolam pero sin el \u00e1tomo de cloro. Desarrollado para <strong data-start=\"4517\" data-end=\"4570\">investigaci\u00f3n de laboratorio y aplicaciones anal\u00edticas<\/strong>, Este producto ofrece una calidad y estabilidad constantes para experimentos neurofarmacol\u00f3gicos avanzados. Cada comprimido de 5 mg est\u00e1 formulado con precisi\u00f3n de acuerdo con las normas cient\u00edficas modernas, para obtener resultados fiables en una variedad de modelos de investigaci\u00f3n.<\/p>\n<hr data-start=\"4831\" data-end=\"4834\" \/>\n<h3 data-start=\"4836\" data-end=\"4867\"><strong data-start=\"4840\" data-end=\"4867\">Caracter\u00edsticas principales<\/strong><\/h3>\n<ul data-start=\"4868\" data-end=\"5516\">\n<li data-start=\"4868\" data-end=\"4996\">\n<p data-start=\"4870\" data-end=\"4996\"><strong data-start=\"4870\" data-end=\"4897\">Pureza y precisi\u00f3n:<\/strong> Cada comprimido contiene <strong data-start=\"4916\" data-end=\"4941\">5mg DescloroEtizolam<\/strong>, producidos con arreglo a las normas anal\u00edticas m\u00e1s estrictas.<\/p>\n<\/li>\n<li data-start=\"4997\" data-end=\"5145\">\n<p data-start=\"4999\" data-end=\"5145\"><strong data-start=\"4999\" data-end=\"5025\">Calidad de laboratorio:<\/strong> Destinado exclusivamente a <strong data-start=\"5051\" data-end=\"5092\">fines de investigaci\u00f3n y an\u00e1lisis<\/strong>; no apto para uso humano o animal.<\/p>\n<\/li>\n<li data-start=\"5146\" data-end=\"5264\">\n<p data-start=\"5148\" data-end=\"5264\"><strong data-start=\"5148\" data-end=\"5171\">Envasado seguro:<\/strong> Se suministra en un <strong data-start=\"5188\" data-end=\"5224\">caja sellada resistente a la humedad<\/strong> para mantener la integridad qu\u00edmica.<\/p>\n<\/li>\n<li data-start=\"5265\" data-end=\"5391\">\n<p data-start=\"5267\" data-end=\"5391\"><strong data-start=\"5267\" data-end=\"5300\">Autenticidad verificada:<\/strong> Etiquetado claro, n\u00famero de lote y alertas de laboratorio para la trazabilidad.<\/p>\n<\/li>\n<li data-start=\"5392\" data-end=\"5516\">\n<p data-start=\"5394\" data-end=\"5516\"><strong data-start=\"5394\" data-end=\"5422\">Composici\u00f3n constante:<\/strong> Producido bajo estrictos controles de calidad para una dosificaci\u00f3n y estabilidad fiables.<\/p>\n<\/li>\n<\/ul>\n<hr data-start=\"5518\" data-end=\"5521\" \/>\n<h3 data-start=\"5523\" data-end=\"5540\"><strong data-start=\"5527\" data-end=\"5540\">Ventajas<\/strong><\/h3>\n<ul data-start=\"5541\" data-end=\"5942\">\n<li data-start=\"5541\" data-end=\"5619\">\n<p data-start=\"5543\" data-end=\"5619\">Adecuado para <strong data-start=\"5557\" data-end=\"5583\">estudios controlados<\/strong> De las interacciones de los receptores GABA\u00e9rgicos.<\/p>\n<\/li>\n<li data-start=\"5620\" data-end=\"5690\">\n<p data-start=\"5622\" data-end=\"5690\">Aplicable en <strong data-start=\"5636\" data-end=\"5677\">conductuales, cognitivas y neuroqu\u00edmicas<\/strong> investigaci\u00f3n.<\/p>\n<\/li>\n<li data-start=\"5691\" data-end=\"5779\">\n<p data-start=\"5693\" data-end=\"5779\">Ofrece una <strong data-start=\"5703\" data-end=\"5738\">perfil estable y predecible<\/strong> Para pruebas comparativas con Etizolam.<\/p>\n<\/li>\n<li data-start=\"5780\" data-end=\"5870\">\n<p data-start=\"5782\" data-end=\"5870\">Admite <strong data-start=\"5794\" data-end=\"5832\">investigaci\u00f3n acad\u00e9mica y anal\u00edtica<\/strong> en neurociencia y farmacolog\u00eda.<\/p>\n<\/li>\n<li data-start=\"5871\" data-end=\"5942\">\n<p data-start=\"5873\" data-end=\"5942\">Garantiza <strong data-start=\"5884\" data-end=\"5919\">reproducibilidad fiable<\/strong> entre experimentos.<\/p>\n<\/li>\n<\/ul>\n<hr data-start=\"5944\" data-end=\"5947\" \/>\n<h3 data-start=\"5949\" data-end=\"5964\"><strong data-start=\"5953\" data-end=\"5964\">Utilice<\/strong><\/h3>\n<p data-start=\"5965\" data-end=\"6389\">En <strong data-start=\"5968\" data-end=\"6001\">RC+ DescloroEtizolam 5mg Caja<\/strong> est\u00e1 destinado exclusivamente a <strong data-start=\"6030\" data-end=\"6054\">fines de investigaci\u00f3n<\/strong>. Los investigadores deben manipular el producto con <strong data-start=\"6104\" data-end=\"6131\">equipo de protecci\u00f3n<\/strong> (guantes, gafas, bata de laboratorio) y medir con <strong data-start=\"6197\" data-end=\"6227\">instrumentos calibrados<\/strong>. Almacenar en un <strong data-start=\"6243\" data-end=\"6277\">lugar fresco, seco y oscuro<\/strong>, preferiblemente bajo <strong data-start=\"6298\" data-end=\"6306\">25\u00b0C<\/strong>, para garantizar la estabilidad. Evite la exposici\u00f3n a la luz solar, la humedad o el aire.<\/p>\n<hr data-start=\"6391\" data-end=\"6394\" \/>\n<h3 data-start=\"6396\" data-end=\"6425\"><strong data-start=\"6400\" data-end=\"6425\">Informaci\u00f3n de seguridad<\/strong><\/h3>\n<ul data-start=\"6426\" data-end=\"6625\">\n<li data-start=\"6426\" data-end=\"6466\">\n<p data-start=\"6428\" data-end=\"6466\">S\u00f3lo para <strong data-start=\"6440\" data-end=\"6463\">uso en laboratorio<\/strong>.<\/p>\n<\/li>\n<li data-start=\"6467\" data-end=\"6507\">\n<p data-start=\"6469\" data-end=\"6507\"><strong data-start=\"6469\" data-end=\"6504\">No apto para el consumo humano<\/strong>.<\/p>\n<\/li>\n<li data-start=\"6508\" data-end=\"6567\">\n<p data-start=\"6510\" data-end=\"6567\">Manejar seg\u00fan el <strong data-start=\"6529\" data-end=\"6564\">normativa local de seguridad<\/strong>.<\/p>\n<\/li>\n<li data-start=\"6568\" data-end=\"6625\">\n<p data-start=\"6570\" data-end=\"6625\">Fuera del alcance de <strong data-start=\"6588\" data-end=\"6615\">ni\u00f1os y personas no autorizadas<\/strong> mantener.<\/p>\n<\/li>\n<\/ul>\n<hr data-start=\"6627\" data-end=\"6630\" \/>\n<h3 data-start=\"6632\" data-end=\"6665\"><strong data-start=\"6636\" data-end=\"6665\">Preguntas m\u00e1s frecuentes (FAQ)<\/strong><\/h3>\n<p data-start=\"6667\" data-end=\"6871\"><strong data-start=\"6667\" data-end=\"6728\">1. \u00bfPara qu\u00e9 se utiliza la caja RC+ DescloroEtizolam 5 mg?<\/strong><br data-start=\"6728\" data-end=\"6731\" \/>Se utiliza para <strong data-start=\"6755\" data-end=\"6793\">aplicaciones de investigaci\u00f3n y an\u00e1lisis<\/strong>, en particular en el estudio de la actividad de los receptores GABA-A y la farmacolog\u00eda del comportamiento.<\/p>\n<p data-start=\"6873\" data-end=\"7060\"><strong data-start=\"6873\" data-end=\"6927\">2. \u00bfEs este producto apto para uso humano?<\/strong><br data-start=\"6927\" data-end=\"6930\" \/>No. Este producto es <strong data-start=\"6950\" data-end=\"7000\">destinados exclusivamente a pruebas de laboratorio<\/strong> y <strong data-start=\"7004\" data-end=\"7059\">no aprobado para uso humano o animal<\/strong>.<\/p>\n<p data-start=\"7062\" data-end=\"7233\"><strong data-start=\"7062\" data-end=\"7105\">3. \u00bfC\u00f3mo debe almacenarse el producto?<\/strong><br data-start=\"7105\" data-end=\"7108\" \/>Almacenar en un <strong data-start=\"7122\" data-end=\"7156\">lugar fresco, seco y oscuro<\/strong>, Protegido de la luz solar y la humedad para mantener la estabilidad qu\u00edmica.<\/p>\n<hr data-start=\"7235\" data-end=\"7238\" \/>\n<h3 data-start=\"7240\" data-end=\"7257\"><strong data-start=\"7244\" data-end=\"7257\">Conclusi\u00f3n<\/strong><\/h3>\n<p data-start=\"7258\" data-end=\"7591\">En <strong data-start=\"7261\" data-end=\"7294\">RC+ DescloroEtizolam 5mg Caja<\/strong> es un <strong data-start=\"7302\" data-end=\"7341\">una opci\u00f3n fiable para los investigadores<\/strong> que buscan un compuesto de tienodiazepina consistente y verificado. Por su pureza demostrada, su formulaci\u00f3n precisa y su envasado profesional, este producto es ideal para <strong data-start=\"7530\" data-end=\"7590\">investigaci\u00f3n neurofarmacol\u00f3gica y conductual<\/strong>.<\/p>","protected":false},"excerpt":{"rendered":"<p>Introductie De RC+ DeschloroEtizolam 5mg Box is een hoogzuiver onderzoekscompound uit de thienodiazepinefamilie, structureel verwant aan Etizolam maar zonder het<\/p>","protected":false},"featured_media":873,"comment_status":"closed","ping_status":"closed","template":"","meta":[],"product_brand":[23],"product_cat":[468],"product_tag":[352,503,504,505,506,22],"class_list":{"0":"post-1089","1":"product","2":"type-product","3":"status-publish","4":"has-post-thumbnail","6":"product_brand-research-chemical","7":"product_cat-b2b","8":"product_tag-deschloroetizolam","9":"product_tag-deschloroetizolam-ervaring","10":"product_tag-deschloroetizolam-ervaringen","11":"product_tag-deschloroetizolam-half-life","12":"product_tag-deschloroetizolam-werking","13":"product_tag-nl","15":"first","16":"instock","17":"shipping-taxable","18":"purchasable","19":"product-type-variable"},"_links":{"self":[{"href":"https:\/\/chemicalshoppers.com\/es\/wp-json\/wp\/v2\/product\/1089","targetHints":{"allow":["GET"]}}],"collection":[{"href":"https:\/\/chemicalshoppers.com\/es\/wp-json\/wp\/v2\/product"}],"about":[{"href":"https:\/\/chemicalshoppers.com\/es\/wp-json\/wp\/v2\/types\/product"}],"replies":[{"embeddable":true,"href":"https:\/\/chemicalshoppers.com\/es\/wp-json\/wp\/v2\/comments?post=1089"}],"version-history":[{"count":1,"href":"https:\/\/chemicalshoppers.com\/es\/wp-json\/wp\/v2\/product\/1089\/revisions"}],"predecessor-version":[{"id":16562,"href":"https:\/\/chemicalshoppers.com\/es\/wp-json\/wp\/v2\/product\/1089\/revisions\/16562"}],"wp:featuredmedia":[{"embeddable":true,"href":"https:\/\/chemicalshoppers.com\/es\/wp-json\/wp\/v2\/media\/873"}],"wp:attachment":[{"href":"https:\/\/chemicalshoppers.com\/es\/wp-json\/wp\/v2\/media?parent=1089"}],"wp:term":[{"taxonomy":"product_brand","embeddable":true,"href":"https:\/\/chemicalshoppers.com\/es\/wp-json\/wp\/v2\/product_brand?post=1089"},{"taxonomy":"product_cat","embeddable":true,"href":"https:\/\/chemicalshoppers.com\/es\/wp-json\/wp\/v2\/product_cat?post=1089"},{"taxonomy":"product_tag","embeddable":true,"href":"https:\/\/chemicalshoppers.com\/es\/wp-json\/wp\/v2\/product_tag?post=1089"}],"curies":[{"name":"wp","href":"https:\/\/api.w.org\/{rel}","templated":true}]}}