{"id":1270,"date":"2026-02-09T11:56:12","date_gmt":"2026-02-09T11:56:12","guid":{"rendered":"https:\/\/chemicalshoppers.com\/?post_type=product&#038;p=1270"},"modified":"2026-02-13T13:30:06","modified_gmt":"2026-02-13T13:30:06","slug":"4f-mph-15-mg-pellet","status":"publish","type":"product","link":"https:\/\/chemicalshoppers.com\/es\/producto\/4f-mph-15-mg-pellet\/","title":{"rendered":"4F MPH 15 MG Pellets (4-Fluorometilfenidato)"},"content":{"rendered":"<h3 data-start=\"4024\" data-end=\"4045\"><strong data-start=\"4028\" data-end=\"4043\">Introducci\u00f3n<\/strong><\/h3>\n<p data-start=\"4046\" data-end=\"4474\"><strong data-start=\"4046\" data-end=\"4095\">4F-MPH 15mg Pellets (4-Fluorometilfenidato)<\/strong> contienen <strong data-start=\"4105\" data-end=\"4159\">15 miligramos Clorhidrato de 4-fluorometilfenidato<\/strong>, a <strong data-start=\"4165\" data-end=\"4189\">compuesto de piperidina<\/strong> que est\u00e1 estructuralmente relacionado con <strong data-start=\"4221\" data-end=\"4249\">metilfenidato (Ritalin)<\/strong>. Comprar 4f mph<br data-start=\"4250\" data-end=\"4253\" \/>Pertenece al <strong data-start=\"4272\" data-end=\"4305\">familia de los fenidatos sustituidos<\/strong> y se utiliza en <strong data-start=\"4327\" data-end=\"4365\">investigaci\u00f3n forense y anal\u00edtica<\/strong> a <strong data-start=\"4371\" data-end=\"4414\">transportadores de dopamina y noradrenalina<\/strong>, <strong data-start=\"4416\" data-end=\"4432\">Relaciones con la RAE<\/strong> y <strong data-start=\"4436\" data-end=\"4471\">propiedades cromatogr\u00e1ficas<\/strong>.<\/p>\n<p data-start=\"4476\" data-end=\"4684\">Cada gr\u00e1nulo es <strong data-start=\"4491\" data-end=\"4519\">formulado en laboratorio<\/strong> y probado en un <strong data-start=\"4537\" data-end=\"4561\">pureza de \u2265 98%<\/strong> v\u00eda <strong data-start=\"4566\" data-end=\"4581\">HPLC y RMN<\/strong>.<br data-start=\"4582\" data-end=\"4585\" \/>En <strong data-start=\"4588\" data-end=\"4618\">dosis precisa de 15 mg<\/strong> garantiza resultados de investigaci\u00f3n reproducibles y fiables.<\/p>\n<blockquote data-start=\"4686\" data-end=\"4827\">\n<p data-start=\"4688\" data-end=\"4827\">\u26a0\ufe0f <strong data-start=\"4691\" data-end=\"4702\">Nota:<\/strong> 4F-MPH est\u00e1 destinado exclusivamente a <strong data-start=\"4738\" data-end=\"4773\">investigaci\u00f3n y uso anal\u00edtico<\/strong> \u2014 <strong data-start=\"4776\" data-end=\"4825\">no para consumo humano o animal.<\/strong><\/p>\n<\/blockquote>\n<hr data-start=\"4829\" data-end=\"4832\" \/>\n<h3 data-start=\"4834\" data-end=\"4865\"><strong data-start=\"4838\" data-end=\"4865\">Caracter\u00edsticas principales<\/strong><\/h3>\n<div class=\"_tableContainer_1rjym_1\">\n<div class=\"group _tableWrapper_1rjym_13 flex w-fit flex-col-reverse\" tabindex=\"-1\">\n<table class=\"w-fit min-w-(--thread-content-width)\" data-start=\"4867\" data-end=\"5483\">\n<thead data-start=\"4867\" data-end=\"4893\">\n<tr data-start=\"4867\" data-end=\"4893\">\n<th data-start=\"4867\" data-end=\"4877\" data-col-size=\"sm\">Caracter\u00edstica<\/th>\n<th data-start=\"4877\" data-end=\"4893\" data-col-size=\"md\">Descripci\u00f3n<\/th>\n<\/tr>\n<\/thead>\n<tbody data-start=\"4922\" data-end=\"5483\">\n<tr data-start=\"4922\" data-end=\"4983\">\n<td data-start=\"4922\" data-end=\"4943\" data-col-size=\"sm\"><strong data-start=\"4924\" data-end=\"4942\">Nombre qu\u00edmico<\/strong><\/td>\n<td data-start=\"4943\" data-end=\"4983\" data-col-size=\"md\">4-Fluorometilfenidato Clorhidrato<\/td>\n<\/tr>\n<tr data-start=\"4984\" data-end=\"5019\">\n<td data-start=\"4984\" data-end=\"5009\" data-col-size=\"sm\"><strong data-start=\"4986\" data-end=\"5008\">Nombre com\u00fan<\/strong><\/td>\n<td data-start=\"5009\" data-end=\"5019\" data-col-size=\"md\">4F-MPH<\/td>\n<\/tr>\n<tr data-start=\"5020\" data-end=\"5062\">\n<td data-start=\"5020\" data-end=\"5044\" data-col-size=\"sm\"><strong data-start=\"5022\" data-end=\"5043\">F\u00f3rmula qu\u00edmica<\/strong><\/td>\n<td data-start=\"5044\" data-end=\"5062\" data-col-size=\"md\">C\u2081\u2084H\u2081\u2088FNO\u2082-HCl<\/td>\n<\/tr>\n<tr data-start=\"5063\" data-end=\"5101\">\n<td data-start=\"5063\" data-end=\"5085\" data-col-size=\"sm\"><strong data-start=\"5065\" data-end=\"5084\">Peso molecular<\/strong><\/td>\n<td data-start=\"5085\" data-end=\"5101\" data-col-size=\"md\">287,76 g\/mol<\/td>\n<\/tr>\n<tr data-start=\"5102\" data-end=\"5136\">\n<td data-start=\"5102\" data-end=\"5117\" data-col-size=\"sm\"><strong data-start=\"5104\" data-end=\"5116\">Dosificaci\u00f3n<\/strong><\/td>\n<td data-start=\"5117\" data-end=\"5136\" data-col-size=\"md\">15 mg por gr\u00e1nulo<\/td>\n<\/tr>\n<tr data-start=\"5137\" data-end=\"5184\">\n<td data-start=\"5137\" data-end=\"5148\" data-col-size=\"sm\"><strong data-start=\"5139\" data-end=\"5147\">Formulario<\/strong><\/td>\n<td data-start=\"5148\" data-end=\"5184\" data-col-size=\"md\">Pellets s\u00f3lidos (bl\u00edster)<\/td>\n<\/tr>\n<tr data-start=\"5185\" data-end=\"5236\">\n<td data-start=\"5185\" data-end=\"5202\" data-col-size=\"sm\"><strong data-start=\"5187\" data-end=\"5201\">Pureza<\/strong><\/td>\n<td data-start=\"5202\" data-end=\"5236\" data-col-size=\"md\">\u2265 98% (analizado mediante HPLC y RMN)<\/td>\n<\/tr>\n<tr data-start=\"5237\" data-end=\"5293\">\n<td data-start=\"5237\" data-end=\"5260\" data-col-size=\"sm\"><strong data-start=\"5239\" data-end=\"5259\">Clase qu\u00edmica<\/strong><\/td>\n<td data-start=\"5260\" data-end=\"5293\" data-col-size=\"md\">An\u00e1logo de piperidina\/fenidato<\/td>\n<\/tr>\n<tr data-start=\"5294\" data-end=\"5373\">\n<td data-start=\"5294\" data-end=\"5308\" data-col-size=\"sm\"><strong data-start=\"5296\" data-end=\"5307\">Utilice<\/strong><\/td>\n<td data-start=\"5308\" data-end=\"5373\" data-col-size=\"md\">S\u00f3lo para investigaci\u00f3n anal\u00edtica, forense y neuroqu\u00edmica<\/td>\n<\/tr>\n<tr data-start=\"5374\" data-end=\"5434\">\n<td data-start=\"5374\" data-end=\"5391\" data-col-size=\"sm\"><strong data-start=\"5376\" data-end=\"5390\">Embalaje<\/strong><\/td>\n<td data-start=\"5391\" data-end=\"5434\" data-col-size=\"md\">Tira de bl\u00edster con protecci\u00f3n sellada<\/td>\n<\/tr>\n<tr data-start=\"5435\" data-end=\"5483\">\n<td data-start=\"5435\" data-end=\"5453\" data-col-size=\"sm\"><strong data-start=\"5437\" data-end=\"5452\">Cantidad<\/strong><\/td>\n<td data-start=\"5453\" data-end=\"5483\" data-col-size=\"md\">1 blister con gr\u00e1nulos de 15 mg<\/td>\n<\/tr>\n<\/tbody>\n<\/table>\n<\/div>\n<\/div>\n<hr data-start=\"5485\" data-end=\"5488\" \/>\n<h3 data-start=\"5490\" data-end=\"5507\"><strong data-start=\"5494\" data-end=\"5507\">Ventajas<\/strong><\/h3>\n<ul data-start=\"5509\" data-end=\"5881\">\n<li data-start=\"5509\" data-end=\"5563\">\n<p data-start=\"5511\" data-end=\"5563\"><strong data-start=\"5511\" data-end=\"5530\">Alta pureza<\/strong> - \u2265 98% grado de laboratorio.<\/p>\n<\/li>\n<li data-start=\"5564\" data-end=\"5643\">\n<p data-start=\"5566\" data-end=\"5643\"><strong data-start=\"5566\" data-end=\"5597\">Dosis normalizada<\/strong> - 15 mg por gr\u00e1nulo para un an\u00e1lisis preciso.<\/p>\n<\/li>\n<li data-start=\"5644\" data-end=\"5717\">\n<p data-start=\"5646\" data-end=\"5717\"><strong data-start=\"5646\" data-end=\"5673\">Forma de sal estable (HCl)<\/strong> - Aumenta la solubilidad y la vida \u00fatil.<\/p>\n<\/li>\n<li data-start=\"5718\" data-end=\"5796\">\n<p data-start=\"5720\" data-end=\"5796\"><strong data-start=\"5720\" data-end=\"5750\">Pavimento ancho de investigaci\u00f3n<\/strong> - Adecuado para GC\/MS, LC-MS, FTIR y HPLC.<\/p>\n<\/li>\n<li data-start=\"5797\" data-end=\"5881\">\n<p data-start=\"5799\" data-end=\"5881\"><strong data-start=\"5799\" data-end=\"5834\">Calidad de los lotes totalmente probada<\/strong> - Cada lote es trazable y verificado. Comprar 4f mph<\/p>\n<\/li>\n<\/ul>\n<hr data-start=\"5883\" data-end=\"5886\" \/>\n<h3 data-start=\"5888\" data-end=\"5940\"><strong data-start=\"5892\" data-end=\"5938\">Uso (s\u00f3lo con fines de investigaci\u00f3n)<\/strong><\/h3>\n<ol data-start=\"5942\" data-end=\"6286\">\n<li data-start=\"5942\" data-end=\"6011\">\n<p data-start=\"5945\" data-end=\"6011\"><strong data-start=\"5945\" data-end=\"5960\">Manipulaci\u00f3n:<\/strong> Utilizar guantes, gafas de seguridad y bata de laboratorio.<\/p>\n<\/li>\n<li data-start=\"6012\" data-end=\"6082\">\n<p data-start=\"6015\" data-end=\"6082\"><strong data-start=\"6015\" data-end=\"6028\">Medidas:<\/strong> Cada gr\u00e1nulo contiene exactamente 15 mg; anote los detalles del lote.<\/p>\n<\/li>\n<li data-start=\"6083\" data-end=\"6137\">\n<p data-start=\"6086\" data-end=\"6137\"><strong data-start=\"6086\" data-end=\"6097\">Almacenamiento:<\/strong> Conservar en lugar fresco (2-8\u00b0C), seco y oscuro.<\/p>\n<\/li>\n<li data-start=\"6138\" data-end=\"6221\">\n<p data-start=\"6141\" data-end=\"6221\"><strong data-start=\"6141\" data-end=\"6153\">An\u00e1lisis:<\/strong> Adecuado para cromatograf\u00eda, espectroscopia y estudios de receptores.<\/p>\n<\/li>\n<li data-start=\"6222\" data-end=\"6286\">\n<p data-start=\"6225\" data-end=\"6286\"><strong data-start=\"6225\" data-end=\"6242\">Documentaci\u00f3n:<\/strong> Registrar los resultados y los m\u00e9todos de an\u00e1lisis.<\/p>\n<\/li>\n<\/ol>\n<hr data-start=\"6288\" data-end=\"6291\" \/>\n<h3 data-start=\"6293\" data-end=\"6328\"><strong data-start=\"6297\" data-end=\"6326\">Preguntas m\u00e1s frecuentes (FAQ)<\/strong><\/h3>\n<p data-start=\"6330\" data-end=\"6483\"><strong data-start=\"6330\" data-end=\"6376\">1. \u00bfQu\u00e9 es el 4F-MPH (4-Fluorometilfenidato)?<\/strong><br data-start=\"6376\" data-end=\"6379\" \/>A <strong data-start=\"6383\" data-end=\"6419\">an\u00e1logo fluorado del metilfenidato<\/strong>, utilizado en estudios de laboratorio sobre compuestos de fenidato.<\/p>\n<p data-start=\"6485\" data-end=\"6600\"><strong data-start=\"6485\" data-end=\"6518\">2. \u00bfCu\u00e1l es la pureza del producto?<\/strong><br data-start=\"6518\" data-end=\"6521\" \/>Cada gr\u00e1nulo contiene <strong data-start=\"6539\" data-end=\"6573\">15mg 4F-MPH (pureza \u2265 98%)<\/strong>, analizado mediante HPLC y RMN.<\/p>\n<p data-start=\"6602\" data-end=\"6761\"><strong data-start=\"6602\" data-end=\"6642\">3. \u00bfEs legal comprar 4F-MPH?<\/strong><br data-start=\"6642\" data-end=\"6645\" \/>En <strong data-start=\"6648\" data-end=\"6673\">legalidad de los 4F-MPH<\/strong> var\u00eda de un pa\u00eds a otro. Compruebe siempre la legislaci\u00f3n local antes de <strong data-start=\"6742\" data-end=\"6758\">4F-MPH compra<\/strong>.<\/p>","protected":false},"excerpt":{"rendered":"<h3><span dir=\"auto\" style=\"vertical-align: inherit;\"><span dir=\"auto\" style=\"vertical-align: inherit;\">4F-MPH pellets properties<\/span><\/span><\/h3>\n<p><strong><span dir=\"auto\" style=\"vertical-align: inherit;\"><span dir=\"auto\" style=\"vertical-align: inherit;\">Synonym<\/span><\/span><\/strong><span dir=\"auto\" style=\"vertical-align: inherit;\"><span dir=\"auto\" style=\"vertical-align: inherit;\"> : 4-Fluoromethylphenidate <\/span><\/span><br \/>\n<strong><span dir=\"auto\" style=\"vertical-align: inherit;\"><span dir=\"auto\" style=\"vertical-align: inherit;\">CAS Number<\/span><\/span><\/strong><span dir=\"auto\" style=\"vertical-align: inherit;\"><span dir=\"auto\" style=\"vertical-align: inherit;\"> : 1354631-33-6 <\/span><\/span><br \/>\n<strong><span dir=\"auto\" style=\"vertical-align: inherit;\"><span dir=\"auto\" style=\"vertical-align: inherit;\">Formula<\/span><\/span><\/strong><span dir=\"auto\" style=\"vertical-align: inherit;\"><span dir=\"auto\" style=\"vertical-align: inherit;\"> : methyl 2-(4-fluorophenyl)-2-(piperidin-2-yl)acetate hydrochloride <\/span><\/span><br \/>\n<strong><span dir=\"auto\" style=\"vertical-align: inherit;\"><span dir=\"auto\" style=\"vertical-align: inherit;\">Molar mass<\/span><\/span><\/strong><span dir=\"auto\" style=\"vertical-align: inherit;\"><span dir=\"auto\" style=\"vertical-align: inherit;\"> : 287.8 g\/mol <\/span><\/span><br \/>\n<strong><span dir=\"auto\" style=\"vertical-align: inherit;\"><span dir=\"auto\" style=\"vertical-align: inherit;\">Purity<\/span><\/span><\/strong><span dir=\"auto\" style=\"vertical-align: inherit;\"><span dir=\"auto\" style=\"vertical-align: inherit;\"> : &gt;97%<\/span><\/span><\/p>","protected":false},"featured_media":1288,"comment_status":"closed","ping_status":"closed","template":"","meta":[],"product_brand":[23],"product_cat":[101,286,17,32,71],"product_tag":[102,92,22],"class_list":{"0":"post-1270","1":"product","2":"type-product","3":"status-publish","4":"has-post-thumbnail","6":"product_brand-research-chemical","7":"product_cat-4f-mph","8":"product_cat-4f-mph-pellets","9":"product_cat-bijna-verboden","10":"product_cat-gefluoreerden","11":"product_cat-pellets","12":"product_tag-4f-mph-kopen","13":"product_tag-4f-mph","14":"product_tag-nl","16":"first","17":"instock","18":"shipping-taxable","19":"purchasable","20":"product-type-variable"},"_links":{"self":[{"href":"https:\/\/chemicalshoppers.com\/es\/wp-json\/wp\/v2\/product\/1270","targetHints":{"allow":["GET"]}}],"collection":[{"href":"https:\/\/chemicalshoppers.com\/es\/wp-json\/wp\/v2\/product"}],"about":[{"href":"https:\/\/chemicalshoppers.com\/es\/wp-json\/wp\/v2\/types\/product"}],"replies":[{"embeddable":true,"href":"https:\/\/chemicalshoppers.com\/es\/wp-json\/wp\/v2\/comments?post=1270"}],"version-history":[{"count":2,"href":"https:\/\/chemicalshoppers.com\/es\/wp-json\/wp\/v2\/product\/1270\/revisions"}],"predecessor-version":[{"id":16666,"href":"https:\/\/chemicalshoppers.com\/es\/wp-json\/wp\/v2\/product\/1270\/revisions\/16666"}],"wp:featuredmedia":[{"embeddable":true,"href":"https:\/\/chemicalshoppers.com\/es\/wp-json\/wp\/v2\/media\/1288"}],"wp:attachment":[{"href":"https:\/\/chemicalshoppers.com\/es\/wp-json\/wp\/v2\/media?parent=1270"}],"wp:term":[{"taxonomy":"product_brand","embeddable":true,"href":"https:\/\/chemicalshoppers.com\/es\/wp-json\/wp\/v2\/product_brand?post=1270"},{"taxonomy":"product_cat","embeddable":true,"href":"https:\/\/chemicalshoppers.com\/es\/wp-json\/wp\/v2\/product_cat?post=1270"},{"taxonomy":"product_tag","embeddable":true,"href":"https:\/\/chemicalshoppers.com\/es\/wp-json\/wp\/v2\/product_tag?post=1270"}],"curies":[{"name":"wp","href":"https:\/\/api.w.org\/{rel}","templated":true}]}}