{"id":669,"date":"2026-02-09T11:54:47","date_gmt":"2026-02-09T11:54:47","guid":{"rendered":"https:\/\/chemicalshoppers.com\/?post_type=product&#038;p=669"},"modified":"2026-02-13T16:31:00","modified_gmt":"2026-02-13T16:31:00","slug":"3-fa-3-fluoroanfetamina","status":"publish","type":"product","link":"https:\/\/chemicalshoppers.com\/es\/producto\/3-fa-3-fluoroanfetamina\/","title":{"rendered":"3-FA (3-Fluoroanfetamina)"},"content":{"rendered":"<p data-start=\"4834\" data-end=\"5127\"><strong data-start=\"4834\" data-end=\"4863\">3-FA (3-Fluoroanfetamina)<\/strong> es un <strong data-start=\"4871\" data-end=\"4916\">compuesto de anfetamina derivado del fl\u00faor<\/strong>, perteneciente al <strong data-start=\"4934\" data-end=\"4957\">clase fenetilamina<\/strong>. Comprar 3 fa<br data-start=\"4958\" data-end=\"4961\" \/>Se utiliza como <strong data-start=\"4984\" data-end=\"5002\">sustancia de referencia<\/strong> en <strong data-start=\"5006\" data-end=\"5043\">qu\u00edmica forense y anal\u00edtica<\/strong> para <strong data-start=\"5049\" data-end=\"5070\">validaci\u00f3n de m\u00e9todos<\/strong>, <strong data-start=\"5072\" data-end=\"5086\">calibraci\u00f3n<\/strong> y <strong data-start=\"5090\" data-end=\"5124\">identificaci\u00f3n de las conexiones<\/strong>.<\/p>\n<p data-start=\"5129\" data-end=\"5261\">El producto es <strong data-start=\"5144\" data-end=\"5199\">destinados exclusivamente a la investigaci\u00f3n cient\u00edfica<\/strong> y <strong data-start=\"5203\" data-end=\"5260\">no aptos para el consumo humano o animal<\/strong>.<\/p>\n<hr data-start=\"5263\" data-end=\"5266\" \/>\n<h3 data-start=\"5268\" data-end=\"5299\"><strong data-start=\"5272\" data-end=\"5299\">Caracter\u00edsticas principales<\/strong><\/h3>\n<ul data-start=\"5301\" data-end=\"5725\">\n<li data-start=\"5301\" data-end=\"5387\">\n<p data-start=\"5303\" data-end=\"5387\"><strong data-start=\"5303\" data-end=\"5323\">Alta pureza:<\/strong> Producido en condiciones controladas de laboratorio.<\/p>\n<\/li>\n<li data-start=\"5388\" data-end=\"5474\">\n<p data-start=\"5390\" data-end=\"5474\"><strong data-start=\"5390\" data-end=\"5429\">Material de referencia certificado:<\/strong> Se suministra con <strong data-start=\"5443\" data-end=\"5471\">certificado de an\u00e1lisis (COA)<\/strong>.<\/p>\n<\/li>\n<li data-start=\"5475\" data-end=\"5563\">\n<p data-start=\"5477\" data-end=\"5563\"><strong data-start=\"5477\" data-end=\"5509\">Amplia aplicabilidad anal\u00edtica:<\/strong> Adecuado para <strong data-start=\"5524\" data-end=\"5533\">GC-MS<\/strong>, <strong data-start=\"5535\" data-end=\"5543\">HPLC<\/strong>, y <strong data-start=\"5548\" data-end=\"5560\">LC-MS\/MS<\/strong>.<\/p>\n<\/li>\n<li data-start=\"5564\" data-end=\"5650\">\n<p data-start=\"5566\" data-end=\"5650\"><strong data-start=\"5566\" data-end=\"5591\">Formulaci\u00f3n estable:<\/strong> Dise\u00f1ado para el almacenamiento a largo plazo en condiciones correctas.<\/p>\n<\/li>\n<li data-start=\"5651\" data-end=\"5725\">\n<p data-start=\"5653\" data-end=\"5725\"><strong data-start=\"5653\" data-end=\"5674\">Perfil qu\u00edmico:<\/strong> Adecuado para la investigaci\u00f3n forense comparativa.<\/p>\n<\/li>\n<\/ul>\n<hr data-start=\"5727\" data-end=\"5730\" \/>\n<h3 data-start=\"5732\" data-end=\"5749\"><strong data-start=\"5736\" data-end=\"5749\">Ventajas<\/strong><\/h3>\n<ul data-start=\"5751\" data-end=\"6157\">\n<li data-start=\"5751\" data-end=\"5841\">\n<p data-start=\"5753\" data-end=\"5841\"><strong data-start=\"5753\" data-end=\"5790\">Apoya la investigaci\u00f3n forense:<\/strong> Ayuda en la identificaci\u00f3n de an\u00e1logos de la anfetamina.<\/p>\n<\/li>\n<li data-start=\"5842\" data-end=\"5927\">\n<p data-start=\"5844\" data-end=\"5927\"><strong data-start=\"5844\" data-end=\"5871\">Calibraci\u00f3n precisa:<\/strong> Garantiza resultados coherentes y reproducibles.<\/p>\n<\/li>\n<li data-start=\"5928\" data-end=\"6013\">\n<p data-start=\"5930\" data-end=\"6013\"><strong data-start=\"5930\" data-end=\"5952\">Valor educativo:<\/strong> Adecuado para uso acad\u00e9mico en cursos de ingenier\u00eda qu\u00edmica.<\/p>\n<\/li>\n<li data-start=\"6014\" data-end=\"6099\">\n<p data-start=\"6016\" data-end=\"6099\"><strong data-start=\"6016\" data-end=\"6047\">Precisi\u00f3n cient\u00edfica:<\/strong> Adecuado para la validaci\u00f3n de m\u00e9todos anal\u00edticos.<\/p>\n<\/li>\n<li data-start=\"6100\" data-end=\"6157\">\n<p data-start=\"6102\" data-end=\"6157\"><strong data-start=\"6102\" data-end=\"6129\">Documentaci\u00f3n completa:<\/strong> Se suministra con MSDS y COA.<\/p>\n<\/li>\n<\/ul>\n<hr data-start=\"6159\" data-end=\"6162\" \/>\n<h3 data-start=\"6164\" data-end=\"6225\"><strong data-start=\"6168\" data-end=\"6225\">Instrucciones de uso (S\u00f3lo con fines de investigaci\u00f3n)<\/strong><\/h3>\n<ol data-start=\"6227\" data-end=\"6553\">\n<li data-start=\"6227\" data-end=\"6324\">\n<p data-start=\"6230\" data-end=\"6324\"><strong data-start=\"6230\" data-end=\"6244\">Manipulaci\u00f3n:<\/strong> Utilizar \u00fanicamente en laboratorios autorizados con los dispositivos de seguridad adecuados.<\/p>\n<\/li>\n<li data-start=\"6325\" data-end=\"6393\">\n<p data-start=\"6328\" data-end=\"6393\"><strong data-start=\"6328\" data-end=\"6346\">Preparaci\u00f3n:<\/strong> Diluir seg\u00fan m\u00e9todos anal\u00edticos validados.<\/p>\n<\/li>\n<li data-start=\"6394\" data-end=\"6457\">\n<p data-start=\"6397\" data-end=\"6457\"><strong data-start=\"6397\" data-end=\"6408\">Almacenamiento:<\/strong> Conservar en lugar fresco, seco y oscuro, bien cerrado.<\/p>\n<\/li>\n<li data-start=\"6458\" data-end=\"6553\">\n<p data-start=\"6461\" data-end=\"6553\"><strong data-start=\"6461\" data-end=\"6472\">Drenaje:<\/strong> Eliminar los residuos de acuerdo con la normativa local de gesti\u00f3n de residuos qu\u00edmicos.<\/p>\n<\/li>\n<\/ol>\n<hr data-start=\"6555\" data-end=\"6558\" \/>\n<h3 data-start=\"6560\" data-end=\"6594\"><strong data-start=\"6564\" data-end=\"6594\">Seguridad y conformidad<\/strong><\/h3>\n<ul data-start=\"6596\" data-end=\"6999\">\n<li data-start=\"6596\" data-end=\"6691\">\n<p data-start=\"6598\" data-end=\"6691\"><strong data-start=\"6598\" data-end=\"6634\">S\u00f3lo para uso en laboratorio:<\/strong> No apto para el consumo humano ni animal.<\/p>\n<\/li>\n<li data-start=\"6692\" data-end=\"6790\">\n<p data-start=\"6694\" data-end=\"6790\"><strong data-start=\"6694\" data-end=\"6722\">Consideraciones jur\u00eddicas:<\/strong> 3-FA puede estar regulado; compruebe siempre la legislaci\u00f3n local.<\/p>\n<\/li>\n<li data-start=\"6791\" data-end=\"6874\">\n<p data-start=\"6793\" data-end=\"6874\"><strong data-start=\"6793\" data-end=\"6821\">Salud y seguridad:<\/strong> Evitar el contacto o la inhalaci\u00f3n; llevar EPI adecuado.<\/p>\n<\/li>\n<li data-start=\"6875\" data-end=\"6999\">\n<p data-start=\"6877\" data-end=\"6999\"><strong data-start=\"6877\" data-end=\"6894\">Documentaci\u00f3n:<\/strong> A <strong data-start=\"6899\" data-end=\"6935\">ficha de datos de seguridad<\/strong> y <strong data-start=\"6939\" data-end=\"6967\">certificado de an\u00e1lisis (COA)<\/strong> est\u00e1n disponibles previa solicitud.<\/p>\n<\/li>\n<\/ul>\n<hr data-start=\"7001\" data-end=\"7004\" \/>\n<h3 data-start=\"7006\" data-end=\"7041\"><strong data-start=\"7010\" data-end=\"7041\">Preguntas m\u00e1s frecuentes (FAQ)<\/strong><\/h3>\n<p data-start=\"7043\" data-end=\"7174\"><strong data-start=\"7043\" data-end=\"7079\">1. \u00bfPara qu\u00e9 se utiliza la 3-FA?<\/strong><br data-start=\"7079\" data-end=\"7082\" \/>3-FA se utiliza como <strong data-start=\"7106\" data-end=\"7129\">material de referencia<\/strong> en laboratorios forenses y anal\u00edticos.<\/p>\n<p data-start=\"7176\" data-end=\"7338\"><strong data-start=\"7176\" data-end=\"7227\">2. \u00bfEs la 3-FA apta para el consumo humano?<\/strong><br data-start=\"7227\" data-end=\"7230\" \/>No. Este producto es <strong data-start=\"7250\" data-end=\"7288\">s\u00f3lo con fines de investigaci\u00f3n<\/strong> y <strong data-start=\"7292\" data-end=\"7335\">no aprobado para uso humano<\/strong>.<\/p>\n<p data-start=\"7340\" data-end=\"7463\"><strong data-start=\"7340\" data-end=\"7379\">3. \u00bfC\u00f3mo debe almacenarse la 3-FA?<\/strong><br data-start=\"7379\" data-end=\"7382\" \/>Almacenar en lugar fresco, seco y oscuro, bien cerrado y fuera del alcance de personas no autorizadas.<\/p>\n<p><a href=\"http:\/\/google.nl\" target=\"_blank\" rel=\"noopener\"><span style=\"vertical-align: inherit;\"><span style=\"vertical-align: inherit;\"><span dir=\"auto\" style=\"vertical-align: inherit;\"><span dir=\"auto\" style=\"vertical-align: inherit;\">es <\/span><\/span><\/span><\/span><\/a> <a title=\"1V-LSD 150 MCG Papel secante\" href=\"https:\/\/chemicalshoppers.com\/es\/shop\/lysergamides\/1v-lsd-150-mcg-blotters\/\" target=\"_blank\" rel=\"noopener\"><span style=\"vertical-align: inherit;\"><span style=\"vertical-align: inherit;\"><span dir=\"auto\" style=\"vertical-align: inherit;\"><span dir=\"auto\" style=\"vertical-align: inherit;\">1V-LSD 150 MCG Papel secante <\/span><\/span><\/span><\/span><\/a><a title=\"6-CL-ADBA\" href=\"https:\/\/chemicalshoppers.com\/es\/shop\/bijna-verboden\/6-cl-adba\/\" target=\"_blank\" rel=\"noopener\"><span style=\"vertical-align: inherit;\"><span style=\"vertical-align: inherit;\"><span dir=\"auto\" style=\"vertical-align: inherit;\"><span dir=\"auto\" style=\"vertical-align: inherit;\">6-CL-ADBA <\/span><\/span><\/span><\/span><\/a><a title=\"2-CMC 250mg gr\u00e1nulos\" href=\"https:\/\/chemicalshoppers.com\/es\/shop\/cathinonen\/2-cmc-kopen\/\" target=\"_blank\" rel=\"noopener\"><span style=\"vertical-align: inherit;\"><span style=\"vertical-align: inherit;\"><span dir=\"auto\" style=\"vertical-align: inherit;\"><span dir=\"auto\" style=\"vertical-align: inherit;\">2-CMC 250mg gr\u00e1nulos <\/span><\/span><\/span><\/span><\/a><a title=\"MEAI\" href=\"https:\/\/chemicalshoppers.com\/es\/shop\/overig\/meai\/\" target=\"_blank\" rel=\"noopener\"><span style=\"vertical-align: inherit;\"><span style=\"vertical-align: inherit;\"><span dir=\"auto\" style=\"vertical-align: inherit;\"><span dir=\"auto\" style=\"vertical-align: inherit;\">MEAI <\/span><\/span><\/span><\/span><\/a><span dir=\"auto\" style=\"vertical-align: inherit;\"><a title=\"2C-EF 2mg C\u00e1psulas\" href=\"https:\/\/chemicalshoppers.com\/es\/shop\/fenethylamine\/2c-ef-2mg-capsules\/\" target=\"_blank\" rel=\"noopener\"><span style=\"vertical-align: inherit;\"><span style=\"vertical-align: inherit;\"><span dir=\"auto\" style=\"vertical-align: inherit;\">2C-EF 2mg C\u00e1psulas<\/span><\/span><\/span><\/a><\/span><span style=\"vertical-align: inherit;\"><span style=\"vertical-align: inherit;\">\u00a0<\/span><\/span><\/p>","protected":false},"excerpt":{"rendered":"<h2><span style=\"vertical-align: inherit;\"><span style=\"vertical-align: inherit;\"><span dir=\"auto\" style=\"vertical-align: inherit;\"><span dir=\"auto\" style=\"vertical-align: inherit;\">3-FA properties<\/span><\/span><\/span><\/span><\/h2>\n<p><strong><span style=\"vertical-align: inherit;\"><span style=\"vertical-align: inherit;\"><span dir=\"auto\" style=\"vertical-align: inherit;\"><span dir=\"auto\" style=\"vertical-align: inherit;\">Synonym<\/span><\/span><\/span><\/span><\/strong><span style=\"vertical-align: inherit;\"><span style=\"vertical-align: inherit;\"><span dir=\"auto\" style=\"vertical-align: inherit;\"><span dir=\"auto\" style=\"vertical-align: inherit;\"> : 3-Fluoroamphetamine <\/span><\/span><\/span><\/span><br \/>\n<strong><span style=\"vertical-align: inherit;\"><span style=\"vertical-align: inherit;\"><span dir=\"auto\" style=\"vertical-align: inherit;\"><span dir=\"auto\" style=\"vertical-align: inherit;\">CAS Number<\/span><\/span><\/span><\/span><\/strong><span style=\"vertical-align: inherit;\"><span style=\"vertical-align: inherit;\"><span dir=\"auto\" style=\"vertical-align: inherit;\"><span dir=\"auto\" style=\"vertical-align: inherit;\"> : 1716-59-2 <\/span><\/span><\/span><\/span><br \/>\n<strong><span style=\"vertical-align: inherit;\"><span style=\"vertical-align: inherit;\"><span dir=\"auto\" style=\"vertical-align: inherit;\"><span dir=\"auto\" style=\"vertical-align: inherit;\">Formula<\/span><\/span><\/span><\/span><\/strong><span style=\"vertical-align: inherit;\"><span style=\"vertical-align: inherit;\"><span dir=\"auto\" style=\"vertical-align: inherit;\"><span dir=\"auto\" style=\"vertical-align: inherit;\"> : C9H12FN \u2022 HCL <\/span><\/span><\/span><\/span><br \/>\n<strong><span style=\"vertical-align: inherit;\"><span style=\"vertical-align: inherit;\"><span dir=\"auto\" style=\"vertical-align: inherit;\"><span dir=\"auto\" style=\"vertical-align: inherit;\">Molar mass<\/span><\/span><\/span><\/span><\/strong><span style=\"vertical-align: inherit;\"><span style=\"vertical-align: inherit;\"><span dir=\"auto\" style=\"vertical-align: inherit;\"><span dir=\"auto\" style=\"vertical-align: inherit;\"> : 189.7 g\/mol <\/span><\/span><\/span><\/span><br \/>\n<strong><span style=\"vertical-align: inherit;\"><span style=\"vertical-align: inherit;\"><span dir=\"auto\" style=\"vertical-align: inherit;\"><span dir=\"auto\" style=\"vertical-align: inherit;\">Purity<\/span><\/span><\/span><\/span><\/strong><span style=\"vertical-align: inherit;\"><span style=\"vertical-align: inherit;\"><span dir=\"auto\" style=\"vertical-align: inherit;\"><span dir=\"auto\" style=\"vertical-align: inherit;\"> : \u226598%<\/span><\/span><\/span><\/span><\/p>","protected":false},"featured_media":698,"comment_status":"closed","ping_status":"closed","template":"","meta":[],"product_brand":[23],"product_cat":[300,17,32,26],"product_tag":[301,302,1022,969,303,304,22],"class_list":{"0":"post-669","1":"product","2":"type-product","3":"status-publish","4":"has-post-thumbnail","6":"product_brand-research-chemical","7":"product_cat-3-fa","8":"product_cat-bijna-verboden","9":"product_cat-gefluoreerden","10":"product_cat-sale","11":"product_tag-3-fa-kopen","12":"product_tag-3-fluoroamphetamine","13":"product_tag-3-fa","14":"product_tag-3-fa-3-fluoroamfetamine","15":"product_tag-3fa","16":"product_tag-3fa-kopen","17":"product_tag-nl","19":"first","20":"instock","21":"sale","22":"shipping-taxable","23":"purchasable","24":"product-type-variable"},"_links":{"self":[{"href":"https:\/\/chemicalshoppers.com\/es\/wp-json\/wp\/v2\/product\/669","targetHints":{"allow":["GET"]}}],"collection":[{"href":"https:\/\/chemicalshoppers.com\/es\/wp-json\/wp\/v2\/product"}],"about":[{"href":"https:\/\/chemicalshoppers.com\/es\/wp-json\/wp\/v2\/types\/product"}],"replies":[{"embeddable":true,"href":"https:\/\/chemicalshoppers.com\/es\/wp-json\/wp\/v2\/comments?post=669"}],"version-history":[{"count":1,"href":"https:\/\/chemicalshoppers.com\/es\/wp-json\/wp\/v2\/product\/669\/revisions"}],"predecessor-version":[{"id":16675,"href":"https:\/\/chemicalshoppers.com\/es\/wp-json\/wp\/v2\/product\/669\/revisions\/16675"}],"wp:featuredmedia":[{"embeddable":true,"href":"https:\/\/chemicalshoppers.com\/es\/wp-json\/wp\/v2\/media\/698"}],"wp:attachment":[{"href":"https:\/\/chemicalshoppers.com\/es\/wp-json\/wp\/v2\/media?parent=669"}],"wp:term":[{"taxonomy":"product_brand","embeddable":true,"href":"https:\/\/chemicalshoppers.com\/es\/wp-json\/wp\/v2\/product_brand?post=669"},{"taxonomy":"product_cat","embeddable":true,"href":"https:\/\/chemicalshoppers.com\/es\/wp-json\/wp\/v2\/product_cat?post=669"},{"taxonomy":"product_tag","embeddable":true,"href":"https:\/\/chemicalshoppers.com\/es\/wp-json\/wp\/v2\/product_tag?post=669"}],"curies":[{"name":"wp","href":"https:\/\/api.w.org\/{rel}","templated":true}]}}