{"id":373,"date":"2026-02-09T11:52:42","date_gmt":"2026-02-09T11:52:42","guid":{"rendered":"https:\/\/chemicalshoppers.com\/?post_type=product&#038;p=373"},"modified":"2026-02-13T16:04:17","modified_gmt":"2026-02-13T16:04:17","slug":"4-ho-mipt-fumarate","status":"publish","type":"product","link":"https:\/\/chemicalshoppers.com\/fi\/tuote\/4-ho-mipt-fumarate\/","title":{"rendered":"4-HO-MiPT fumarate"},"content":{"rendered":"<h3><strong><span dir=\"auto\" style=\"vertical-align: inherit;\"><span dir=\"auto\" style=\"vertical-align: inherit;\">4-HO-MiPT Fumarate \u2013 Product Description, Uses, Benefits &amp; Disadvantages &amp; FAQs<\/span><\/span><\/strong><\/h3>\n<p data-start=\"4058\" data-end=\"4259\"><strong data-start=\"4058\" data-end=\"4123\">4-HO-MiPT Fumaraat (4-Hydroxy-N-Methyl-N-Isopropyltryptamine)<\/strong> on <strong data-start=\"4131\" data-end=\"4173\">eritt\u00e4in puhdas tutkimusyhdiste<\/strong>, kehitetty <strong data-start=\"4191\" data-end=\"4256\">neurotiede, farmakologia ja analyyttinen tutkimus<\/strong>. 4-HO-MiPT fumarate<\/p>\n<p data-start=\"4261\" data-end=\"4597\">J\u00e4senen\u00e4 <strong data-start=\"4276\" data-end=\"4312\">4-hydroksitryptamiiniluokka (4-HO)<\/strong> is het structureel verwant aan <strong data-start=\"4344\" data-end=\"4368\">psilocine (4-HO-DMT)<\/strong> en andere natuurlijke tryptaminen. De <strong data-start=\"4407\" data-end=\"4440\">hydroxylgroep op de 4-positie<\/strong> be\u00efnvloedt de <strong data-start=\"4455\" data-end=\"4504\">serotonine-receptorbinding (5-HT1A en 5-HT2A)<\/strong>, waardoor 4-HO-MiPT waardevol is voor <strong data-start=\"4543\" data-end=\"4584\">structure-activity relationship (SAR)<\/strong>-onderzoek.<\/p>\n<p data-start=\"4599\" data-end=\"4793\">The <strong data-start=\"4602\" data-end=\"4622\">fumaraattisuolan muoto<\/strong> zorgt voor <strong data-start=\"4634\" data-end=\"4702\">uitstekende chemische stabiliteit, oplosbaarheid en houdbaarheid<\/strong>, wat het ideaal maakt voor langdurige opslag en gecontroleerde laboratoriumtoepassingen.<\/p>\n<blockquote data-start=\"4795\" data-end=\"4946\">\n<p data-start=\"4797\" data-end=\"4946\">\u26a0\ufe0f <strong data-start=\"4800\" data-end=\"4811\">Huom:<\/strong> T\u00e4m\u00e4 tuote on <strong data-start=\"4827\" data-end=\"4882\">jotka on tarkoitettu yksinomaan tieteelliseen tutkimukseen<\/strong> ja <strong data-start=\"4886\" data-end=\"4943\">ei kelpaa ihmisten tai el\u00e4inten ravinnoksi<\/strong>.<\/p>\n<\/blockquote>\n<hr data-start=\"4948\" data-end=\"4951\" \/>\n<h3 data-start=\"4953\" data-end=\"4984\"><strong data-start=\"4957\" data-end=\"4984\">T\u00e4rkeimm\u00e4t ominaisuudet<\/strong><\/h3>\n<ul data-start=\"4985\" data-end=\"5377\">\n<li data-start=\"4985\" data-end=\"5055\">\n<p data-start=\"4987\" data-end=\"5055\"><strong data-start=\"4987\" data-end=\"5013\">Eritt\u00e4in puhdas (\u226599%)<\/strong> \u2013 Bevestigd via HPLC- en GC-MS-analyse.<\/p>\n<\/li>\n<li data-start=\"5056\" data-end=\"5130\">\n<p data-start=\"5058\" data-end=\"5130\"><strong data-start=\"5058\" data-end=\"5087\">Vakaa fumaraattisuolamuoto<\/strong> \u2013 Verhoogt stabiliteit en gebruiksgemak.<\/p>\n<\/li>\n<li data-start=\"5131\" data-end=\"5218\">\n<p data-start=\"5133\" data-end=\"5218\"><strong data-start=\"5133\" data-end=\"5172\">Farmakologisen tutkimuksen standardi<\/strong> - Soveltuu reseptori- ja SAR-tutkimuksiin.<\/p>\n<\/li>\n<li data-start=\"5219\" data-end=\"5288\">\n<p data-start=\"5221\" data-end=\"5288\"><strong data-start=\"5221\" data-end=\"5246\">GMP-achtige Productie<\/strong> \u2013 Garandeert consistentie en kwaliteit.<\/p>\n<\/li>\n<li data-start=\"5289\" data-end=\"5377\">\n<p data-start=\"5291\" data-end=\"5377\"><strong data-start=\"5291\" data-end=\"5313\">Turvallinen pakkaus<\/strong> \u2013 Luchtdicht en lichtdicht verpakt voor maximale bescherming. 4-HO-MiPT fumarate<\/p>\n<\/li>\n<\/ul>\n<hr data-start=\"5379\" data-end=\"5382\" \/>\n<h3 data-start=\"5384\" data-end=\"5401\"><strong data-start=\"5388\" data-end=\"5401\">Edut<\/strong><\/h3>\n<ul data-start=\"5402\" data-end=\"5699\">\n<li data-start=\"5402\" data-end=\"5482\">\n<p data-start=\"5404\" data-end=\"5482\">Tukee <strong data-start=\"5416\" data-end=\"5479\">serotoniinireseptorien ja tryptamiinianalogien tutkimus<\/strong>.<\/p>\n<\/li>\n<li data-start=\"5483\" data-end=\"5560\">\n<p data-start=\"5485\" data-end=\"5560\"><strong data-start=\"5485\" data-end=\"5530\">Nauwkeurige en reproduceerbare resultaten<\/strong> in gecontroleerd onderzoek.<\/p>\n<\/li>\n<li data-start=\"5561\" data-end=\"5627\">\n<p data-start=\"5563\" data-end=\"5627\"><strong data-start=\"5563\" data-end=\"5589\">Parempi vakaus<\/strong> ten opzichte van de vrije basevorm.<\/p>\n<\/li>\n<li data-start=\"5628\" data-end=\"5699\">\n<p data-start=\"5630\" data-end=\"5699\">Ihanteellinen <strong data-start=\"5642\" data-end=\"5696\">akateeminen, farmakologinen ja analyyttinen tutkimus<\/strong>.<\/p>\n<\/li>\n<\/ul>\n<hr data-start=\"5701\" data-end=\"5704\" \/>\n<h3 data-start=\"5706\" data-end=\"5721\"><strong data-start=\"5710\" data-end=\"5721\">K\u00e4yt\u00e4<\/strong><\/h3>\n<ul data-start=\"5722\" data-end=\"5993\">\n<li data-start=\"5722\" data-end=\"5792\">\n<p data-start=\"5724\" data-end=\"5792\">Vain seuraavien henkil\u00f6iden k\u00e4ytt\u00f6\u00f6n <strong data-start=\"5749\" data-end=\"5789\">p\u00e4tev\u00e4 laboratoriohenkil\u00f6st\u00f6<\/strong>.<\/p>\n<\/li>\n<li data-start=\"5793\" data-end=\"5869\">\n<p data-start=\"5795\" data-end=\"5869\">K\u00e4yt\u00e4 sopivaa <strong data-start=\"5813\" data-end=\"5837\">suojavarusteet<\/strong> (k\u00e4sineet, suojalasit, laboratoriotakki).<\/p>\n<\/li>\n<li data-start=\"5870\" data-end=\"5934\">\n<p data-start=\"5872\" data-end=\"5934\">S\u00e4ilyt\u00e4 <strong data-start=\"5887\" data-end=\"5921\">viile\u00e4ss\u00e4, kuivassa ja pime\u00e4ss\u00e4 paikassa<\/strong> (15-25\u00b0C).<\/p>\n<\/li>\n<li data-start=\"5935\" data-end=\"5993\">\n<p data-start=\"5937\" data-end=\"5993\">Ei sovellu ihmisten tai el\u00e4inten ravinnoksi.<\/p>\n<\/li>\n<\/ul>\n<hr data-start=\"5995\" data-end=\"5998\" \/>\n<h3 data-start=\"6000\" data-end=\"6035\"><strong data-start=\"6004\" data-end=\"6035\">Usein kysytyt kysymykset (FAQ)<\/strong><\/h3>\n<p data-start=\"6037\" data-end=\"6225\"><strong data-start=\"6037\" data-end=\"6087\">1. Waarvoor wordt 4-HO-MiPT Fumaraat gebruikt?<\/strong><br data-start=\"6087\" data-end=\"6090\" \/>4-HO-MiPT Fumaraat wordt gebruikt in <strong data-start=\"6127\" data-end=\"6172\">farmakologinen ja neurokemiallinen tutkimus<\/strong> naar serotonine-receptoren en tryptamine-analogen.<\/p>\n<p data-start=\"6227\" data-end=\"6408\"><strong data-start=\"6227\" data-end=\"6286\">2. Is 4-HO-MiPT Fumaraat veilig voor menselijk gebruik?<\/strong><br data-start=\"6286\" data-end=\"6289\" \/>Ei. T\u00e4m\u00e4 tuote on <strong data-start=\"6309\" data-end=\"6358\">tarkoitettu ainoastaan tutkimustarkoituksiin<\/strong> eik\u00e4 sit\u00e4 ole hyv\u00e4ksytty ihmisravinnoksi.<\/p>\n<p data-start=\"6410\" data-end=\"6582\"><strong data-start=\"6410\" data-end=\"6460\">3. Hoe moet 4-HO-MiPT Fumaraat worden bewaard?<\/strong><br data-start=\"6460\" data-end=\"6463\" \/>S\u00e4ilyt\u00e4 <strong data-start=\"6478\" data-end=\"6508\">tiiviisti suljettu pakkaus<\/strong> bij kamertemperatuur (15\u201325\u00b0C), beschermd tegen vocht, warmte en licht.<\/p>","protected":false},"excerpt":{"rendered":"<h3><span data-sheets-value=\"{\" data-sheets-userformat=\"{\"><span style=\"vertical-align: inherit;\"><span style=\"vertical-align: inherit;\"><span dir=\"auto\" style=\"vertical-align: inherit;\"><span dir=\"auto\" style=\"vertical-align: inherit;\">4-HO-MiPT fumarate properties<\/span><\/span><\/span><\/span><\/span><\/h3>\n<p><strong><span style=\"vertical-align: inherit;\"><span style=\"vertical-align: inherit;\"><span dir=\"auto\" style=\"vertical-align: inherit;\"><span dir=\"auto\" style=\"vertical-align: inherit;\">Synonym:<\/span><\/span><\/span><\/span><\/strong><span style=\"vertical-align: inherit;\"><span style=\"vertical-align: inherit;\"><span dir=\"auto\" style=\"vertical-align: inherit;\"><span dir=\"auto\" style=\"vertical-align: inherit;\"> 4-hydroxy-N-methyl-N-isopropyltryptamine fumarate <\/span><\/span><\/span><\/span><br \/>\n<strong><span style=\"vertical-align: inherit;\"><span style=\"vertical-align: inherit;\"><span dir=\"auto\" style=\"vertical-align: inherit;\"><span dir=\"auto\" style=\"vertical-align: inherit;\">CAS Number:<\/span><\/span><\/span><\/span><\/strong><span style=\"vertical-align: inherit;\"><span style=\"vertical-align: inherit;\"><span dir=\"auto\" style=\"vertical-align: inherit;\"><span dir=\"auto\" style=\"vertical-align: inherit;\"> 77872-43-6 <\/span><\/span><\/span><\/span><br \/>\n<strong><span style=\"vertical-align: inherit;\"><span style=\"vertical-align: inherit;\"><span dir=\"auto\" style=\"vertical-align: inherit;\"><span dir=\"auto\" style=\"vertical-align: inherit;\">Formula:<\/span><\/span><\/span><\/span><\/strong><span style=\"vertical-align: inherit;\"><span style=\"vertical-align: inherit;\"><span dir=\"auto\" style=\"vertical-align: inherit;\"><span dir=\"auto\" style=\"vertical-align: inherit;\"> 3-[2-(isopropyl(methyl)amino)ethyl]-1H-indole-4-ol fumarate <\/span><\/span><\/span><\/span><br \/>\n<strong><span style=\"vertical-align: inherit;\"><span style=\"vertical-align: inherit;\"><span dir=\"auto\" style=\"vertical-align: inherit;\"><span dir=\"auto\" style=\"vertical-align: inherit;\">Molar Mass:<\/span><\/span><\/span><\/span><\/strong><span style=\"vertical-align: inherit;\"><span style=\"vertical-align: inherit;\"><span dir=\"auto\" style=\"vertical-align: inherit;\"><span dir=\"auto\" style=\"vertical-align: inherit;\"> 348.4 g\/mol <\/span><\/span><\/span><\/span><br \/>\n<strong><span style=\"vertical-align: inherit;\"><span style=\"vertical-align: inherit;\"><span dir=\"auto\" style=\"vertical-align: inherit;\"><span dir=\"auto\" style=\"vertical-align: inherit;\">Purity:<\/span><\/span><\/span><\/span><\/strong><span style=\"vertical-align: inherit;\"><span style=\"vertical-align: inherit;\"><span dir=\"auto\" style=\"vertical-align: inherit;\"><span dir=\"auto\" style=\"vertical-align: inherit;\"> &gt;97%<\/span><\/span><\/span><\/span><\/p>\n","protected":false},"featured_media":405,"comment_status":"closed","ping_status":"closed","template":"","meta":[],"product_brand":[],"product_cat":[214,41],"product_tag":[215,216,22],"class_list":{"0":"post-373","1":"product","2":"type-product","3":"status-publish","4":"has-post-thumbnail","6":"product_cat-4-ho-mipt","7":"product_cat-tryptamine","8":"product_tag-4-ho-mipt-fumarate","9":"product_tag-4-ho-mipt-fumarate-kopen","10":"product_tag-nl","12":"first","13":"instock","14":"shipping-taxable","15":"purchasable","16":"product-type-variable"},"_links":{"self":[{"href":"https:\/\/chemicalshoppers.com\/fi\/wp-json\/wp\/v2\/product\/373","targetHints":{"allow":["GET"]}}],"collection":[{"href":"https:\/\/chemicalshoppers.com\/fi\/wp-json\/wp\/v2\/product"}],"about":[{"href":"https:\/\/chemicalshoppers.com\/fi\/wp-json\/wp\/v2\/types\/product"}],"replies":[{"embeddable":true,"href":"https:\/\/chemicalshoppers.com\/fi\/wp-json\/wp\/v2\/comments?post=373"}],"version-history":[{"count":1,"href":"https:\/\/chemicalshoppers.com\/fi\/wp-json\/wp\/v2\/product\/373\/revisions"}],"predecessor-version":[{"id":16711,"href":"https:\/\/chemicalshoppers.com\/fi\/wp-json\/wp\/v2\/product\/373\/revisions\/16711"}],"wp:featuredmedia":[{"embeddable":true,"href":"https:\/\/chemicalshoppers.com\/fi\/wp-json\/wp\/v2\/media\/405"}],"wp:attachment":[{"href":"https:\/\/chemicalshoppers.com\/fi\/wp-json\/wp\/v2\/media?parent=373"}],"wp:term":[{"taxonomy":"product_brand","embeddable":true,"href":"https:\/\/chemicalshoppers.com\/fi\/wp-json\/wp\/v2\/product_brand?post=373"},{"taxonomy":"product_cat","embeddable":true,"href":"https:\/\/chemicalshoppers.com\/fi\/wp-json\/wp\/v2\/product_cat?post=373"},{"taxonomy":"product_tag","embeddable":true,"href":"https:\/\/chemicalshoppers.com\/fi\/wp-json\/wp\/v2\/product_tag?post=373"}],"curies":[{"name":"wp","href":"https:\/\/api.w.org\/{rel}","templated":true}]}}