{"id":382,"date":"2026-02-09T11:52:43","date_gmt":"2026-02-09T11:52:43","guid":{"rendered":"https:\/\/chemicalshoppers.com\/?post_type=product&#038;p=382"},"modified":"2026-02-13T15:55:42","modified_gmt":"2026-02-13T15:55:42","slug":"ept-fumarate-n-ethyl-n-propyltryptamine","status":"publish","type":"product","link":"https:\/\/chemicalshoppers.com\/fi\/tuote\/ept-fumarate-n-ethyl-n-propyltryptamine\/","title":{"rendered":"EPT fumarate (N-ethyl-N-propyltryptamine)"},"content":{"rendered":"<h3><strong><span dir=\"auto\" style=\"vertical-align: inherit;\">EPT Fumarate (N-ethyl-N-propyltryptamine) \u2013 Scientific Product Description<\/span><\/strong><\/h3>\n<p data-start=\"3805\" data-end=\"3986\"><strong data-start=\"3805\" data-end=\"3850\">EPT Fumaraat (N-Ethyl-N-Propyltryptamine)<\/strong> on <strong data-start=\"3858\" data-end=\"3900\">eritt\u00e4in puhdas tutkimusyhdiste<\/strong>, kehitetty <strong data-start=\"3918\" data-end=\"3983\">neurotiede, farmakologia ja analyyttinen tutkimus<\/strong>. ept fumarate<\/p>\n<p data-start=\"3988\" data-end=\"4239\">Als <strong data-start=\"3992\" data-end=\"4037\">structurele analogon van DMT, MET en MiPT<\/strong>, biedt EPT waardevolle mogelijkheden voor onderzoek naar <strong data-start=\"4095\" data-end=\"4139\">serotonine-receptoren (5-HT2A en 5-HT1A)<\/strong>, <strong data-start=\"4141\" data-end=\"4163\">bindingsaffiniteit<\/strong> ja <strong data-start=\"4167\" data-end=\"4209\">rakenne-aktiivisuussuhteet (SAR)<\/strong> binnen de tryptamineklasse.<\/p>\n<p data-start=\"4241\" data-end=\"4432\">The <strong data-start=\"4244\" data-end=\"4264\">fumaraattisuolan muoto<\/strong> lis\u00e4\u00e4 <strong data-start=\"4277\" data-end=\"4333\">kemiallinen stabiilisuus, liukoisuus ja s\u00e4ilyvyys<\/strong>, waardoor dit product ideaal is voor langdurig gebruik in gecontroleerde laboratoriumomgevingen.<\/p>\n<blockquote data-start=\"4434\" data-end=\"4585\">\n<p data-start=\"4436\" data-end=\"4585\">\u26a0\ufe0f <strong data-start=\"4439\" data-end=\"4450\">Huom:<\/strong> T\u00e4m\u00e4 tuote on <strong data-start=\"4466\" data-end=\"4521\">jotka on tarkoitettu yksinomaan tieteelliseen tutkimukseen<\/strong> ja <strong data-start=\"4525\" data-end=\"4582\">ei kelpaa ihmisten tai el\u00e4inten ravinnoksi<\/strong>.<\/p>\n<\/blockquote>\n<hr data-start=\"4587\" data-end=\"4590\" \/>\n<h3 data-start=\"4592\" data-end=\"4623\"><strong data-start=\"4596\" data-end=\"4623\">T\u00e4rkeimm\u00e4t ominaisuudet<\/strong><\/h3>\n<ul data-start=\"4624\" data-end=\"5029\">\n<li data-start=\"4624\" data-end=\"4709\">\n<p data-start=\"4626\" data-end=\"4709\"><strong data-start=\"4626\" data-end=\"4652\">Eritt\u00e4in puhdas (\u226599%)<\/strong> \u2013 Laboratoriumgetest voor identiteit en samenstelling.<\/p>\n<\/li>\n<li data-start=\"4710\" data-end=\"4789\">\n<p data-start=\"4712\" data-end=\"4789\"><strong data-start=\"4712\" data-end=\"4741\">Vakaa fumaraattisuolamuoto<\/strong> \u2013 Verhoogt houdbaarheid en opslagstabiliteit.<\/p>\n<\/li>\n<li data-start=\"4790\" data-end=\"4877\">\n<p data-start=\"4792\" data-end=\"4877\"><strong data-start=\"4792\" data-end=\"4831\">Farmakologisen tutkimuksen standardi<\/strong> - Soveltuu reseptori- ja SAR-tutkimuksiin.<\/p>\n<\/li>\n<li data-start=\"4878\" data-end=\"4948\">\n<p data-start=\"4880\" data-end=\"4948\"><strong data-start=\"4880\" data-end=\"4905\">Tasainen laatu<\/strong> - Tuotettu GMP:n kaltaisten standardien mukaisesti.<\/p>\n<\/li>\n<li data-start=\"4949\" data-end=\"5029\">\n<p data-start=\"4951\" data-end=\"5029\"><strong data-start=\"4951\" data-end=\"4973\">Turvallinen pakkaus<\/strong> \u2013 Luchtdicht en lichtdicht voor maximale bescherming. ept fumarate<\/p>\n<\/li>\n<\/ul>\n<hr data-start=\"5031\" data-end=\"5034\" \/>\n<h3 data-start=\"5036\" data-end=\"5053\"><strong data-start=\"5040\" data-end=\"5053\">Edut<\/strong><\/h3>\n<ul data-start=\"5054\" data-end=\"5337\">\n<li data-start=\"5054\" data-end=\"5134\">\n<p data-start=\"5056\" data-end=\"5134\">Tukee <strong data-start=\"5068\" data-end=\"5131\">serotoniinireseptorien ja tryptamiinianalogien tutkimus<\/strong>.<\/p>\n<\/li>\n<li data-start=\"5135\" data-end=\"5211\">\n<p data-start=\"5137\" data-end=\"5211\"><strong data-start=\"5137\" data-end=\"5182\">Betrouwbare en reproduceerbare resultaten<\/strong> bij laboratoriumonderzoek.<\/p>\n<\/li>\n<li data-start=\"5212\" data-end=\"5265\">\n<p data-start=\"5214\" data-end=\"5265\"><strong data-start=\"5214\" data-end=\"5240\">Parempi vakaus<\/strong> en lange houdbaarheid.<\/p>\n<\/li>\n<li data-start=\"5266\" data-end=\"5337\">\n<p data-start=\"5268\" data-end=\"5337\">Ihanteellinen <strong data-start=\"5280\" data-end=\"5334\">akateeminen, farmakologinen ja analyyttinen tutkimus<\/strong>.<\/p>\n<\/li>\n<\/ul>\n<hr data-start=\"5339\" data-end=\"5342\" \/>\n<h3 data-start=\"5344\" data-end=\"5359\"><strong data-start=\"5348\" data-end=\"5359\">K\u00e4yt\u00e4<\/strong><\/h3>\n<ul data-start=\"5360\" data-end=\"5642\">\n<li data-start=\"5360\" data-end=\"5430\">\n<p data-start=\"5362\" data-end=\"5430\">Vain seuraavien henkil\u00f6iden k\u00e4ytt\u00f6\u00f6n <strong data-start=\"5387\" data-end=\"5427\">p\u00e4tev\u00e4 laboratoriohenkil\u00f6st\u00f6<\/strong>.<\/p>\n<\/li>\n<li data-start=\"5431\" data-end=\"5518\">\n<p data-start=\"5433\" data-end=\"5518\">K\u00e4yt\u00e4 sopivaa <strong data-start=\"5451\" data-end=\"5475\">suojavarusteet<\/strong> (handschoenen, veiligheidsbril, labjas).<\/p>\n<\/li>\n<li data-start=\"5519\" data-end=\"5583\">\n<p data-start=\"5521\" data-end=\"5583\">S\u00e4ilyt\u00e4 <strong data-start=\"5536\" data-end=\"5570\">viile\u00e4ss\u00e4, kuivassa ja pime\u00e4ss\u00e4 paikassa<\/strong> (15-25\u00b0C).<\/p>\n<\/li>\n<li data-start=\"5584\" data-end=\"5642\">\n<p data-start=\"5586\" data-end=\"5642\">Ei sovellu ihmisten tai el\u00e4inten ravinnoksi.<\/p>\n<\/li>\n<\/ul>\n<hr data-start=\"5644\" data-end=\"5647\" \/>\n<h3 data-start=\"5649\" data-end=\"5684\"><strong data-start=\"5653\" data-end=\"5684\">Usein kysytyt kysymykset (FAQ)<\/strong><\/h3>\n<p data-start=\"5686\" data-end=\"5864\"><strong data-start=\"5686\" data-end=\"5730\">1. Waarvoor wordt EPT Fumaraat gebruikt?<\/strong><br data-start=\"5730\" data-end=\"5733\" \/>EPT Fumaraat wordt gebruikt voor <strong data-start=\"5766\" data-end=\"5811\">farmakologinen ja neurokemiallinen tutkimus<\/strong> naar tryptamine-analogen en serotonine-receptoren.<\/p>\n<p data-start=\"5866\" data-end=\"6041\"><strong data-start=\"5866\" data-end=\"5919\">2. Is EPT Fumaraat veilig voor menselijk gebruik?<\/strong><br data-start=\"5919\" data-end=\"5922\" \/>Ei. T\u00e4m\u00e4 tuote on <strong data-start=\"5942\" data-end=\"5991\">tarkoitettu ainoastaan tutkimustarkoituksiin<\/strong> eik\u00e4 sit\u00e4 ole hyv\u00e4ksytty ihmisravinnoksi.<\/p>\n<p data-start=\"6043\" data-end=\"6201\"><strong data-start=\"6043\" data-end=\"6087\">3. Hoe moet EPT Fumaraat worden bewaard?<\/strong><br data-start=\"6087\" data-end=\"6090\" \/>S\u00e4ilyt\u00e4 <strong data-start=\"6105\" data-end=\"6135\">tiiviisti suljettu pakkaus<\/strong> bij kamertemperatuur (15\u201325\u00b0C), beschermd tegen vocht en licht.<\/p>","protected":false},"excerpt":{"rendered":"<h3><span data-sheets-value=\"{\" data-sheets-userformat=\"{\"><span style=\"vertical-align: inherit;\"><span style=\"vertical-align: inherit;\">EPT fumarate properties<\/span><\/span><\/span><\/h3>\n<p><strong><span style=\"vertical-align: inherit;\"><span style=\"vertical-align: inherit;\">Synonym:<\/span><\/span><\/strong><span style=\"vertical-align: inherit;\"><span style=\"vertical-align: inherit;\"> N-ethyl-N-propyltryptamine fumarate <\/span><\/span><br \/>\n<strong><span style=\"vertical-align: inherit;\"><span style=\"vertical-align: inherit;\">CAS Number:<\/span><\/span><\/strong><span style=\"vertical-align: inherit;\"><span style=\"vertical-align: inherit;\"> n\/a <\/span><\/span><br \/>\n<strong><span style=\"vertical-align: inherit;\"><span style=\"vertical-align: inherit;\">Formula:<\/span><\/span><\/strong><span style=\"vertical-align: inherit;\"><span style=\"vertical-align: inherit;\"> 3-[2-(ethyl(propyl)amino)ethyl]-1H-indole fumarate <\/span><\/span><br \/>\n<strong><span style=\"vertical-align: inherit;\"><span style=\"vertical-align: inherit;\">Molar Mass:<\/span><\/span><\/strong><span style=\"vertical-align: inherit;\"><span style=\"vertical-align: inherit;\"> 346.4 g\/mol <\/span><\/span><br \/>\n<strong><span style=\"vertical-align: inherit;\"><span style=\"vertical-align: inherit;\">Purity:<\/span><\/span><\/strong><span style=\"vertical-align: inherit;\"><span style=\"vertical-align: inherit;\"> &gt;97%<\/span><\/span><\/p>\n","protected":false},"featured_media":414,"comment_status":"closed","ping_status":"closed","template":"","meta":[],"product_brand":[],"product_cat":[237,41],"product_tag":[238,239,22],"class_list":{"0":"post-382","1":"product","2":"type-product","3":"status-publish","4":"has-post-thumbnail","6":"product_cat-ept","7":"product_cat-tryptamine","8":"product_tag-ept-fumarate","9":"product_tag-ept-fumarate-kopen","10":"product_tag-nl","12":"first","13":"instock","14":"shipping-taxable","15":"purchasable","16":"product-type-variable"},"_links":{"self":[{"href":"https:\/\/chemicalshoppers.com\/fi\/wp-json\/wp\/v2\/product\/382","targetHints":{"allow":["GET"]}}],"collection":[{"href":"https:\/\/chemicalshoppers.com\/fi\/wp-json\/wp\/v2\/product"}],"about":[{"href":"https:\/\/chemicalshoppers.com\/fi\/wp-json\/wp\/v2\/types\/product"}],"replies":[{"embeddable":true,"href":"https:\/\/chemicalshoppers.com\/fi\/wp-json\/wp\/v2\/comments?post=382"}],"version-history":[{"count":1,"href":"https:\/\/chemicalshoppers.com\/fi\/wp-json\/wp\/v2\/product\/382\/revisions"}],"predecessor-version":[{"id":16691,"href":"https:\/\/chemicalshoppers.com\/fi\/wp-json\/wp\/v2\/product\/382\/revisions\/16691"}],"wp:featuredmedia":[{"embeddable":true,"href":"https:\/\/chemicalshoppers.com\/fi\/wp-json\/wp\/v2\/media\/414"}],"wp:attachment":[{"href":"https:\/\/chemicalshoppers.com\/fi\/wp-json\/wp\/v2\/media?parent=382"}],"wp:term":[{"taxonomy":"product_brand","embeddable":true,"href":"https:\/\/chemicalshoppers.com\/fi\/wp-json\/wp\/v2\/product_brand?post=382"},{"taxonomy":"product_cat","embeddable":true,"href":"https:\/\/chemicalshoppers.com\/fi\/wp-json\/wp\/v2\/product_cat?post=382"},{"taxonomy":"product_tag","embeddable":true,"href":"https:\/\/chemicalshoppers.com\/fi\/wp-json\/wp\/v2\/product_tag?post=382"}],"curies":[{"name":"wp","href":"https:\/\/api.w.org\/{rel}","templated":true}]}}