{"id":386,"date":"2026-02-09T11:52:43","date_gmt":"2026-02-09T11:52:43","guid":{"rendered":"https:\/\/chemicalshoppers.com\/?post_type=product&#038;p=386"},"modified":"2026-02-13T15:58:15","modified_gmt":"2026-02-13T15:58:15","slug":"1b-lsd-l-tartrate-puur","status":"publish","type":"product","link":"https:\/\/chemicalshoppers.com\/fi\/tuote\/1b-lsd-l-tartrate-puur\/","title":{"rendered":"1B-LSD L-tartrate Puur"},"content":{"rendered":"<h1><strong><span dir=\"auto\" style=\"vertical-align: inherit;\"><span dir=\"auto\" style=\"vertical-align: inherit;\">1B-LSD L-Tartrate Pure \u2013 High Quality Lysergamide for Scientific Research<\/span><\/span><\/strong><\/h1>\n<p data-start=\"3884\" data-end=\"4079\"><strong data-start=\"3884\" data-end=\"3955\">1B-LSD L-tartraat (1-Butanoyl-Lyserginezuurdiethylamide L-tartraat)<\/strong> on <strong data-start=\"3963\" data-end=\"4005\">eritt\u00e4in puhdas tutkimusyhdiste<\/strong>, kehitetty <strong data-start=\"4023\" data-end=\"4076\">neurowetenschappelijk en farmacologisch onderzoek<\/strong>. 1b lsd<\/p>\n<p data-start=\"4081\" data-end=\"4423\">Als <strong data-start=\"4085\" data-end=\"4145\">structurele analogon van LSD (Lyserginezuurdiethylamide)<\/strong> bevat 1B-LSD een <strong data-start=\"4163\" data-end=\"4180\">butanoylgroep<\/strong> aan de indoolstikstof. Deze kleine wijziging maakt de verbinding bijzonder waardevol voor <strong data-start=\"4271\" data-end=\"4312\">structure-activity relationship (SAR)<\/strong>-onderzoek en <strong data-start=\"4326\" data-end=\"4353\">receptorbindingsstudies<\/strong>, met name gericht op het <strong data-start=\"4379\" data-end=\"4420\">serotoninesysteem (5-HT2A-receptoren)<\/strong>.<\/p>\n<p data-start=\"4425\" data-end=\"4616\">The <strong data-start=\"4428\" data-end=\"4450\">L-tartraatzoutvorm<\/strong> lis\u00e4\u00e4 <strong data-start=\"4463\" data-end=\"4519\">kemiallinen stabiilisuus, liukoisuus ja s\u00e4ilyvyys<\/strong>, wat dit product ideaal maakt voor langdurig gebruik in gecontroleerde laboratoriumomgevingen.<\/p>\n<blockquote data-start=\"4618\" data-end=\"4756\">\n<p data-start=\"4620\" data-end=\"4756\">\u26a0\ufe0f <strong data-start=\"4623\" data-end=\"4634\">Huom:<\/strong> T\u00e4m\u00e4 tuote on <strong data-start=\"4650\" data-end=\"4705\">jotka on tarkoitettu yksinomaan tieteelliseen tutkimukseen<\/strong> ja <strong data-start=\"4709\" data-end=\"4753\">niet geschikt voor menselijke consumptie<\/strong>.<\/p>\n<\/blockquote>\n<hr data-start=\"4758\" data-end=\"4761\" \/>\n<h3 data-start=\"4763\" data-end=\"4794\"><strong data-start=\"4767\" data-end=\"4794\">T\u00e4rkeimm\u00e4t ominaisuudet<\/strong><\/h3>\n<ul data-start=\"4795\" data-end=\"5219\">\n<li data-start=\"4795\" data-end=\"4893\">\n<p data-start=\"4797\" data-end=\"4893\"><strong data-start=\"4797\" data-end=\"4823\">Eritt\u00e4in puhdas (\u226599%)<\/strong> \u2013 Laboratoriumgetest voor identiteit, stabiliteit en samenstelling.<\/p>\n<\/li>\n<li data-start=\"4894\" data-end=\"4979\">\n<p data-start=\"4896\" data-end=\"4979\"><strong data-start=\"4896\" data-end=\"4927\">Stabiele L-Tartraatzoutvorm<\/strong> \u2013 Verhoogt houdbaarheid en chemische integriteit.<\/p>\n<\/li>\n<li data-start=\"4980\" data-end=\"5060\">\n<p data-start=\"4982\" data-end=\"5060\"><strong data-start=\"4982\" data-end=\"5014\">Onderzoeksniveau Lysergamide<\/strong> - Soveltuu reseptori- ja SAR-tutkimuksiin.<\/p>\n<\/li>\n<li data-start=\"5061\" data-end=\"5138\">\n<p data-start=\"5063\" data-end=\"5138\"><strong data-start=\"5063\" data-end=\"5088\">GMP-achtige Productie<\/strong> \u2013 Consistente kwaliteit en reproduceerbaarheid.<\/p>\n<\/li>\n<li data-start=\"5139\" data-end=\"5219\">\n<p data-start=\"5141\" data-end=\"5219\"><strong data-start=\"5141\" data-end=\"5163\">Turvallinen pakkaus<\/strong> - Ilmatiivis ja valonkest\u00e4v\u00e4 optimaalisen suojan takaamiseksi.<\/p>\n<\/li>\n<\/ul>\n<hr data-start=\"5221\" data-end=\"5224\" \/>\n<h3 data-start=\"5226\" data-end=\"5243\"><strong data-start=\"5230\" data-end=\"5243\">Edut<\/strong><\/h3>\n<ul data-start=\"5244\" data-end=\"5538\">\n<li data-start=\"5244\" data-end=\"5327\">\n<p data-start=\"5246\" data-end=\"5327\">Geschikt voor <strong data-start=\"5260\" data-end=\"5324\">onderzoek naar serotonine-receptoren en lysergamide-analogen<\/strong>.<\/p>\n<\/li>\n<li data-start=\"5328\" data-end=\"5399\">\n<p data-start=\"5330\" data-end=\"5399\">Zorgt voor <strong data-start=\"5341\" data-end=\"5396\">nauwkeurige en reproduceerbare onderzoeksresultaten<\/strong>.<\/p>\n<\/li>\n<li data-start=\"5400\" data-end=\"5463\">\n<p data-start=\"5402\" data-end=\"5463\"><strong data-start=\"5402\" data-end=\"5428\">Parempi vakaus<\/strong> vergeleken met vrije basevormen.<\/p>\n<\/li>\n<li data-start=\"5464\" data-end=\"5538\">\n<p data-start=\"5466\" data-end=\"5538\">Ihanteellinen <strong data-start=\"5478\" data-end=\"5535\">analytisch, neurochemisch en farmacologisch onderzoek<\/strong>.<\/p>\n<\/li>\n<\/ul>\n<hr data-start=\"5540\" data-end=\"5543\" \/>\n<h3 data-start=\"5545\" data-end=\"5560\"><strong data-start=\"5549\" data-end=\"5560\">K\u00e4yt\u00e4<\/strong><\/h3>\n<ul data-start=\"5561\" data-end=\"5832\">\n<li data-start=\"5561\" data-end=\"5631\">\n<p data-start=\"5563\" data-end=\"5631\">Vain seuraavien henkil\u00f6iden k\u00e4ytt\u00f6\u00f6n <strong data-start=\"5588\" data-end=\"5628\">p\u00e4tev\u00e4 laboratoriohenkil\u00f6st\u00f6<\/strong>.<\/p>\n<\/li>\n<li data-start=\"5632\" data-end=\"5708\">\n<p data-start=\"5634\" data-end=\"5708\">K\u00e4yt\u00e4 sopivaa <strong data-start=\"5652\" data-end=\"5676\">suojavarusteet<\/strong> (handschoenen, bril, labjas). 1b lsd<\/p>\n<\/li>\n<li data-start=\"5709\" data-end=\"5773\">\n<p data-start=\"5711\" data-end=\"5773\">S\u00e4ilyt\u00e4 <strong data-start=\"5726\" data-end=\"5760\">viile\u00e4ss\u00e4, kuivassa ja pime\u00e4ss\u00e4 paikassa<\/strong> (15-25\u00b0C).<\/p>\n<\/li>\n<li data-start=\"5774\" data-end=\"5832\">\n<p data-start=\"5776\" data-end=\"5832\">Ei sovellu ihmisten tai el\u00e4inten ravinnoksi.<\/p>\n<\/li>\n<\/ul>\n<hr data-start=\"5834\" data-end=\"5837\" \/>\n<h3 data-start=\"5839\" data-end=\"5874\"><strong data-start=\"5843\" data-end=\"5874\">Usein kysytyt kysymykset (FAQ)<\/strong><\/h3>\n<p data-start=\"5876\" data-end=\"6073\"><strong data-start=\"5876\" data-end=\"5925\">1. Waarvoor wordt 1B-LSD L-tartraat gebruikt?<\/strong><br data-start=\"5925\" data-end=\"5928\" \/>1B-LSD L-tartraat wordt gebruikt voor <strong data-start=\"5966\" data-end=\"6019\">neurowetenschappelijk en farmacologisch onderzoek<\/strong> naar lysergamide-analogen en serotonine-receptoren.<\/p>\n<p data-start=\"6075\" data-end=\"6255\"><strong data-start=\"6075\" data-end=\"6133\">2. Is 1B-LSD L-tartraat veilig voor menselijk gebruik?<\/strong><br data-start=\"6133\" data-end=\"6136\" \/>Ei. T\u00e4m\u00e4 tuote on <strong data-start=\"6156\" data-end=\"6205\">tarkoitettu ainoastaan tutkimustarkoituksiin<\/strong> eik\u00e4 sit\u00e4 ole hyv\u00e4ksytty ihmisravinnoksi.<\/p>\n<p data-start=\"6257\" data-end=\"6432\"><strong data-start=\"6257\" data-end=\"6306\">3. Hoe moet 1B-LSD L-tartraat worden bewaard?<\/strong><br data-start=\"6306\" data-end=\"6309\" \/>S\u00e4ilyt\u00e4 <strong data-start=\"6324\" data-end=\"6366\">goed afgesloten, vochtvrije verpakking<\/strong> bij kamertemperatuur (15\u201325\u00b0C), beschermd tegen licht en vocht.<\/p>","protected":false},"excerpt":{"rendered":"<h3><span style=\"vertical-align: inherit;\"><span style=\"vertical-align: inherit;\"><span dir=\"auto\" style=\"vertical-align: inherit;\"><span dir=\"auto\" style=\"vertical-align: inherit;\">1B-LSD L-tartrate properties<\/span><\/span><\/span><\/span><\/h3>\n<p><strong><span style=\"vertical-align: inherit;\"><span style=\"vertical-align: inherit;\"><span dir=\"auto\" style=\"vertical-align: inherit;\"><span dir=\"auto\" style=\"vertical-align: inherit;\">Synonym:<\/span><\/span><\/span><\/span><\/strong><span style=\"vertical-align: inherit;\"><span style=\"vertical-align: inherit;\"><span dir=\"auto\" style=\"vertical-align: inherit;\"><span dir=\"auto\" style=\"vertical-align: inherit;\"> 1-butanoyl-lysergic acid diethylamide hemi-L-tartrate, BLSD <\/span><\/span><\/span><\/span><br \/>\n<strong><span style=\"vertical-align: inherit;\"><span style=\"vertical-align: inherit;\"><span dir=\"auto\" style=\"vertical-align: inherit;\"><span dir=\"auto\" style=\"vertical-align: inherit;\">CAS Number:<\/span><\/span><\/span><\/span><\/strong><span style=\"vertical-align: inherit;\"><span style=\"vertical-align: inherit;\"><span dir=\"auto\" style=\"vertical-align: inherit;\"><span dir=\"auto\" style=\"vertical-align: inherit;\"> 2349376-12-9 <\/span><\/span><\/span><\/span><br \/>\n<strong><span style=\"vertical-align: inherit;\"><span style=\"vertical-align: inherit;\"><span dir=\"auto\" style=\"vertical-align: inherit;\"><span dir=\"auto\" style=\"vertical-align: inherit;\">Formula:<\/span><\/span><\/span><\/span><\/strong><span style=\"vertical-align: inherit;\"><span style=\"vertical-align: inherit;\"><span dir=\"auto\" style=\"vertical-align: inherit;\"><span dir=\"auto\" style=\"vertical-align: inherit;\"> (8\u03b2)-1-butanoyl-N,N-diethyl-6-methyl-9,10-didehydroergoline-8-carboxamide hemi-L-tartrate <\/span><\/span><\/span><\/span><br \/>\n<strong><span style=\"vertical-align: inherit;\"><span style=\"vertical-align: inherit;\"><span dir=\"auto\" style=\"vertical-align: inherit;\"><span dir=\"auto\" style=\"vertical-align: inherit;\">Molar mass:<\/span><\/span><\/span><\/span><\/strong><span style=\"vertical-align: inherit;\"><span style=\"vertical-align: inherit;\"><span dir=\"auto\" style=\"vertical-align: inherit;\"><span dir=\"auto\" style=\"vertical-align: inherit;\"> 468.5 g\/mol <\/span><\/span><\/span><\/span><br \/>\n<strong><span style=\"vertical-align: inherit;\"><span style=\"vertical-align: inherit;\"><span dir=\"auto\" style=\"vertical-align: inherit;\"><span dir=\"auto\" style=\"vertical-align: inherit;\">Purity:<\/span><\/span><\/span><\/span><\/strong><span style=\"vertical-align: inherit;\"><span style=\"vertical-align: inherit;\"><span dir=\"auto\" style=\"vertical-align: inherit;\"><span dir=\"auto\" style=\"vertical-align: inherit;\"> &gt;97%<\/span><\/span><\/span><\/span><\/p>","protected":false},"featured_media":418,"comment_status":"closed","ping_status":"closed","template":"","meta":[],"product_brand":[],"product_cat":[141,46],"product_tag":[247,142,984,22],"class_list":{"0":"post-386","1":"product","2":"type-product","3":"status-publish","4":"has-post-thumbnail","6":"product_cat-1b-lsd","7":"product_cat-lysergamides","8":"product_tag-1b-lsd-kopen","9":"product_tag-1b-lsd","10":"product_tag-1b-lsd-l-tartrate-puur","11":"product_tag-nl","13":"first","14":"instock","15":"shipping-taxable","16":"purchasable","17":"product-type-variable"},"_links":{"self":[{"href":"https:\/\/chemicalshoppers.com\/fi\/wp-json\/wp\/v2\/product\/386","targetHints":{"allow":["GET"]}}],"collection":[{"href":"https:\/\/chemicalshoppers.com\/fi\/wp-json\/wp\/v2\/product"}],"about":[{"href":"https:\/\/chemicalshoppers.com\/fi\/wp-json\/wp\/v2\/types\/product"}],"replies":[{"embeddable":true,"href":"https:\/\/chemicalshoppers.com\/fi\/wp-json\/wp\/v2\/comments?post=386"}],"version-history":[{"count":1,"href":"https:\/\/chemicalshoppers.com\/fi\/wp-json\/wp\/v2\/product\/386\/revisions"}],"predecessor-version":[{"id":16696,"href":"https:\/\/chemicalshoppers.com\/fi\/wp-json\/wp\/v2\/product\/386\/revisions\/16696"}],"wp:featuredmedia":[{"embeddable":true,"href":"https:\/\/chemicalshoppers.com\/fi\/wp-json\/wp\/v2\/media\/418"}],"wp:attachment":[{"href":"https:\/\/chemicalshoppers.com\/fi\/wp-json\/wp\/v2\/media?parent=386"}],"wp:term":[{"taxonomy":"product_brand","embeddable":true,"href":"https:\/\/chemicalshoppers.com\/fi\/wp-json\/wp\/v2\/product_brand?post=386"},{"taxonomy":"product_cat","embeddable":true,"href":"https:\/\/chemicalshoppers.com\/fi\/wp-json\/wp\/v2\/product_cat?post=386"},{"taxonomy":"product_tag","embeddable":true,"href":"https:\/\/chemicalshoppers.com\/fi\/wp-json\/wp\/v2\/product_tag?post=386"}],"curies":[{"name":"wp","href":"https:\/\/api.w.org\/{rel}","templated":true}]}}