{"id":376,"date":"2026-02-09T11:52:42","date_gmt":"2026-02-09T11:52:42","guid":{"rendered":"https:\/\/chemicalshoppers.com\/?post_type=product&#038;p=376"},"modified":"2026-02-13T16:06:23","modified_gmt":"2026-02-13T16:06:23","slug":"5-meo-dipt-hydrochloride","status":"publish","type":"product","link":"https:\/\/chemicalshoppers.com\/fr\/produit\/5-meo-dipt-hydrochloride\/","title":{"rendered":"Chlorhydrate de 5-MeO-DiPT"},"content":{"rendered":"<h3><strong><span dir=\"auto\" style=\"vertical-align: inherit;\"><span dir=\"auto\" style=\"vertical-align: inherit;\">Chlorhydrate de 5-MeO-DiPT - Description du produit, utilisations, avantages, inconv\u00e9nients et FAQs<\/span><\/span><\/strong><\/h3>\n<p data-start=\"4102\" data-end=\"4308\"><strong data-start=\"4102\" data-end=\"4172\">5-MeO-DiPT Hydrochloride (5-Methoxy-N,N-Diisopropyltryptamine HCl)<\/strong> est un <strong data-start=\"4180\" data-end=\"4222\">compos\u00e9 de recherche de haute puret\u00e9<\/strong>, d\u00e9velopp\u00e9 pour <strong data-start=\"4240\" data-end=\"4305\">les neurosciences, la pharmacologie et la recherche analytique<\/strong>. Chlorhydrate de 5-m\u00e9o-dip<\/p>\n<p data-start=\"4310\" data-end=\"4530\">En tant que <strong data-start=\"4314\" data-end=\"4359\">analogue m\u00e9thoxy-substitu\u00e9 de la DiPT<\/strong>, La 5-MeO-DiPT est largement utilis\u00e9e dans la recherche sur la <strong data-start=\"4410\" data-end=\"4454\">les r\u00e9cepteurs de la s\u00e9rotonine (5-HT1A et 5-HT2A)<\/strong> et <strong data-start=\"4458\" data-end=\"4500\">les relations structure-activit\u00e9 (SAR)<\/strong> dans la classe des tryptamines.<\/p>\n<p data-start=\"4532\" data-end=\"4730\">Le <strong data-start=\"4535\" data-end=\"4562\">Forme chlorhydrate (HCl)<\/strong> fournit <strong data-start=\"4574\" data-end=\"4644\">am\u00e9lioration de la stabilit\u00e9 chimique, de la solubilit\u00e9 et de l'aptitude \u00e0 la transformation<\/strong>, Il est donc id\u00e9al pour le stockage \u00e0 long terme et les tests pr\u00e9cis en laboratoire.<\/p>\n<blockquote data-start=\"4732\" data-end=\"4883\">\n<p data-start=\"4734\" data-end=\"4883\">\u26a0\ufe0f <strong data-start=\"4737\" data-end=\"4748\">Remarque :<\/strong> Ce produit est <strong data-start=\"4764\" data-end=\"4819\">destin\u00e9s exclusivement \u00e0 la recherche scientifique<\/strong> et <strong data-start=\"4823\" data-end=\"4880\">impropres \u00e0 la consommation humaine ou animale<\/strong>.<\/p>\n<\/blockquote>\n<hr data-start=\"4885\" data-end=\"4888\" \/>\n<h3 data-start=\"4890\" data-end=\"4921\"><strong data-start=\"4894\" data-end=\"4921\">Caract\u00e9ristiques principales<\/strong><\/h3>\n<ul data-start=\"4922\" data-end=\"5332\">\n<li data-start=\"4922\" data-end=\"5007\">\n<p data-start=\"4924\" data-end=\"5007\"><strong data-start=\"4924\" data-end=\"4950\">Haute puret\u00e9 (\u226599%)<\/strong> - Identit\u00e9 et composition test\u00e9es en laboratoire.<\/p>\n<\/li>\n<li data-start=\"5008\" data-end=\"5084\">\n<p data-start=\"5010\" data-end=\"5084\"><strong data-start=\"5010\" data-end=\"5040\">Forme stable de chlorhydrate<\/strong> - Augmente la dur\u00e9e de conservation et la solubilit\u00e9.<\/p>\n<\/li>\n<li data-start=\"5085\" data-end=\"5172\">\n<p data-start=\"5087\" data-end=\"5172\"><strong data-start=\"5087\" data-end=\"5126\">Norme de recherche pharmacologique<\/strong> - Convient pour les \u00e9tudes sur les r\u00e9cepteurs et les SAR.<\/p>\n<\/li>\n<li data-start=\"5173\" data-end=\"5243\">\n<p data-start=\"5175\" data-end=\"5243\"><strong data-start=\"5175\" data-end=\"5200\">Une qualit\u00e9 constante<\/strong> - Produit selon des normes de type GMP.<\/p>\n<\/li>\n<li data-start=\"5244\" data-end=\"5332\">\n<p data-start=\"5246\" data-end=\"5332\"><strong data-start=\"5246\" data-end=\"5268\">Emballage s\u00fbr<\/strong> - Herm\u00e9tique et l\u00e9g\u00e8rement scell\u00e9 pour une protection optimale. Chlorhydrate de 5-m\u00e9o-dip<\/p>\n<\/li>\n<\/ul>\n<hr data-start=\"5334\" data-end=\"5337\" \/>\n<h3 data-start=\"5339\" data-end=\"5356\"><strong data-start=\"5343\" data-end=\"5356\">Avantages<\/strong><\/h3>\n<ul data-start=\"5357\" data-end=\"5637\">\n<li data-start=\"5357\" data-end=\"5437\">\n<p data-start=\"5359\" data-end=\"5437\">Soutien <strong data-start=\"5371\" data-end=\"5434\">la recherche sur les r\u00e9cepteurs de la s\u00e9rotonine et les analogues de la tryptamine<\/strong>.<\/p>\n<\/li>\n<li data-start=\"5438\" data-end=\"5498\">\n<p data-start=\"5440\" data-end=\"5498\"><strong data-start=\"5440\" data-end=\"5495\">Des r\u00e9sultats d'examen pr\u00e9cis et reproductibles<\/strong>.<\/p>\n<\/li>\n<li data-start=\"5499\" data-end=\"5565\">\n<p data-start=\"5501\" data-end=\"5565\"><strong data-start=\"5501\" data-end=\"5540\">Meilleure stabilit\u00e9 et solubilit\u00e9<\/strong> que la forme de base libre.<\/p>\n<\/li>\n<li data-start=\"5566\" data-end=\"5637\">\n<p data-start=\"5568\" data-end=\"5637\">Id\u00e9al pour <strong data-start=\"5580\" data-end=\"5634\">la recherche acad\u00e9mique, analytique et pharmacologique<\/strong>.<\/p>\n<\/li>\n<\/ul>\n<hr data-start=\"5639\" data-end=\"5642\" \/>\n<h3 data-start=\"5644\" data-end=\"5659\"><strong data-start=\"5648\" data-end=\"5659\">Utilisation<\/strong><\/h3>\n<ul data-start=\"5660\" data-end=\"5931\">\n<li data-start=\"5660\" data-end=\"5730\">\n<p data-start=\"5662\" data-end=\"5730\">A utiliser uniquement par <strong data-start=\"5687\" data-end=\"5727\">personnel de laboratoire qualifi\u00e9<\/strong>.<\/p>\n<\/li>\n<li data-start=\"5731\" data-end=\"5807\">\n<p data-start=\"5733\" data-end=\"5807\">Utiliser des <strong data-start=\"5751\" data-end=\"5775\">\u00e9quipement de protection<\/strong> (gants, lunettes, blouse).<\/p>\n<\/li>\n<li data-start=\"5808\" data-end=\"5872\">\n<p data-start=\"5810\" data-end=\"5872\">Stocker sur un <strong data-start=\"5825\" data-end=\"5859\">endroit frais, sec et sombre<\/strong> (15-25\u00b0C).<\/p>\n<\/li>\n<li data-start=\"5873\" data-end=\"5931\">\n<p data-start=\"5875\" data-end=\"5931\">Ne convient pas \u00e0 la consommation humaine ou animale.<\/p>\n<\/li>\n<\/ul>\n<hr data-start=\"5933\" data-end=\"5936\" \/>\n<h3 data-start=\"5938\" data-end=\"5973\"><strong data-start=\"5942\" data-end=\"5973\">Foire aux questions (FAQ)<\/strong><\/h3>\n<p data-start=\"5975\" data-end=\"6177\"><strong data-start=\"5975\" data-end=\"6031\">1. Quelle est l'utilit\u00e9 du chlorhydrate de 5-MeO-DiPT ?<\/strong><br data-start=\"6031\" data-end=\"6034\" \/>Le chlorhydrate de 5-MeO-DiPT est utilis\u00e9 pour <strong data-start=\"6079\" data-end=\"6124\">la recherche pharmacologique et neurochimique<\/strong> aux r\u00e9cepteurs de la s\u00e9rotonine et aux analogues de la tryptamine.<\/p>\n<p data-start=\"6179\" data-end=\"6366\"><strong data-start=\"6179\" data-end=\"6244\">2. Le chlorhydrate de 5-MeO-DiPT est-il sans danger pour l'homme ?<\/strong><br data-start=\"6244\" data-end=\"6247\" \/>Non. Ce produit est <strong data-start=\"6267\" data-end=\"6316\">\u00e0 des fins de recherche uniquement<\/strong> et non approuv\u00e9s pour la consommation humaine.<\/p>\n<p data-start=\"6368\" data-end=\"6538\"><strong data-start=\"6368\" data-end=\"6424\">3. Comment le chlorhydrate de 5-MeO-DiPT doit-il \u00eatre conserv\u00e9 ?<\/strong><br data-start=\"6424\" data-end=\"6427\" \/>Conserver dans un <strong data-start=\"6442\" data-end=\"6472\">emballage herm\u00e9tiquement ferm\u00e9<\/strong> \u00e0 temp\u00e9rature ambiante (15-25\u00b0C), \u00e0 l'abri de l'humidit\u00e9 et de la lumi\u00e8re.<\/p>","protected":false},"excerpt":{"rendered":"<h3><span data-sheets-value=\"{\" data-sheets-userformat=\"{\"><span style=\"vertical-align: inherit;\"><span style=\"vertical-align: inherit;\"><span dir=\"auto\" style=\"vertical-align: inherit;\"><span dir=\"auto\" style=\"vertical-align: inherit;\">5-MeO-DiPT hydrochloride properties<\/span><\/span><\/span><\/span><\/span><\/h3>\n<p><strong><span style=\"vertical-align: inherit;\"><span style=\"vertical-align: inherit;\"><span dir=\"auto\" style=\"vertical-align: inherit;\"><span dir=\"auto\" style=\"vertical-align: inherit;\">Synonym:<\/span><\/span><\/span><\/span><\/strong><span style=\"vertical-align: inherit;\"><span style=\"vertical-align: inherit;\"><span dir=\"auto\" style=\"vertical-align: inherit;\"><span dir=\"auto\" style=\"vertical-align: inherit;\"> 5-methoxy-N,N-diisopropyltryptamine hydrochloride <\/span><\/span><\/span><\/span><br \/>\n<strong><span style=\"vertical-align: inherit;\"><span style=\"vertical-align: inherit;\"><span dir=\"auto\" style=\"vertical-align: inherit;\"><span dir=\"auto\" style=\"vertical-align: inherit;\">CAS Number:<\/span><\/span><\/span><\/span><\/strong><span style=\"vertical-align: inherit;\"><span style=\"vertical-align: inherit;\"><span dir=\"auto\" style=\"vertical-align: inherit;\"><span dir=\"auto\" style=\"vertical-align: inherit;\"> n\/a <\/span><\/span><\/span><\/span><br \/>\n<strong><span style=\"vertical-align: inherit;\"><span style=\"vertical-align: inherit;\"><span dir=\"auto\" style=\"vertical-align: inherit;\"><span dir=\"auto\" style=\"vertical-align: inherit;\">Formula:<\/span><\/span><\/span><\/span><\/strong><span style=\"vertical-align: inherit;\"><span style=\"vertical-align: inherit;\"><span dir=\"auto\" style=\"vertical-align: inherit;\"><span dir=\"auto\" style=\"vertical-align: inherit;\"> 3-[2-(diisopropyl)ethyl]-5-methoxyindole hydrochloride <\/span><\/span><\/span><\/span><br \/>\n<strong><span style=\"vertical-align: inherit;\"><span style=\"vertical-align: inherit;\"><span dir=\"auto\" style=\"vertical-align: inherit;\"><span dir=\"auto\" style=\"vertical-align: inherit;\">Molar mass:<\/span><\/span><\/span><\/span><\/strong><span style=\"vertical-align: inherit;\"><span style=\"vertical-align: inherit;\"><span dir=\"auto\" style=\"vertical-align: inherit;\"><span dir=\"auto\" style=\"vertical-align: inherit;\"> 310.9 g\/mol <\/span><\/span><\/span><\/span><br \/>\n<strong><span style=\"vertical-align: inherit;\"><span style=\"vertical-align: inherit;\"><span dir=\"auto\" style=\"vertical-align: inherit;\"><span dir=\"auto\" style=\"vertical-align: inherit;\">Purity:<\/span><\/span><\/span><\/span><\/strong><span style=\"vertical-align: inherit;\"><span style=\"vertical-align: inherit;\"><span dir=\"auto\" style=\"vertical-align: inherit;\"><span dir=\"auto\" style=\"vertical-align: inherit;\"> &gt;97%<\/span><\/span><\/span><\/span><\/p>\n","protected":false},"featured_media":408,"comment_status":"closed","ping_status":"closed","template":"","meta":[],"product_brand":[],"product_cat":[222,41],"product_tag":[223,22],"class_list":{"0":"post-376","1":"product","2":"type-product","3":"status-publish","4":"has-post-thumbnail","6":"product_cat-5-meo-dipt","7":"product_cat-tryptamine","8":"product_tag-5-meo-dipt-hydrochloride","9":"product_tag-nl","11":"first","12":"instock","13":"shipping-taxable","14":"purchasable","15":"product-type-variable"},"_links":{"self":[{"href":"https:\/\/chemicalshoppers.com\/fr\/wp-json\/wp\/v2\/product\/376","targetHints":{"allow":["GET"]}}],"collection":[{"href":"https:\/\/chemicalshoppers.com\/fr\/wp-json\/wp\/v2\/product"}],"about":[{"href":"https:\/\/chemicalshoppers.com\/fr\/wp-json\/wp\/v2\/types\/product"}],"replies":[{"embeddable":true,"href":"https:\/\/chemicalshoppers.com\/fr\/wp-json\/wp\/v2\/comments?post=376"}],"version-history":[{"count":1,"href":"https:\/\/chemicalshoppers.com\/fr\/wp-json\/wp\/v2\/product\/376\/revisions"}],"predecessor-version":[{"id":16714,"href":"https:\/\/chemicalshoppers.com\/fr\/wp-json\/wp\/v2\/product\/376\/revisions\/16714"}],"wp:featuredmedia":[{"embeddable":true,"href":"https:\/\/chemicalshoppers.com\/fr\/wp-json\/wp\/v2\/media\/408"}],"wp:attachment":[{"href":"https:\/\/chemicalshoppers.com\/fr\/wp-json\/wp\/v2\/media?parent=376"}],"wp:term":[{"taxonomy":"product_brand","embeddable":true,"href":"https:\/\/chemicalshoppers.com\/fr\/wp-json\/wp\/v2\/product_brand?post=376"},{"taxonomy":"product_cat","embeddable":true,"href":"https:\/\/chemicalshoppers.com\/fr\/wp-json\/wp\/v2\/product_cat?post=376"},{"taxonomy":"product_tag","embeddable":true,"href":"https:\/\/chemicalshoppers.com\/fr\/wp-json\/wp\/v2\/product_tag?post=376"}],"curies":[{"name":"wp","href":"https:\/\/api.w.org\/{rel}","templated":true}]}}