{"id":688,"date":"2026-02-09T11:54:48","date_gmt":"2026-02-09T11:54:48","guid":{"rendered":"https:\/\/chemicalshoppers.com\/?post_type=product&#038;p=688"},"modified":"2026-02-13T13:02:47","modified_gmt":"2026-02-13T13:02:47","slug":"4f-mar","status":"publish","type":"product","link":"https:\/\/chemicalshoppers.com\/hr\/proizvod\/4f-mar\/","title":{"rendered":"4F-MAR (4-fluoro-4-metilaminoreks)"},"content":{"rendered":"<p data-start=\"4818\" data-end=\"5118\"><strong data-start=\"4818\" data-end=\"4856\">4F-MAR (4-fluoro-4-metilaminoreks)<\/strong> je <strong data-start=\"4864\" data-end=\"4897\">sinteti\u010dki derivat aminoreksa<\/strong> \u0161to pripada <strong data-start=\"4917\" data-end=\"4937\">klasa oksazolina<\/strong>. Koristi se kao <strong data-start=\"4962\" data-end=\"4985\">referentni materijal<\/strong> u analiti\u010dkim i forenzi\u010dkim laboratorijima za prou\u010davanje kemijske strukture i svojstava sli\u010dnih spojeva. 4FMAR<\/p>\n<p data-start=\"5120\" data-end=\"5377\">Ovaj proizvod je <strong data-start=\"5135\" data-end=\"5190\">Namijenjeno isklju\u010divo za znanstvena istra\u017eivanja<\/strong> i <strong data-start=\"5194\" data-end=\"5251\">nije prikladno za ljudsku ili \u017eivotinjsku prehranu<\/strong>. Istra\u017eivanje 4F-MAR-a doprinosi razvoju metoda otkrivanja i analize u forenzi\u010dkoj toksikologiji.<\/p>\n<hr data-start=\"5379\" data-end=\"5382\" \/>\n<h3 data-start=\"5384\" data-end=\"5415\"><strong data-start=\"5388\" data-end=\"5415\">Klju\u010dne zna\u010dajke<\/strong><\/h3>\n<ul data-start=\"5417\" data-end=\"5939\">\n<li data-start=\"5417\" data-end=\"5519\">\n<p data-start=\"5419\" data-end=\"5519\"><strong data-start=\"5419\" data-end=\"5439\">Visoka \u010disto\u0107a:<\/strong> Proizvedeno pod kontroliranim uvjetima kako bi se osigurali pouzdani rezultati.<\/p>\n<\/li>\n<li data-start=\"5520\" data-end=\"5629\">\n<p data-start=\"5522\" data-end=\"5629\"><strong data-start=\"5522\" data-end=\"5561\">Certificirani referentni materijal:<\/strong> Isporu\u010duje se s <strong data-start=\"5575\" data-end=\"5603\">svjedod\u017eba o analizi (COA)<\/strong> i podatke o \u010disto\u0107i.<\/p>\n<\/li>\n<li data-start=\"5630\" data-end=\"5734\">\n<p data-start=\"5632\" data-end=\"5734\"><strong data-start=\"5632\" data-end=\"5658\">Pogodno za forenzi\u010dku upotrebu:<\/strong> Pogodno za kemijsko profiliranje i toksikolo\u0161ka referentna ispitivanja. 4FMAR<\/p>\n<\/li>\n<li data-start=\"5735\" data-end=\"5837\">\n<p data-start=\"5737\" data-end=\"5837\"><strong data-start=\"5737\" data-end=\"5774\">Kompatibilno s analiti\u010dkom opremom:<\/strong> Pogodno za upotrebu s <strong data-start=\"5801\" data-end=\"5810\">GC-MS<\/strong>, <strong data-start=\"5812\" data-end=\"5821\">LC-MS<\/strong>, i <strong data-start=\"5826\" data-end=\"5834\">HPLC<\/strong>.<\/p>\n<\/li>\n<li data-start=\"5838\" data-end=\"5939\">\n<p data-start=\"5840\" data-end=\"5939\"><strong data-start=\"5840\" data-end=\"5860\">Stalni proizvod:<\/strong> Namijenjeno dugoro\u010dnom skladi\u0161tenju pod standardnim laboratorijskim uvjetima.<\/p>\n<\/li>\n<\/ul>\n<hr data-start=\"5941\" data-end=\"5944\" \/>\n<h3 data-start=\"5946\" data-end=\"5963\"><strong data-start=\"5950\" data-end=\"5963\">Pogodnosti<\/strong><\/h3>\n<ul data-start=\"5965\" data-end=\"6483\">\n<li data-start=\"5965\" data-end=\"6078\">\n<p data-start=\"5967\" data-end=\"6078\"><strong data-start=\"5967\" data-end=\"6003\">Podr\u017eava forenzi\u010dku analizu:<\/strong> Poma\u017ee u identifikaciji analoga aminoreksa u istra\u017eiva\u010dkim uzorcima.<\/p>\n<\/li>\n<li data-start=\"6079\" data-end=\"6182\">\n<p data-start=\"6081\" data-end=\"6182\"><strong data-start=\"6081\" data-end=\"6121\">Pobolj\u0161ava analiti\u010dku to\u010dnost:<\/strong> Pru\u017ea pouzdani referentni standard za laboratorijsku kalibraciju.<\/p>\n<\/li>\n<li data-start=\"6183\" data-end=\"6284\">\n<p data-start=\"6185\" data-end=\"6284\"><strong data-start=\"6185\" data-end=\"6218\">Znanstvena relevantnost:<\/strong> Pogodno za kemijske, strukturne i toksikolo\u0161ke studije.<\/p>\n<\/li>\n<li data-start=\"6285\" data-end=\"6383\">\n<p data-start=\"6287\" data-end=\"6383\"><strong data-start=\"6287\" data-end=\"6320\">Uskla\u0111eno sa standardima kvalitete:<\/strong> Proizvedeno u skladu s me\u0111unarodnim laboratorijskim smjernicama.<\/p>\n<\/li>\n<li data-start=\"6384\" data-end=\"6483\">\n<p data-start=\"6386\" data-end=\"6483\"><strong data-start=\"6386\" data-end=\"6417\">\u0160iroko primjenjivo u istra\u017eivanjima:<\/strong> Koristi se u toksikolo\u0161kom i analiti\u010dkom obrazovanju i istra\u017eivanju.<\/p>\n<\/li>\n<\/ul>\n<hr data-start=\"6485\" data-end=\"6488\" \/>\n<h3 data-start=\"6490\" data-end=\"6551\"><strong data-start=\"6494\" data-end=\"6551\">Upute za uporabu (samo za istra\u017eiva\u010dke svrhe)<\/strong><\/h3>\n<ol data-start=\"6553\" data-end=\"6940\">\n<li data-start=\"6553\" data-end=\"6655\">\n<p data-start=\"6556\" data-end=\"6655\"><strong data-start=\"6556\" data-end=\"6570\">Rukovanje:<\/strong> Koristiti samo u akreditiranim laboratorijima opremljenim odgovaraju\u0107im sigurnosnim ure\u0111ajima.<\/p>\n<\/li>\n<li data-start=\"6656\" data-end=\"6746\">\n<p data-start=\"6659\" data-end=\"6746\"><strong data-start=\"6659\" data-end=\"6677\">Priprema:<\/strong> Pripremljeno u skladu s validiranim protokolima za analiti\u010dko testiranje.<\/p>\n<\/li>\n<li data-start=\"6747\" data-end=\"6848\">\n<p data-start=\"6750\" data-end=\"6848\"><strong data-start=\"6750\" data-end=\"6761\">Skladi\u0161tenje:<\/strong> \u010cuvati na hladnom, suhom i tamnom mjestu, dobro zatvoreno u kemijski otpornoj posudi.<\/p>\n<\/li>\n<li data-start=\"6849\" data-end=\"6940\">\n<p data-start=\"6852\" data-end=\"6940\"><strong data-start=\"6852\" data-end=\"6863\">Odvod:<\/strong> Odlo\u017eite preostali materijal u skladu s lokalnim smjernicama za upravljanje kemijskim otpadom.<\/p>\n<\/li>\n<\/ol>\n<hr data-start=\"6942\" data-end=\"6945\" \/>\n<h3 data-start=\"6947\" data-end=\"6981\"><strong data-start=\"6951\" data-end=\"6981\">Sigurnost i uskla\u0111enost<\/strong><\/h3>\n<ul data-start=\"6983\" data-end=\"7382\">\n<li data-start=\"6983\" data-end=\"7077\">\n<p data-start=\"6985\" data-end=\"7077\"><strong data-start=\"6985\" data-end=\"7021\">Samo za laboratorijsku upotrebu:<\/strong> Nije namijenjeno za ljudsku ili \u017eivotinjsku konzumaciju.<\/p>\n<\/li>\n<li data-start=\"7078\" data-end=\"7200\">\n<p data-start=\"7080\" data-end=\"7200\"><strong data-start=\"7080\" data-end=\"7108\">Pravne smjernice:<\/strong> Uvijek provjerite lokalne zakone u vezi s posjedovanjem i upotrebom 4F-MAR-a.<\/p>\n<\/li>\n<li data-start=\"7201\" data-end=\"7257\">\n<p data-start=\"7203\" data-end=\"7257\"><strong data-start=\"7203\" data-end=\"7221\">Siguran rad:<\/strong> Izbjegavajte udisanje i kontakt s ko\u017eom.<\/p>\n<\/li>\n<li data-start=\"7258\" data-end=\"7382\">\n<p data-start=\"7260\" data-end=\"7382\"><strong data-start=\"7260\" data-end=\"7277\">Dokumentacija:<\/strong> Jedan <strong data-start=\"7282\" data-end=\"7318\">List bezbjednosnih podataka o materijalu (MSDS)<\/strong> i <strong data-start=\"7322\" data-end=\"7350\">svjedod\u017eba o analizi (COA)<\/strong> Dostupno na zahtjev.<\/p>\n<\/li>\n<\/ul>\n<hr data-start=\"7384\" data-end=\"7387\" \/>\n<h3 data-start=\"7389\" data-end=\"7424\"><strong data-start=\"7393\" data-end=\"7424\">\u010cesto postavljana pitanja (FAQs)<\/strong><\/h3>\n<p data-start=\"7426\" data-end=\"7579\"><strong data-start=\"7426\" data-end=\"7464\">1. Za \u0161to se koristi 4F-MAR?<\/strong><br data-start=\"7464\" data-end=\"7467\" \/>4F-MAR se koristi kao <strong data-start=\"7493\" data-end=\"7511\">referentna tvar<\/strong> za analiti\u010dka i forenzi\u010dka istra\u017eivanja analoga aminoreksa.<\/p>\n<p data-start=\"7581\" data-end=\"7755\"><strong data-start=\"7581\" data-end=\"7632\">2. Je li 4F-MAR siguran za ljudsku konzumaciju?<\/strong><br data-start=\"7632\" data-end=\"7635\" \/>Ne. Ovaj proizvod je <strong data-start=\"7655\" data-end=\"7693\">samo u istra\u017eiva\u010dke svrhe<\/strong> i <strong data-start=\"7697\" data-end=\"7754\">nije prikladno za ljudsku ili \u017eivotinjsku prehranu<\/strong>.<\/p>\n<p data-start=\"7757\" data-end=\"7871\"><strong data-start=\"7757\" data-end=\"7798\">3. Kako treba \u010duvati 4F-MAR?<\/strong><br data-start=\"7798\" data-end=\"7801\" \/>\u010cuvati na hladnom, tamnom mjestu, dobro zatvoreno i izvan dohvata neovla\u0161tenih osoba.<\/p>\n<p><em>.<a href=\"https:\/\/chemicalshoppers.com\/hr\/shop\/iboga-ibogaine\/iboga-root-bark\/\">kora korijena iboge<\/a> <a href=\"https:\/\/chemicalshoppers.com\/hr\/shop\/iboga-ibogaine\/buy-ibogaine-hcl-online\/\">kupi ibogain HCl online<\/a> <a href=\"https:\/\/chemicalshoppers.com\/hr\/shop\/lysergamides\/1cp-lsd\/\">1cp lsd<\/a> <a href=\"https:\/\/chemicalshoppers.com\/hr\/shop\/pellets\/o-dsmt-50mg-pellets\/\">o-dsmt<\/a> <a href=\"https:\/\/chemicalshoppers.com\/hr\/shop\/lysergamides\/1vlsd\/\">1 primjerak<\/a>\u00a0<\/em><\/p>","protected":false},"excerpt":{"rendered":"<h2>4F-MAR \/ <b>4\u2032-Fluoro-4-methylaminorex \/ 4-FPO<\/b> eigenschappen<\/h2>\n<p><strong>CAS Nummer<\/strong>: 1364933-64-1<br \/>\n<strong>Formule<\/strong>: <span title=\"Carbon\">C<\/span><sub>10<\/sub><span title=\"Hydrogen\">H<\/span><sub>11<\/sub><span title=\"Fluorine\">F<\/span><span title=\"Nitrogen\">N<\/span><sub>2<\/sub><span title=\"Oxygen\">O<\/span><br \/>\n<strong>Molmassa<\/strong>: <span class=\"nowrap\">194.209<\/span> g\u00b7mol<br \/>\n<strong>Zuiverheid<\/strong>: \u226598%<\/p>","protected":false},"featured_media":717,"comment_status":"closed","ping_status":"closed","template":"","meta":[],"product_brand":[],"product_cat":[359],"product_tag":[967,360,361,22],"class_list":{"0":"post-688","1":"product","2":"type-product","3":"status-publish","4":"has-post-thumbnail","6":"product_cat-aminorex","7":"product_tag-4f-mar","8":"product_tag-4fma","9":"product_tag-4fmar-kopen","10":"product_tag-nl","12":"first","13":"instock","14":"shipping-taxable","15":"purchasable","16":"product-type-variable"},"_links":{"self":[{"href":"https:\/\/chemicalshoppers.com\/hr\/wp-json\/wp\/v2\/product\/688","targetHints":{"allow":["GET"]}}],"collection":[{"href":"https:\/\/chemicalshoppers.com\/hr\/wp-json\/wp\/v2\/product"}],"about":[{"href":"https:\/\/chemicalshoppers.com\/hr\/wp-json\/wp\/v2\/types\/product"}],"replies":[{"embeddable":true,"href":"https:\/\/chemicalshoppers.com\/hr\/wp-json\/wp\/v2\/comments?post=688"}],"version-history":[{"count":1,"href":"https:\/\/chemicalshoppers.com\/hr\/wp-json\/wp\/v2\/product\/688\/revisions"}],"predecessor-version":[{"id":16627,"href":"https:\/\/chemicalshoppers.com\/hr\/wp-json\/wp\/v2\/product\/688\/revisions\/16627"}],"wp:featuredmedia":[{"embeddable":true,"href":"https:\/\/chemicalshoppers.com\/hr\/wp-json\/wp\/v2\/media\/717"}],"wp:attachment":[{"href":"https:\/\/chemicalshoppers.com\/hr\/wp-json\/wp\/v2\/media?parent=688"}],"wp:term":[{"taxonomy":"product_brand","embeddable":true,"href":"https:\/\/chemicalshoppers.com\/hr\/wp-json\/wp\/v2\/product_brand?post=688"},{"taxonomy":"product_cat","embeddable":true,"href":"https:\/\/chemicalshoppers.com\/hr\/wp-json\/wp\/v2\/product_cat?post=688"},{"taxonomy":"product_tag","embeddable":true,"href":"https:\/\/chemicalshoppers.com\/hr\/wp-json\/wp\/v2\/product_tag?post=688"}],"curies":[{"name":"wp","href":"https:\/\/api.w.org\/{rel}","templated":true}]}}