{"id":397,"date":"2026-02-09T11:52:43","date_gmt":"2026-02-09T11:52:43","guid":{"rendered":"https:\/\/chemicalshoppers.com\/?post_type=product&#038;p=397"},"modified":"2026-02-13T15:55:07","modified_gmt":"2026-02-13T15:55:07","slug":"1p-lsd-150-mcg-pellets","status":"publish","type":"product","link":"https:\/\/chemicalshoppers.com\/pl\/produkt\/1p-lsd-150-mcg-pellets\/","title":{"rendered":"1P-LSD 150 MCG Pellets"},"content":{"rendered":"<h3>lsd bestellen 1P-LSD 150 MCG Pellets \u2013 Premium Kwaliteit voor Wetenschappelijk Onderzoek<\/h3>\n<p data-start=\"4066\" data-end=\"4258\"><strong data-start=\"4066\" data-end=\"4117\">1P-LSD (1-Propionyl-Lysergic Acid Diethylamide)<\/strong> 150 \u00b5g Pellets zijn <strong data-start=\"4138\" data-end=\"4184\">onderzoeksverbindingen van hoge zuiverheid<\/strong>, opracowany dla <strong data-start=\"4202\" data-end=\"4255\">neurowetenschappelijk en farmacologisch onderzoek<\/strong>. 1p lsd kopen<\/p>\n<p data-start=\"4260\" data-end=\"4523\">Als <strong data-start=\"4264\" data-end=\"4296\">structurele analogon van LSD<\/strong>, bevat 1P-LSD een propionylgroep die de farmacologische eigenschappen be\u00efnvloedt. Het wordt vaak gebruikt in <strong data-start=\"4406\" data-end=\"4446\">onderzoek naar serotonine-receptoren<\/strong> en <strong data-start=\"4450\" data-end=\"4492\">structure-activity relationships (SAR)<\/strong> binnen de lysergamideklasse.<\/p>\n<p data-start=\"4525\" data-end=\"4673\">Ka\u017cda granulka zawiera <strong data-start=\"4543\" data-end=\"4567\">150 microgram 1P-LSD<\/strong> met hoge nauwkeurigheid, wat zorgt voor reproduceerbare onderzoeksresultaten en langdurige stabiliteit.<\/p>\n<blockquote data-start=\"4675\" data-end=\"4813\">\n<p data-start=\"4677\" data-end=\"4813\">\u26a0\ufe0f <strong data-start=\"4680\" data-end=\"4691\">Uwaga:<\/strong> Ten produkt jest <strong data-start=\"4707\" data-end=\"4762\">uitsluitend bedoeld voor wetenschappelijk onderzoek<\/strong> en <strong data-start=\"4766\" data-end=\"4810\">niet geschikt voor menselijke consumptie<\/strong>.<\/p>\n<\/blockquote>\n<hr data-start=\"4815\" data-end=\"4818\" \/>\n<h3 data-start=\"4820\" data-end=\"4851\"><strong data-start=\"4824\" data-end=\"4851\">Najwa\u017cniejsze cechy<\/strong><\/h3>\n<ul data-start=\"4852\" data-end=\"5288\">\n<li data-start=\"4852\" data-end=\"4935\">\n<p data-start=\"4854\" data-end=\"4935\"><strong data-start=\"4854\" data-end=\"4880\">Wysoka czysto\u015b\u0107 (\u226599%)<\/strong> \u2013 Laboratoriumgetest voor identiteit en stabiliteit.<\/p>\n<\/li>\n<li data-start=\"4936\" data-end=\"5034\">\n<p data-start=\"4938\" data-end=\"5034\"><strong data-start=\"4938\" data-end=\"4976\">Nauwkeurige Microdosering (150 \u00b5g)<\/strong> \u2013 Voor consistente en betrouwbare onderzoeksresultaten.<\/p>\n<\/li>\n<li data-start=\"5035\" data-end=\"5117\">\n<p data-start=\"5037\" data-end=\"5117\"><strong data-start=\"5037\" data-end=\"5063\">Verbeterde Stabiliteit<\/strong> \u2013 Ontworpen om afbraak tijdens opslag te voorkomen.<\/p>\n<\/li>\n<li data-start=\"5118\" data-end=\"5200\">\n<p data-start=\"5120\" data-end=\"5200\"><strong data-start=\"5120\" data-end=\"5145\">GMP-achtige Productie<\/strong> \u2013 Gegarandeerde kwaliteit voor onderzoeksdoeleinden.<\/p>\n<\/li>\n<li data-start=\"5201\" data-end=\"5288\">\n<p data-start=\"5203\" data-end=\"5288\"><strong data-start=\"5203\" data-end=\"5225\">Veilige Verpakking<\/strong> \u2013 Luchtdicht en vochtbestendig voor langdurige houdbaarheid.<\/p>\n<\/li>\n<\/ul>\n<hr data-start=\"5290\" data-end=\"5293\" \/>\n<h3 data-start=\"5295\" data-end=\"5312\"><strong data-start=\"5299\" data-end=\"5312\">Zalety<\/strong><\/h3>\n<ul data-start=\"5313\" data-end=\"5576\">\n<li data-start=\"5313\" data-end=\"5394\">\n<p data-start=\"5315\" data-end=\"5394\">Ondersteunt <strong data-start=\"5327\" data-end=\"5391\">onderzoek naar serotonine-receptoren en lysergamide-analogen<\/strong>.<\/p>\n<\/li>\n<li data-start=\"5395\" data-end=\"5461\">\n<p data-start=\"5397\" data-end=\"5461\"><strong data-start=\"5397\" data-end=\"5421\">Nauwkeurige dosering<\/strong> voor betrouwbare reproduceerbaarheid.<\/p>\n<\/li>\n<li data-start=\"5462\" data-end=\"5514\">\n<p data-start=\"5464\" data-end=\"5514\"><strong data-start=\"5464\" data-end=\"5490\">Langdurige stabiliteit<\/strong> en eenvoudige opslag. 1p lsd kopen<\/p>\n<\/li>\n<li data-start=\"5515\" data-end=\"5576\">\n<p data-start=\"5517\" data-end=\"5576\">Geschikt voor <strong data-start=\"5531\" data-end=\"5573\">farmacologisch en analytisch onderzoek<\/strong>.<\/p>\n<\/li>\n<\/ul>\n<hr data-start=\"5578\" data-end=\"5581\" \/>\n<h3 data-start=\"5583\" data-end=\"5598\"><strong data-start=\"5587\" data-end=\"5598\">U\u017cycie<\/strong><\/h3>\n<ul data-start=\"5599\" data-end=\"5881\">\n<li data-start=\"5599\" data-end=\"5669\">\n<p data-start=\"5601\" data-end=\"5669\">Alleen te gebruiken door <strong data-start=\"5626\" data-end=\"5666\">gekwalificeerd laboratoriumpersoneel<\/strong>.<\/p>\n<\/li>\n<li data-start=\"5670\" data-end=\"5746\">\n<p data-start=\"5672\" data-end=\"5746\">Gebruik geschikte <strong data-start=\"5690\" data-end=\"5714\">beschermingsmiddelen<\/strong> (handschoenen, bril, labjas).<\/p>\n<\/li>\n<li data-start=\"5747\" data-end=\"5822\">\n<p data-start=\"5749\" data-end=\"5822\">Bewaren op een <strong data-start=\"5764\" data-end=\"5787\">koele, droge plaats<\/strong>, beschermd tegen licht en vocht.<\/p>\n<\/li>\n<li data-start=\"5823\" data-end=\"5881\">\n<p data-start=\"5825\" data-end=\"5881\">Nie nadaje si\u0119 do spo\u017cycia przez ludzi i zwierz\u0119ta.<\/p>\n<\/li>\n<\/ul>\n<hr data-start=\"5883\" data-end=\"5886\" \/>\n<h3 data-start=\"5888\" data-end=\"5923\"><strong data-start=\"5892\" data-end=\"5923\">Cz\u0119sto zadawane pytania (FAQ)<\/strong><\/h3>\n<p data-start=\"5925\" data-end=\"6082\"><strong data-start=\"5925\" data-end=\"5963\">1. Waarvoor wordt 1P-LSD gebruikt?<\/strong><br data-start=\"5963\" data-end=\"5966\" \/>1P-LSD wordt gebruikt in <strong data-start=\"5991\" data-end=\"6021\">wetenschappelijk onderzoek<\/strong> naar lysergamiden en hun werking op serotonine-receptoren.<\/p>\n<p data-start=\"6084\" data-end=\"6260\"><strong data-start=\"6084\" data-end=\"6138\">2. Is 1P-LSD 150 \u00b5g veilig voor menselijk gebruik?<\/strong><br data-start=\"6138\" data-end=\"6141\" \/>Nee. Dit product is <strong data-start=\"6161\" data-end=\"6210\">przeznaczone wy\u0142\u0105cznie do cel\u00f3w badawczych<\/strong> en niet goedgekeurd voor menselijke consumptie.<\/p>\n<p data-start=\"6262\" data-end=\"6430\"><strong data-start=\"6262\" data-end=\"6307\">3. Hoe moet 1P-LSD 150 \u00b5g worden bewaard?<\/strong><br data-start=\"6307\" data-end=\"6310\" \/>Bewaren in een <strong data-start=\"6325\" data-end=\"6355\">goed afgesloten verpakking<\/strong> bij kamertemperatuur (15\u201325\u00b0C), uit de buurt van vocht, warmte en licht.<\/p>\n<h4><span style=\"color: #333333; font-size: 16px;\">.<\/span><a style=\"font-size: 16px;\" href=\"https:\/\/chemicalshoppers.com\/pl\/shop\/iboga-ibogaine\/iboga-root-bark\/\">iboga root bark\u200b<\/a><a style=\"font-size: 16px;\" href=\"https:\/\/chemicalshoppers.com\/pl\/shop\/iboga-ibogaine\/buy-ibogaine-hcl-online\/\">buy ibogaine hcl online\u200b<\/a><a style=\"font-size: 16px;\" href=\"https:\/\/chemicalshoppers.com\/pl\/shop\/pellets\/o-dsmt-50mg-pellets\/\">o-dsmt<\/a><a style=\"font-size: 16px;\" href=\"https:\/\/chemicalshoppers.com\/pl\/shop\/lysergamides\/1vlsd\/\">1vlsd\u200b<\/a><a style=\"font-size: 16px;\" href=\"https:\/\/chemicalshoppers.com\/pl\/shop\/lysergamides\/1cp-lsd\/\">1cp lsd<\/a><\/h4>","protected":false},"excerpt":{"rendered":"<h2>1P-LSD 150 MCG Pellets eigenschappen<\/h2>\n<p><strong>Synoniemen<\/strong>: N,N-diethyl-7-methyl-4-propanoyl-6,6a,8,9-tetrahydroindolo [4,3-fg]chinoline-9-carboxamide<br \/>\n<strong>CAS Nummer<\/strong>: 2349358-81-0<br \/>\n<strong>Formule<\/strong>: C23H29N3O2<br \/>\n<strong>Molmassa<\/strong>: 379,5 g\/mol<br \/>\n<strong>Zuiverheid<\/strong>: \u226599,3%<\/p>\n","protected":false},"featured_media":428,"comment_status":"closed","ping_status":"closed","template":"","meta":[],"product_brand":[23],"product_cat":[45,271,46,71],"product_tag":[272,273,981,253,22],"class_list":{"0":"post-397","1":"product","2":"type-product","3":"status-publish","4":"has-post-thumbnail","6":"product_brand-research-chemical","7":"product_cat-1p-lsd-kopen","8":"product_cat-1p-lsd-pellets","9":"product_cat-lysergamides","10":"product_cat-pellets","11":"product_tag-1p-lsd","12":"product_tag-1p-lsd-kopen","13":"product_tag-1p-lsd-150-mcg-pellets","14":"product_tag-lsd-bestellen","15":"product_tag-nl","17":"first","18":"instock","19":"shipping-taxable","20":"purchasable","21":"product-type-variable"},"_links":{"self":[{"href":"https:\/\/chemicalshoppers.com\/pl\/wp-json\/wp\/v2\/product\/397","targetHints":{"allow":["GET"]}}],"collection":[{"href":"https:\/\/chemicalshoppers.com\/pl\/wp-json\/wp\/v2\/product"}],"about":[{"href":"https:\/\/chemicalshoppers.com\/pl\/wp-json\/wp\/v2\/types\/product"}],"replies":[{"embeddable":true,"href":"https:\/\/chemicalshoppers.com\/pl\/wp-json\/wp\/v2\/comments?post=397"}],"version-history":[{"count":1,"href":"https:\/\/chemicalshoppers.com\/pl\/wp-json\/wp\/v2\/product\/397\/revisions"}],"predecessor-version":[{"id":16690,"href":"https:\/\/chemicalshoppers.com\/pl\/wp-json\/wp\/v2\/product\/397\/revisions\/16690"}],"wp:featuredmedia":[{"embeddable":true,"href":"https:\/\/chemicalshoppers.com\/pl\/wp-json\/wp\/v2\/media\/428"}],"wp:attachment":[{"href":"https:\/\/chemicalshoppers.com\/pl\/wp-json\/wp\/v2\/media?parent=397"}],"wp:term":[{"taxonomy":"product_brand","embeddable":true,"href":"https:\/\/chemicalshoppers.com\/pl\/wp-json\/wp\/v2\/product_brand?post=397"},{"taxonomy":"product_cat","embeddable":true,"href":"https:\/\/chemicalshoppers.com\/pl\/wp-json\/wp\/v2\/product_cat?post=397"},{"taxonomy":"product_tag","embeddable":true,"href":"https:\/\/chemicalshoppers.com\/pl\/wp-json\/wp\/v2\/product_tag?post=397"}],"curies":[{"name":"wp","href":"https:\/\/api.w.org\/{rel}","templated":true}]}}