{"id":677,"date":"2026-02-09T11:54:47","date_gmt":"2026-02-09T11:54:47","guid":{"rendered":"https:\/\/chemicalshoppers.com\/?post_type=product&#038;p=677"},"modified":"2026-02-13T13:07:36","modified_gmt":"2026-02-13T13:07:36","slug":"blue-mandala-2","status":"publish","type":"product","link":"https:\/\/chemicalshoppers.com\/sv\/product\/blue-mandala-2\/","title":{"rendered":"Bl\u00e5 Mandala Mix"},"content":{"rendered":"<p data-start=\"4843\" data-end=\"5084\"><strong data-start=\"4843\" data-end=\"4863\">Bl\u00e5 Mandala Mix<\/strong> \u00e4r en <strong data-start=\"4871\" data-end=\"4898\">analytisk formel f\u00f6r blandning<\/strong> anv\u00e4nds f\u00f6r <strong data-start=\"4923\" data-end=\"4959\">kriminalteknisk och kemisk unders\u00f6kning<\/strong>.<br data-start=\"4960\" data-end=\"4963\" \/>Den fungerar som <strong data-start=\"4977\" data-end=\"5000\">referensmaterial<\/strong> f\u00f6r kalibrering, identifiering av f\u00f6reningar och spektrometrisk j\u00e4mf\u00f6relse.<\/p>\n<p data-start=\"5086\" data-end=\"5341\">Blandningen hj\u00e4lper forskare att studera <strong data-start=\"5143\" data-end=\"5196\">kemisk sammans\u00e4ttning och detektionsegenskaper<\/strong> av komplexa prover.<br data-start=\"5219\" data-end=\"5222\" \/>Det \u00e4r <strong data-start=\"5229\" data-end=\"5279\">uteslutande avsedd f\u00f6r laboratorietestning<\/strong> och <strong data-start=\"5283\" data-end=\"5340\">inte l\u00e4mplig f\u00f6r konsumtion av m\u00e4nniskor eller djur<\/strong>.<\/p>\n<hr data-start=\"5343\" data-end=\"5346\" \/>\n<h3 data-start=\"5348\" data-end=\"5379\"><strong data-start=\"5352\" data-end=\"5379\">Viktiga funktioner<\/strong><\/h3>\n<ul data-start=\"5381\" data-end=\"5813\">\n<li data-start=\"5381\" data-end=\"5467\">\n<p data-start=\"5383\" data-end=\"5467\"><strong data-start=\"5383\" data-end=\"5403\">H\u00f6g renhet:<\/strong> Producerad under kontrollerade laboratorief\u00f6rh\u00e5llanden.<\/p>\n<\/li>\n<li data-start=\"5468\" data-end=\"5555\">\n<p data-start=\"5470\" data-end=\"5555\"><strong data-start=\"5470\" data-end=\"5500\">Flera sammans\u00e4ttningar:<\/strong> Utformad f\u00f6r kalibrering och j\u00e4mf\u00f6rande analys.<\/p>\n<\/li>\n<li data-start=\"5556\" data-end=\"5645\">\n<p data-start=\"5558\" data-end=\"5645\"><strong data-start=\"5558\" data-end=\"5591\">Certifierad dokumentation:<\/strong> Levereras med analyscertifikat och batchinformation.<\/p>\n<\/li>\n<li data-start=\"5646\" data-end=\"5737\">\n<p data-start=\"5648\" data-end=\"5737\"><strong data-start=\"5648\" data-end=\"5678\">Kompatibel med utrustning:<\/strong> L\u00e4mplig f\u00f6r <strong data-start=\"5693\" data-end=\"5702\">GC-MS<\/strong>, <strong data-start=\"5704\" data-end=\"5712\">HPLC<\/strong>, och <strong data-start=\"5717\" data-end=\"5725\">FTIR<\/strong> analyser.<\/p>\n<\/li>\n<li data-start=\"5738\" data-end=\"5813\">\n<p data-start=\"5740\" data-end=\"5813\"><strong data-start=\"5740\" data-end=\"5761\">Stabil formel:<\/strong> Bibeh\u00e5ller stabiliteten under korrekta lagringsf\u00f6rh\u00e5llanden.<\/p>\n<\/li>\n<\/ul>\n<hr data-start=\"5815\" data-end=\"5818\" \/>\n<h3 data-start=\"5820\" data-end=\"5837\"><strong data-start=\"5824\" data-end=\"5837\">F\u00f6rdelar<\/strong><\/h3>\n<ul data-start=\"5839\" data-end=\"6253\">\n<li data-start=\"5839\" data-end=\"5922\">\n<p data-start=\"5841\" data-end=\"5922\"><strong data-start=\"5841\" data-end=\"5878\">St\u00f6djer r\u00e4ttsmedicinsk forskning:<\/strong> Hj\u00e4lper till vid detektering av komplexa blandningar.<\/p>\n<\/li>\n<li data-start=\"5923\" data-end=\"6004\">\n<p data-start=\"5925\" data-end=\"6004\"><strong data-start=\"5925\" data-end=\"5952\">Tillf\u00f6rlitlig kalibrering:<\/strong> Ger konsekventa och reproducerbara resultat.<\/p>\n<\/li>\n<li data-start=\"6005\" data-end=\"6083\">\n<p data-start=\"6007\" data-end=\"6083\"><strong data-start=\"6007\" data-end=\"6033\">Pedagogisk till\u00e4mpning:<\/strong> L\u00e4mplig f\u00f6r undervisning och forskningsprojekt.<\/p>\n<\/li>\n<li data-start=\"6084\" data-end=\"6155\">\n<p data-start=\"6086\" data-end=\"6155\"><strong data-start=\"6086\" data-end=\"6114\">\u00d6kar noggrannheten:<\/strong> St\u00f6djer metodologisk validering.<\/p>\n<\/li>\n<li data-start=\"6156\" data-end=\"6253\">\n<p data-start=\"6158\" data-end=\"6253\"><strong data-start=\"6158\" data-end=\"6192\">Uppfyller s\u00e4kerhetsstandarder:<\/strong> Tillverkas enligt internationella kvalitetsriktlinjer.<\/p>\n<\/li>\n<\/ul>\n<hr data-start=\"6255\" data-end=\"6258\" \/>\n<h3 data-start=\"6260\" data-end=\"6321\"><strong data-start=\"6264\" data-end=\"6321\">Instruktioner f\u00f6r anv\u00e4ndning (endast f\u00f6r forsknings\u00e4ndam\u00e5l)<\/strong><\/h3>\n<ol data-start=\"6323\" data-end=\"6671\">\n<li data-start=\"6323\" data-end=\"6420\">\n<p data-start=\"6326\" data-end=\"6420\"><strong data-start=\"6326\" data-end=\"6344\">F\u00f6rberedelser:<\/strong> Anv\u00e4nd endast i godk\u00e4nda laboratorier med l\u00e4mplig skyddsutrustning.<\/p>\n<\/li>\n<li data-start=\"6421\" data-end=\"6518\">\n<p data-start=\"6424\" data-end=\"6518\"><strong data-start=\"6424\" data-end=\"6439\">Ans\u00f6kan:<\/strong> Anv\u00e4nd som <strong data-start=\"6452\" data-end=\"6475\">referensmaterial<\/strong> I analytiska och kriminaltekniska analyser.<\/p>\n<\/li>\n<li data-start=\"6519\" data-end=\"6582\">\n<p data-start=\"6522\" data-end=\"6582\"><strong data-start=\"6522\" data-end=\"6533\">F\u00f6rvaring:<\/strong> F\u00f6rvaras svalt, torrt och m\u00f6rkt, v\u00e4l tillslutet.<\/p>\n<\/li>\n<li data-start=\"6583\" data-end=\"6671\">\n<p data-start=\"6586\" data-end=\"6671\"><strong data-start=\"6586\" data-end=\"6597\">Dr\u00e4nering:<\/strong> Bortskaffa rester enligt lokala riktlinjer f\u00f6r hantering av kemiskt avfall.<\/p>\n<\/li>\n<\/ol>\n<hr data-start=\"6673\" data-end=\"6676\" \/>\n<h3 data-start=\"6678\" data-end=\"6712\"><strong data-start=\"6682\" data-end=\"6712\">S\u00e4kerhet och efterlevnad<\/strong><\/h3>\n<ul data-start=\"6714\" data-end=\"7157\">\n<li data-start=\"6714\" data-end=\"6809\">\n<p data-start=\"6716\" data-end=\"6809\"><strong data-start=\"6716\" data-end=\"6752\">Endast f\u00f6r laboratoriebruk:<\/strong> Ej l\u00e4mplig f\u00f6r konsumtion av m\u00e4nniskor eller djur.<\/p>\n<\/li>\n<li data-start=\"6810\" data-end=\"6933\">\n<p data-start=\"6812\" data-end=\"6933\"><strong data-start=\"6812\" data-end=\"6840\">Juridiska \u00f6verv\u00e4ganden:<\/strong> Kontrollera alltid lokal lagstiftning betr\u00e4ffande sammans\u00e4ttningen av denna produkt.<\/p>\n<\/li>\n<li data-start=\"6934\" data-end=\"7032\">\n<p data-start=\"6936\" data-end=\"7032\"><strong data-start=\"6936\" data-end=\"6964\">H\u00e4lsa och s\u00e4kerhet:<\/strong> Undvik kontakt och inandning; anv\u00e4nd standard laboratorie-PBM.<\/p>\n<\/li>\n<li data-start=\"7033\" data-end=\"7157\">\n<p data-start=\"7035\" data-end=\"7157\"><strong data-start=\"7035\" data-end=\"7052\">Dokumentation:<\/strong> A <strong data-start=\"7057\" data-end=\"7093\">s\u00e4kerhetsdatablad (MSDS)<\/strong> och <strong data-start=\"7097\" data-end=\"7125\">Analysintyg (COA)<\/strong> \u00e4r tillg\u00e4ngliga p\u00e5 beg\u00e4ran.<\/p>\n<\/li>\n<\/ul>\n<hr data-start=\"7159\" data-end=\"7162\" \/>\n<h3 data-start=\"7164\" data-end=\"7199\"><strong data-start=\"7168\" data-end=\"7199\">Vanliga fr\u00e5gor och svar (FAQ)<\/strong><\/h3>\n<p data-start=\"7201\" data-end=\"7376\"><strong data-start=\"7201\" data-end=\"7249\">1. Vad anv\u00e4nds Blue Mandala Mix f\u00f6r?<\/strong><br data-start=\"7249\" data-end=\"7252\" \/>Blue Mandala Mix anv\u00e4nds som <strong data-start=\"7288\" data-end=\"7311\">referensmaterial<\/strong> F\u00f6r kemisk och kriminalteknisk kalibrering och detektionstestning.<\/p>\n<p data-start=\"7378\" data-end=\"7552\"><strong data-start=\"7378\" data-end=\"7441\">2. \u00c4r Blue Mandala Mix l\u00e4mplig som m\u00e4nniskof\u00f6da?<\/strong><br data-start=\"7441\" data-end=\"7444\" \/>Nej, den h\u00e4r produkten \u00e4r <strong data-start=\"7464\" data-end=\"7502\">endast f\u00f6r forsknings\u00e4ndam\u00e5l<\/strong> och <strong data-start=\"7506\" data-end=\"7549\">inte godk\u00e4nd f\u00f6r anv\u00e4ndning p\u00e5 m\u00e4nniskor<\/strong>.<\/p>\n<p data-start=\"7554\" data-end=\"7689\"><strong data-start=\"7554\" data-end=\"7605\">3. Hur ska Blue Mandala Mix f\u00f6rvaras?<\/strong><br data-start=\"7605\" data-end=\"7608\" \/>F\u00f6rvaras svalt, torrt och m\u00f6rkt, v\u00e4l tillslutet och o\u00e5tkomligt f\u00f6r obeh\u00f6riga.<\/p>","protected":false},"excerpt":{"rendered":"<h3><span style=\"vertical-align: inherit;\"><span style=\"vertical-align: inherit;\">Blue Mandala properties:<\/span><\/span><\/h3>\n<ul>\n<li><span style=\"vertical-align: inherit;\"><span style=\"vertical-align: inherit;\">40 MG 2-FA<\/span><\/span><\/li>\n<li><span style=\"vertical-align: inherit;\"><span style=\"vertical-align: inherit;\">40 MG 4-FMA<\/span><\/span><\/li>\n<li><span style=\"vertical-align: inherit;\"><span style=\"vertical-align: inherit;\">20 MG 2-FMA<\/span><\/span><\/li>\n<\/ul>","protected":false},"featured_media":706,"comment_status":"closed","ping_status":"closed","template":"","meta":[],"product_brand":[],"product_cat":[326,31,89,17,32,306,307,26],"product_tag":[327,328,329,330,22],"class_list":{"0":"post-677","1":"product","2":"type-product","3":"status-publish","4":"has-post-thumbnail","6":"product_cat-2-fa","7":"product_cat-2-fma","8":"product_cat-4-fma","9":"product_cat-bijna-verboden","10":"product_cat-gefluoreerden","11":"product_cat-liquid-rc","12":"product_cat-mandala-mixes","13":"product_cat-sale","14":"product_tag-blue-mandala","15":"product_tag-blue-mandala-kopen","16":"product_tag-blue-mandala-mix","17":"product_tag-blue-mandala-mix-kopen","18":"product_tag-nl","20":"first","21":"instock","22":"sale","23":"shipping-taxable","24":"purchasable","25":"product-type-variable"},"_links":{"self":[{"href":"https:\/\/chemicalshoppers.com\/sv\/wp-json\/wp\/v2\/product\/677","targetHints":{"allow":["GET"]}}],"collection":[{"href":"https:\/\/chemicalshoppers.com\/sv\/wp-json\/wp\/v2\/product"}],"about":[{"href":"https:\/\/chemicalshoppers.com\/sv\/wp-json\/wp\/v2\/types\/product"}],"replies":[{"embeddable":true,"href":"https:\/\/chemicalshoppers.com\/sv\/wp-json\/wp\/v2\/comments?post=677"}],"version-history":[{"count":1,"href":"https:\/\/chemicalshoppers.com\/sv\/wp-json\/wp\/v2\/product\/677\/revisions"}],"predecessor-version":[{"id":16633,"href":"https:\/\/chemicalshoppers.com\/sv\/wp-json\/wp\/v2\/product\/677\/revisions\/16633"}],"wp:featuredmedia":[{"embeddable":true,"href":"https:\/\/chemicalshoppers.com\/sv\/wp-json\/wp\/v2\/media\/706"}],"wp:attachment":[{"href":"https:\/\/chemicalshoppers.com\/sv\/wp-json\/wp\/v2\/media?parent=677"}],"wp:term":[{"taxonomy":"product_brand","embeddable":true,"href":"https:\/\/chemicalshoppers.com\/sv\/wp-json\/wp\/v2\/product_brand?post=677"},{"taxonomy":"product_cat","embeddable":true,"href":"https:\/\/chemicalshoppers.com\/sv\/wp-json\/wp\/v2\/product_cat?post=677"},{"taxonomy":"product_tag","embeddable":true,"href":"https:\/\/chemicalshoppers.com\/sv\/wp-json\/wp\/v2\/product_tag?post=677"}],"curies":[{"name":"wp","href":"https:\/\/api.w.org\/{rel}","templated":true}]}}