{"id":1040,"date":"2026-02-09T11:55:38","date_gmt":"2026-02-09T11:55:38","guid":{"rendered":"https:\/\/chemicalshoppers.com\/?post_type=product&#038;p=1040"},"modified":"2026-02-13T12:21:25","modified_gmt":"2026-02-13T12:21:25","slug":"amt-25-mg-pellets","status":"publish","type":"product","link":"https:\/\/chemicalshoppers.com\/tr\/urun\/amt-25-mg-pellets\/","title":{"rendered":"aMT 25 mg Pelet"},"content":{"rendered":"<h3 data-start=\"5705\" data-end=\"5724\"><strong data-start=\"5709\" data-end=\"5724\">Giri\u015f<\/strong><\/h3>\n<p data-start=\"5726\" data-end=\"6029\"><strong data-start=\"5726\" data-end=\"5746\">aMT 25mg Pelet<\/strong> onun <strong data-start=\"5752\" data-end=\"5799\">laboratuvar sinifi test maddeleri\u0307<\/strong>, i\u00e7in geli\u015ftirilmi\u015ftir. <strong data-start=\"5817\" data-end=\"5861\">analitik ve bilimsel ara\u015ft\u0131rma<\/strong>.<br data-start=\"5862\" data-end=\"5865\" \/>Her pelet \u015funlar\u0131 i\u00e7erir <strong data-start=\"5883\" data-end=\"5924\">25 miligram \u03b1-Metiltriptamin (aMT)<\/strong> - i\u00e7in \u00e7al\u0131\u015f\u0131lan bir triptamin analo\u011fu <strong data-start=\"5984\" data-end=\"6026\">ki\u0307myasal ve yapisal \u00f6zelli\u0307kler<\/strong>. aMT 25mg Pelet<\/p>\n<p data-start=\"6031\" data-end=\"6229\">Alt\u0131nda \u00fcretilmi\u015ftir <strong data-start=\"6050\" data-end=\"6091\">GLP (\u0130yi Laboratuvar Uygulamalar\u0131) standartlar\u0131<\/strong>, bu peletler \u015funlar\u0131 sunar <strong data-start=\"6113\" data-end=\"6163\">do\u011fruluk, kararl\u0131l\u0131k ve tekrarlanabilirlik<\/strong>, i\u00e7in idealdir. <strong data-start=\"6177\" data-end=\"6226\">kimyasal, analitik ve resept\u00f6r \u00e7al\u0131\u015fmalar\u0131<\/strong>.<\/p>\n<blockquote data-start=\"6231\" data-end=\"6369\">\n<p data-start=\"6233\" data-end=\"6369\">\u26a0\ufe0f <strong data-start=\"6236\" data-end=\"6247\">Not:<\/strong> Bu \u00fcr\u00fcn yaln\u0131zca a\u015fa\u011f\u0131dakiler i\u00e7in tasarlanm\u0131\u015ft\u0131r <strong data-start=\"6288\" data-end=\"6313\">laboratuvar ara\u015ft\u0131rmas\u0131<\/strong>. \u0130nsan veya hayvan t\u00fcketimi i\u00e7in uygun de\u011fildir.<\/p>\n<\/blockquote>\n<hr data-start=\"6371\" data-end=\"6374\" \/>\n<h3 data-start=\"6376\" data-end=\"6407\"><strong data-start=\"6380\" data-end=\"6407\">Temel \u00f6zellikler<\/strong><\/h3>\n<ul data-start=\"6409\" data-end=\"6891\">\n<li data-start=\"6409\" data-end=\"6486\">\n<p data-start=\"6411\" data-end=\"6486\"><strong data-start=\"6411\" data-end=\"6431\">Tam dozaj:<\/strong> Her pelet \u015funlar\u0131 i\u00e7erir <strong data-start=\"6450\" data-end=\"6483\">25mg \u03b1-Metiltriptamin (aMT)<\/strong>.<\/p>\n<\/li>\n<li data-start=\"6487\" data-end=\"6577\">\n<p data-start=\"6489\" data-end=\"6577\"><strong data-start=\"6489\" data-end=\"6509\">Y\u00fcksek safl\u0131kta:<\/strong> \u226599% analitik s\u0131n\u0131f, laboratuvar ko\u015fullar\u0131nda test edilmi\u015ftir.<\/p>\n<\/li>\n<li data-start=\"6578\" data-end=\"6670\">\n<p data-start=\"6580\" data-end=\"6670\"><strong data-start=\"6580\" data-end=\"6597\">Toplu test edilmi\u015ftir:<\/strong> Her \u00fcretim partisi safl\u0131k ve stabilite a\u00e7\u0131s\u0131ndan kontrol edilir.<\/p>\n<\/li>\n<li data-start=\"6671\" data-end=\"6753\">\n<p data-start=\"6673\" data-end=\"6753\"><strong data-start=\"6673\" data-end=\"6697\">Kararl\u0131 pelet \u015fekli:<\/strong> Daha az kontaminasyon riski ve kolay kullan\u0131m.<\/p>\n<\/li>\n<li data-start=\"6754\" data-end=\"6822\">\n<p data-start=\"6756\" data-end=\"6822\"><strong data-start=\"6756\" data-end=\"6782\">Laboratuvar kalitesi:<\/strong> GLP kurallar\u0131na g\u00f6re \u00fcretilmi\u015ftir. aMT 25mg Pelet<\/p>\n<\/li>\n<li data-start=\"6823\" data-end=\"6891\">\n<p data-start=\"6825\" data-end=\"6891\"><strong data-start=\"6825\" data-end=\"6848\">G\u00fcvenli paketleme:<\/strong> S\u0131zd\u0131rmaz, hava ge\u00e7irmez ve neme dayan\u0131kl\u0131.<\/p>\n<\/li>\n<\/ul>\n<hr data-start=\"6893\" data-end=\"6896\" \/>\n<h3 data-start=\"6898\" data-end=\"6915\"><strong data-start=\"6902\" data-end=\"6915\">Avantajlar<\/strong><\/h3>\n<ol data-start=\"6917\" data-end=\"7330\">\n<li data-start=\"6917\" data-end=\"7013\">\n<p data-start=\"6920\" data-end=\"7013\"><strong data-start=\"6920\" data-end=\"6955\">S\u00fcrekli ara\u015ft\u0131rma bulgular\u0131:<\/strong> Her deneyde g\u00fcvenilir ve tekrarlanabilir veriler.<\/p>\n<\/li>\n<li data-start=\"7014\" data-end=\"7101\">\n<p data-start=\"7017\" data-end=\"7101\"><strong data-start=\"7017\" data-end=\"7042\">Hassas dozajlama:<\/strong> Pelet ba\u015f\u0131na 25 mg e\u015fit muayene ko\u015fullar\u0131 sa\u011flar.<\/p>\n<\/li>\n<li data-start=\"7102\" data-end=\"7173\">\n<p data-start=\"7105\" data-end=\"7173\"><strong data-start=\"7105\" data-end=\"7127\">G\u00fcvenli kullan\u0131m:<\/strong> Pelet formu kullan\u0131mdaki riskleri azalt\u0131r.<\/p>\n<\/li>\n<li data-start=\"7174\" data-end=\"7249\">\n<p data-start=\"7177\" data-end=\"7249\"><strong data-start=\"7177\" data-end=\"7204\">Uzun vadeli istikrar:<\/strong> Uygun depolama ile kimyasal olarak stabil kal\u0131r.<\/p>\n<\/li>\n<li data-start=\"7250\" data-end=\"7330\">\n<p data-start=\"7253\" data-end=\"7330\"><strong data-start=\"7253\" data-end=\"7281\">Profesyonel kalite:<\/strong> Uluslararas\u0131 laboratuvar standartlar\u0131n\u0131 kar\u015f\u0131lar.<\/p>\n<\/li>\n<\/ol>\n<hr data-start=\"7332\" data-end=\"7335\" \/>\n<h3 data-start=\"7337\" data-end=\"7376\"><strong data-start=\"7341\" data-end=\"7376\">Kullan\u0131m (Yaln\u0131zca Ara\u015ft\u0131rma)<\/strong><\/h3>\n<ol data-start=\"7378\" data-end=\"7727\">\n<li data-start=\"7378\" data-end=\"7460\">\n<p data-start=\"7381\" data-end=\"7460\"><strong data-start=\"7381\" data-end=\"7411\">Koruyucu giysi giyin<\/strong> eldiven, laboratuvar \u00f6nl\u00fc\u011f\u00fc ve koruyucu g\u00f6zl\u00fck gibi.<\/p>\n<\/li>\n<li data-start=\"7461\" data-end=\"7536\">\n<p data-start=\"7464\" data-end=\"7536\"><strong data-start=\"7464\" data-end=\"7502\">Kalibre edilmi\u015f aletler kullan\u0131n<\/strong> do\u011fru \u00f6l\u00e7\u00fcm ve tart\u0131m i\u00e7in.<\/p>\n<\/li>\n<li data-start=\"7537\" data-end=\"7609\">\n<p data-start=\"7540\" data-end=\"7609\"><strong data-start=\"7540\" data-end=\"7579\">Kontroll\u00fc bir ortamda \u00e7al\u0131\u015fmak<\/strong> kirlenmeyi \u00f6nlemek i\u00e7in.<\/p>\n<\/li>\n<li data-start=\"7610\" data-end=\"7668\">\n<p data-start=\"7613\" data-end=\"7668\"><strong data-start=\"7613\" data-end=\"7643\">Kullan\u0131lmayan peletleri saklay\u0131n<\/strong> serin, kuru ve karanl\u0131k.<\/p>\n<\/li>\n<li data-start=\"7669\" data-end=\"7727\">\n<p data-start=\"7672\" data-end=\"7727\"><strong data-start=\"7672\" data-end=\"7691\">At\u0131klar\u0131 \u00e7\u0131kar\u0131n<\/strong> g\u00fcvenlik y\u00f6netmeliklerine g\u00f6re.<\/p>\n<\/li>\n<\/ol>\n<blockquote data-start=\"7729\" data-end=\"7806\">\n<p data-start=\"7731\" data-end=\"7806\">\u2697\ufe0f <strong data-start=\"7734\" data-end=\"7806\">Sadece laboratuvar testleri i\u00e7indir - insan t\u00fcketimi i\u00e7in de\u011fildir.<\/strong><\/p>\n<\/blockquote>\n<hr data-start=\"7808\" data-end=\"7811\" \/>\n<h3 data-start=\"7813\" data-end=\"7838\"><strong data-start=\"7817\" data-end=\"7838\">Depolama talimatlar\u0131<\/strong><\/h3>\n<ul data-start=\"7840\" data-end=\"8046\">\n<li data-start=\"7840\" data-end=\"7908\">\n<p data-start=\"7842\" data-end=\"7908\">Kaydet <strong data-start=\"7853\" data-end=\"7864\">15-25\u00b0C<\/strong>, bir <strong data-start=\"7873\" data-end=\"7905\">serin, kuru, karanl\u0131k yer<\/strong>.<\/p>\n<\/li>\n<li data-start=\"7909\" data-end=\"7952\">\n<p data-start=\"7911\" data-end=\"7952\">Ambalaj\u0131 saklay\u0131n <strong data-start=\"7930\" data-end=\"7949\">iyi kapat\u0131lm\u0131\u015f<\/strong>.<\/p>\n<\/li>\n<li data-start=\"7953\" data-end=\"8003\">\n<p data-start=\"7955\" data-end=\"8003\">\u0130le temastan ka\u00e7\u0131n\u0131n <strong data-start=\"7975\" data-end=\"8000\">\u0131\u015f\u0131k, nem ve \u0131s\u0131<\/strong>.<\/p>\n<\/li>\n<li data-start=\"8004\" data-end=\"8046\">\n<p data-start=\"8006\" data-end=\"8046\">Yetkisiz ki\u015filerin ula\u015famayaca\u011f\u0131 yerlerde saklay\u0131n.<\/p>\n<\/li>\n<\/ul>\n<hr data-start=\"8048\" data-end=\"8051\" \/>\n<h3 data-start=\"8053\" data-end=\"8088\"><strong data-start=\"8057\" data-end=\"8088\">S\u0131k\u00e7a sorulan sorular (SSS)<\/strong><\/h3>\n<p data-start=\"8090\" data-end=\"8233\"><strong data-start=\"8090\" data-end=\"8130\">1. AMT 25mg ne i\u00e7in kullan\u0131l\u0131r?<\/strong><br data-start=\"8130\" data-end=\"8133\" \/>\u0130\u00e7in <strong data-start=\"8138\" data-end=\"8182\">bilimsel ve analitik ara\u015ft\u0131rma<\/strong> triptamin analoglar\u0131 ve resept\u00f6r etkile\u015fimleri.<\/p>\n<p data-start=\"8235\" data-end=\"8404\"><strong data-start=\"8235\" data-end=\"8282\">2. Bu \u00fcr\u00fcn t\u00fcketime uygun mu?<\/strong><br data-start=\"8282\" data-end=\"8285\" \/>Hay\u0131r. <strong data-start=\"8290\" data-end=\"8310\">aMT 25mg Pelet<\/strong> onun <strong data-start=\"8316\" data-end=\"8366\">sadece laboratuvar testleri i\u00e7in tasarlanm\u0131\u015ft\u0131r<\/strong> ve insan t\u00fcketimi i\u00e7in de\u011fil.<\/p>\n<p data-start=\"8406\" data-end=\"8551\"><strong data-start=\"8406\" data-end=\"8447\">3. \u00dcr\u00fcn\u00fc nas\u0131l do\u011fru \u015fekilde saklayabilirim?<\/strong><br data-start=\"8447\" data-end=\"8450\" \/>Bir yerde sakla <strong data-start=\"8468\" data-end=\"8514\">serin, kuru ve karanl\u0131k ortam (15-25\u00b0C)<\/strong> s\u0131k\u0131ca kapat\u0131lm\u0131\u015f bir kapta.<\/p>\n<hr data-start=\"8553\" data-end=\"8556\" \/>\n<h3 data-start=\"8558\" data-end=\"8575\"><strong data-start=\"8562\" data-end=\"8575\">Sonu\u00e7<\/strong><\/h3>\n<p data-start=\"8577\" data-end=\"8809\"><strong data-start=\"8577\" data-end=\"8597\">aMT 25mg Pelet<\/strong> teklif <strong data-start=\"8605\" data-end=\"8671\">hassas dozajlama, y\u00fcksek safl\u0131k ve kimyasal kararl\u0131l\u0131k<\/strong>, profesyonel analitik ara\u015ft\u0131rmalar i\u00e7in idealdir. A\u015fa\u011f\u0131dakilerle u\u011fra\u015fan laboratuvarlar i\u00e7in m\u00fckemmeldir <strong data-start=\"8771\" data-end=\"8806\">triptamin ile ilgili \u00e7al\u0131\u015fmalar<\/strong>.<\/p>","protected":false},"excerpt":{"rendered":"<h3><span style=\"vertical-align: inherit;\"><span style=\"vertical-align: inherit;\">aMT properties<\/span><\/span><\/h3>\n<p><strong><span style=\"vertical-align: inherit;\"><span style=\"vertical-align: inherit;\">Synonym:<\/span><\/span><\/strong><span style=\"vertical-align: inherit;\"><span style=\"vertical-align: inherit;\"> alpha-Methyltryptamine <\/span><\/span><br \/>\n<strong><span style=\"vertical-align: inherit;\"><span style=\"vertical-align: inherit;\">CAS Number:<\/span><\/span><\/strong><span style=\"vertical-align: inherit;\"><span style=\"vertical-align: inherit;\"> 299-26-3 <\/span><\/span><br \/>\n<strong><span style=\"vertical-align: inherit;\"><span style=\"vertical-align: inherit;\">Formula:<\/span><\/span><\/strong><span style=\"vertical-align: inherit;\"><span style=\"vertical-align: inherit;\"> C11H14N2 <\/span><\/span><br \/>\n<strong><span style=\"vertical-align: inherit;\"><span style=\"vertical-align: inherit;\">Molar Mass:<\/span><\/span><\/strong><span style=\"vertical-align: inherit;\"><span style=\"vertical-align: inherit;\"> 174.247 g mol\u22121 <\/span><\/span><br \/>\n<strong><span style=\"vertical-align: inherit;\"><span style=\"vertical-align: inherit;\">Purity:<\/span><\/span><\/strong><span style=\"vertical-align: inherit;\"><span style=\"vertical-align: inherit;\"> &gt;98%<\/span><\/span><\/p>","protected":false},"featured_media":1070,"comment_status":"closed","ping_status":"closed","template":"","meta":[],"product_brand":[],"product_cat":[418,445,71,41],"product_tag":[959,446,22],"class_list":{"0":"post-1040","1":"product","2":"type-product","3":"status-publish","4":"has-post-thumbnail","6":"product_cat-amt","7":"product_cat-amt-25-mg-pellets","8":"product_cat-pellets","9":"product_cat-tryptamine","10":"product_tag-amt","11":"product_tag-amt-25mg-pellets","12":"product_tag-nl","14":"first","15":"instock","16":"shipping-taxable","17":"purchasable","18":"product-type-variable"},"_links":{"self":[{"href":"https:\/\/chemicalshoppers.com\/tr\/wp-json\/wp\/v2\/product\/1040","targetHints":{"allow":["GET"]}}],"collection":[{"href":"https:\/\/chemicalshoppers.com\/tr\/wp-json\/wp\/v2\/product"}],"about":[{"href":"https:\/\/chemicalshoppers.com\/tr\/wp-json\/wp\/v2\/types\/product"}],"replies":[{"embeddable":true,"href":"https:\/\/chemicalshoppers.com\/tr\/wp-json\/wp\/v2\/comments?post=1040"}],"version-history":[{"count":1,"href":"https:\/\/chemicalshoppers.com\/tr\/wp-json\/wp\/v2\/product\/1040\/revisions"}],"predecessor-version":[{"id":16592,"href":"https:\/\/chemicalshoppers.com\/tr\/wp-json\/wp\/v2\/product\/1040\/revisions\/16592"}],"wp:featuredmedia":[{"embeddable":true,"href":"https:\/\/chemicalshoppers.com\/tr\/wp-json\/wp\/v2\/media\/1070"}],"wp:attachment":[{"href":"https:\/\/chemicalshoppers.com\/tr\/wp-json\/wp\/v2\/media?parent=1040"}],"wp:term":[{"taxonomy":"product_brand","embeddable":true,"href":"https:\/\/chemicalshoppers.com\/tr\/wp-json\/wp\/v2\/product_brand?post=1040"},{"taxonomy":"product_cat","embeddable":true,"href":"https:\/\/chemicalshoppers.com\/tr\/wp-json\/wp\/v2\/product_cat?post=1040"},{"taxonomy":"product_tag","embeddable":true,"href":"https:\/\/chemicalshoppers.com\/tr\/wp-json\/wp\/v2\/product_tag?post=1040"}],"curies":[{"name":"wp","href":"https:\/\/api.w.org\/{rel}","templated":true}]}}