{"id":1265,"date":"2026-02-09T11:56:12","date_gmt":"2026-02-09T11:56:12","guid":{"rendered":"https:\/\/chemicalshoppers.com\/?post_type=product&#038;p=1265"},"modified":"2026-02-13T11:32:11","modified_gmt":"2026-02-13T11:32:11","slug":"beta-k-2c-b-2","status":"publish","type":"product","link":"https:\/\/chemicalshoppers.com\/tr\/urun\/beta-k-2c-b-2\/","title":{"rendered":"RC+ Beta-k-2C-B zakje 3 pellets"},"content":{"rendered":"<h2 data-start=\"4868\" data-end=\"4894\"><strong data-start=\"4871\" data-end=\"4894\">Productbeschrijving<\/strong><\/h2>\n<p data-start=\"4896\" data-end=\"5173\"><strong data-start=\"4896\" data-end=\"4931\">RC+ Beta-k-2C-B zakje 3 pellets<\/strong> bir <strong data-start=\"4939\" data-end=\"4976\">onderzoeksstof van hoge kwaliteit<\/strong>, bedoeld voor analytisch, forensisch en academisch laboratoriumonderzoek. Deze verbinding maakt deel uit van de <strong data-start=\"5089\" data-end=\"5102\">RC+ serie<\/strong> en ondersteunt het onderzoek naar <strong data-start=\"5137\" data-end=\"5170\">nieuwe fenethylamine-analogen<\/strong>.<\/p>\n<p data-start=\"5175\" data-end=\"5338\">Elke verpakking bevat <strong data-start=\"5197\" data-end=\"5237\">drie nauwkeurig vervaardigde pellets<\/strong>, geproduceerd onder gecontroleerde omstandigheden voor maximale consistentie en reproduceerbaarheid.<\/p>\n<p data-start=\"5340\" data-end=\"5480\">\u26a0\ufe0f <strong data-start=\"5343\" data-end=\"5358\">Belangrijk:<\/strong> Bu \u00fcr\u00fcn <strong data-start=\"5374\" data-end=\"5423\">sadece ara\u015ft\u0131rma ama\u00e7l\u0131d\u0131r<\/strong> ve <strong data-start=\"5427\" data-end=\"5479\">niet geschikt voor menselijk of dierlijk gebruik<\/strong>.<\/p>\n<hr data-start=\"5482\" data-end=\"5485\" \/>\n<h2 data-start=\"5487\" data-end=\"5517\"><strong data-start=\"5490\" data-end=\"5517\">Temel \u00f6zellikler<\/strong><\/h2>\n<ul data-start=\"5519\" data-end=\"5905\">\n<li data-start=\"5519\" data-end=\"5570\">\n<p data-start=\"5521\" data-end=\"5570\"><strong data-start=\"5521\" data-end=\"5540\">Hoge Zuiverheid<\/strong> volgens laboratoriumnormen.<\/p>\n<\/li>\n<li data-start=\"5571\" data-end=\"5643\">\n<p data-start=\"5573\" data-end=\"5643\"><strong data-start=\"5573\" data-end=\"5604\">Gestandaardiseerde Dosering<\/strong> \u2013 elke pellet is exact samengesteld.<\/p>\n<\/li>\n<li data-start=\"5644\" data-end=\"5715\">\n<p data-start=\"5646\" data-end=\"5715\"><strong data-start=\"5646\" data-end=\"5670\">Stabiele Formulering<\/strong> \u2013 bestand tegen degradatie tijdens opslag.<\/p>\n<\/li>\n<li data-start=\"5716\" data-end=\"5795\">\n<p data-start=\"5718\" data-end=\"5795\"><strong data-start=\"5718\" data-end=\"5740\">G\u00fcvenli Paketleme<\/strong> \u2013 luchtdicht en verzegeld voor maximale bescherming.<\/p>\n<\/li>\n<li data-start=\"5796\" data-end=\"5905\">\n<p data-start=\"5798\" data-end=\"5905\"><strong data-start=\"5798\" data-end=\"5824\">Conform EU-Regelgeving<\/strong> \u2013 geproduceerd volgens de veiligheidsvoorschriften voor onderzoekschemicali\u00ebn.<\/p>\n<\/li>\n<\/ul>\n<hr data-start=\"5907\" data-end=\"5910\" \/>\n<h2 data-start=\"5912\" data-end=\"5946\"><strong data-start=\"5915\" data-end=\"5946\">Voordelen voor Onderzoekers<\/strong><\/h2>\n<ul data-start=\"5948\" data-end=\"6258\">\n<li data-start=\"5948\" data-end=\"6025\">\n<p data-start=\"5950\" data-end=\"6025\">Destekler <strong data-start=\"5962\" data-end=\"6003\">toxicologisch en analytisch onderzoek<\/strong> naar 2C-B-analogen.<\/p>\n<\/li>\n<li data-start=\"6026\" data-end=\"6087\">\n<p data-start=\"6028\" data-end=\"6087\">Geschikt voor <strong data-start=\"6042\" data-end=\"6084\">forensisch en farmacologisch onderzoek<\/strong>.<\/p>\n<\/li>\n<li data-start=\"6088\" data-end=\"6139\">\n<p data-start=\"6090\" data-end=\"6139\">Helpt bij <strong data-start=\"6100\" data-end=\"6136\">structurele vergelijkingsstudies<\/strong>.<\/p>\n<\/li>\n<li data-start=\"6140\" data-end=\"6192\">\n<p data-start=\"6142\" data-end=\"6192\">Biedt <strong data-start=\"6148\" data-end=\"6189\">referentiemonsters van hoge kwaliteit<\/strong>.<\/p>\n<\/li>\n<li data-start=\"6193\" data-end=\"6258\">\n<p data-start=\"6195\" data-end=\"6258\">Geschikt voor <strong data-start=\"6209\" data-end=\"6255\">methodeontwikkeling in LC-MS, GC-MS en NMR<\/strong>.<\/p>\n<\/li>\n<\/ul>\n<hr data-start=\"6260\" data-end=\"6263\" \/>\n<h2 data-start=\"6265\" data-end=\"6299\"><strong data-start=\"6268\" data-end=\"6299\">Gebruik (Onderzoekscontext)<\/strong><\/h2>\n<ol data-start=\"6301\" data-end=\"6567\">\n<li data-start=\"6301\" data-end=\"6346\">\n<p data-start=\"6304\" data-end=\"6346\">Alleen gebruiken in erkende laboratoria.<\/p>\n<\/li>\n<li data-start=\"6347\" data-end=\"6407\">\n<p data-start=\"6350\" data-end=\"6407\">Draag handschoenen, veiligheidsbril en laboratoriumjas.<\/p>\n<\/li>\n<li data-start=\"6408\" data-end=\"6469\">\n<p data-start=\"6411\" data-end=\"6469\">Gebruik precisie-instrumenten voor nauwkeurige metingen.<\/p>\n<\/li>\n<li data-start=\"6470\" data-end=\"6517\">\n<p data-start=\"6473\" data-end=\"6517\">Bewaar koel, droog en donker (onder 25\u00b0C).<\/p>\n<\/li>\n<li data-start=\"6518\" data-end=\"6567\">\n<p data-start=\"6521\" data-end=\"6567\">Verwijder resten volgens lokale regelgeving.<\/p>\n<\/li>\n<\/ol>\n<blockquote data-start=\"6569\" data-end=\"6664\">\n<p data-start=\"6571\" data-end=\"6664\"><strong data-start=\"6571\" data-end=\"6582\">Not:<\/strong> <em data-start=\"6583\" data-end=\"6616\">RC+ Beta-k-2C-B zakje 3 pellets<\/em> is <strong data-start=\"6620\" data-end=\"6663\">niet bedoeld voor menselijke consumptie<\/strong>.<\/p>\n<\/blockquote>\n<hr data-start=\"6666\" data-end=\"6669\" \/>\n<h2 data-start=\"6671\" data-end=\"6705\"><strong data-start=\"6674\" data-end=\"6705\">S\u0131k\u00e7a sorulan sorular (SSS)<\/strong><\/h2>\n<h3 data-start=\"6707\" data-end=\"6758\"><strong data-start=\"6711\" data-end=\"6758\">1. Waarvoor wordt RC+ Beta-k-2C-B gebruikt?<\/strong><\/h3>\n<p data-start=\"6759\" data-end=\"6859\">Deze stof wordt gebruikt voor <strong data-start=\"6789\" data-end=\"6830\">analytisch en toxicologisch onderzoek<\/strong> naar fenethylamine-analogen.<\/p>\n<hr data-start=\"6861\" data-end=\"6864\" \/>\n<h3 data-start=\"6866\" data-end=\"6909\"><strong data-start=\"6870\" data-end=\"6909\">2. Hoeveel pellets bevat \u00e9\u00e9n zakje?<\/strong><\/h3>\n<p data-start=\"6910\" data-end=\"7003\">Elk zakje bevat <strong data-start=\"6926\" data-end=\"6939\">3 pellets<\/strong>, zorgvuldig samengesteld voor consistente onderzoeksresultaten.<\/p>\n<hr data-start=\"7005\" data-end=\"7008\" \/>\n<h3 data-start=\"7010\" data-end=\"7082\"><strong data-start=\"7014\" data-end=\"7082\">3. Mag ik RC+ Beta-k-2C-B zakje 3 pellets kopen als particulier?<\/strong><\/h3>\n<p data-start=\"7083\" data-end=\"7187\">Nee, alleen <strong data-start=\"7095\" data-end=\"7129\">erkende onderzoeksinstellingen<\/strong> met de juiste vergunningen mogen dit product aanschaffen.<\/p>\n<hr data-start=\"7189\" data-end=\"7192\" \/>\n<h2 data-start=\"7194\" data-end=\"7222\"><strong data-start=\"7197\" data-end=\"7222\">Veiligheidsinformatie<\/strong><\/h2>\n<ul data-start=\"7224\" data-end=\"7402\">\n<li data-start=\"7224\" data-end=\"7276\">\n<p data-start=\"7226\" data-end=\"7276\">Gebruik uitsluitend in een laboratoriumomgeving.<\/p>\n<\/li>\n<li data-start=\"7277\" data-end=\"7314\">\n<p data-start=\"7279\" data-end=\"7314\">Vermijd contact met huid en ogen.<\/p>\n<\/li>\n<li data-start=\"7315\" data-end=\"7346\">\n<p data-start=\"7317\" data-end=\"7346\">Niet inademen of inslikken.<\/p>\n<\/li>\n<li data-start=\"7347\" data-end=\"7402\">\n<p data-start=\"7349\" data-end=\"7402\">Bewaar afgesloten en buiten bereik van onbevoegden.<\/p>\n<\/li>\n<\/ul>","protected":false},"excerpt":{"rendered":"<p><strong><span dir=\"auto\" style=\"vertical-align: inherit;\"><span dir=\"auto\" style=\"vertical-align: inherit;\">Synonym:<\/span><\/span><\/strong><span dir=\"auto\" style=\"vertical-align: inherit;\"><span dir=\"auto\" style=\"vertical-align: inherit;\"> bk-2C-B <\/span><\/span><br \/>\n<strong><span dir=\"auto\" style=\"vertical-align: inherit;\"><span dir=\"auto\" style=\"vertical-align: inherit;\">CAS Number: <\/span><\/span><\/strong><br \/>\n<strong><span dir=\"auto\" style=\"vertical-align: inherit;\"><span dir=\"auto\" style=\"vertical-align: inherit;\">Formula:<\/span><\/span><\/strong><span dir=\"auto\" style=\"vertical-align: inherit;\"><span dir=\"auto\" style=\"vertical-align: inherit;\"> 2-amino-1-(4-bromo-2,5-dimethoxyphenyl)-ethanone hydrochloride <\/span><\/span><br \/>\n<strong><span dir=\"auto\" style=\"vertical-align: inherit;\"><span dir=\"auto\" style=\"vertical-align: inherit;\">Molar mass:<\/span><\/span><\/strong><span dir=\"auto\" style=\"vertical-align: inherit;\"><span dir=\"auto\" style=\"vertical-align: inherit;\"> 296.6 g\/mol <\/span><\/span><br \/>\n<strong><span dir=\"auto\" style=\"vertical-align: inherit;\"><span dir=\"auto\" style=\"vertical-align: inherit;\">Purity:<\/span><\/span><\/strong><span dir=\"auto\" style=\"vertical-align: inherit;\"><span dir=\"auto\" style=\"vertical-align: inherit;\"> &gt;97%<\/span><\/span><\/p>","protected":false},"featured_media":1283,"comment_status":"closed","ping_status":"closed","template":"","meta":[],"product_brand":[23],"product_cat":[468],"product_tag":[545,546,547,22,548],"class_list":{"0":"post-1265","1":"product","2":"type-product","3":"status-publish","4":"has-post-thumbnail","6":"product_brand-research-chemical","7":"product_cat-b2b","8":"product_tag-2c-b-analogon-pellets","9":"product_tag-beta-k-2c-b","10":"product_tag-beta-k-2c-b-onderzoek","11":"product_tag-nl","12":"product_tag-rc-psychedelische-fenethylamine","14":"first","15":"instock","16":"shipping-taxable","17":"purchasable","18":"product-type-variable"},"_links":{"self":[{"href":"https:\/\/chemicalshoppers.com\/tr\/wp-json\/wp\/v2\/product\/1265","targetHints":{"allow":["GET"]}}],"collection":[{"href":"https:\/\/chemicalshoppers.com\/tr\/wp-json\/wp\/v2\/product"}],"about":[{"href":"https:\/\/chemicalshoppers.com\/tr\/wp-json\/wp\/v2\/types\/product"}],"replies":[{"embeddable":true,"href":"https:\/\/chemicalshoppers.com\/tr\/wp-json\/wp\/v2\/comments?post=1265"}],"version-history":[{"count":1,"href":"https:\/\/chemicalshoppers.com\/tr\/wp-json\/wp\/v2\/product\/1265\/revisions"}],"predecessor-version":[{"id":16541,"href":"https:\/\/chemicalshoppers.com\/tr\/wp-json\/wp\/v2\/product\/1265\/revisions\/16541"}],"wp:featuredmedia":[{"embeddable":true,"href":"https:\/\/chemicalshoppers.com\/tr\/wp-json\/wp\/v2\/media\/1283"}],"wp:attachment":[{"href":"https:\/\/chemicalshoppers.com\/tr\/wp-json\/wp\/v2\/media?parent=1265"}],"wp:term":[{"taxonomy":"product_brand","embeddable":true,"href":"https:\/\/chemicalshoppers.com\/tr\/wp-json\/wp\/v2\/product_brand?post=1265"},{"taxonomy":"product_cat","embeddable":true,"href":"https:\/\/chemicalshoppers.com\/tr\/wp-json\/wp\/v2\/product_cat?post=1265"},{"taxonomy":"product_tag","embeddable":true,"href":"https:\/\/chemicalshoppers.com\/tr\/wp-json\/wp\/v2\/product_tag?post=1265"}],"curies":[{"name":"wp","href":"https:\/\/api.w.org\/{rel}","templated":true}]}}