{"id":378,"date":"2026-02-09T11:52:42","date_gmt":"2026-02-09T11:52:42","guid":{"rendered":"https:\/\/chemicalshoppers.com\/?post_type=product&#038;p=378"},"modified":"2026-02-13T16:07:10","modified_gmt":"2026-02-13T16:07:10","slug":"5-meo-dmt-hydrochloride","status":"publish","type":"product","link":"https:\/\/chemicalshoppers.com\/tr\/urun\/5-meo-dmt-hydrochloride\/","title":{"rendered":"5-MeO-DMT hidroklor\u00fcr"},"content":{"rendered":"<p data-start=\"4011\" data-end=\"4213\"><strong data-start=\"4011\" data-end=\"4077\">5-MeO-DMT Hydrochloride (5-Methoxy-N,N-Dimethyltryptamine HCl)<\/strong> bir <strong data-start=\"4085\" data-end=\"4127\">y\u00fcksek safl\u0131kta ara\u015ft\u0131rma bile\u015fi\u011fi<\/strong>, i\u00e7in geli\u015ftirilmi\u015ftir. <strong data-start=\"4145\" data-end=\"4210\">n\u00f6robilim, farmakoloji ve analitik ara\u015ft\u0131rma<\/strong>.<\/p>\n<p data-start=\"4215\" data-end=\"4497\">As <strong data-start=\"4219\" data-end=\"4249\">do\u011fal indol alkaloid<\/strong> 5-MeO-DMT, a\u015fa\u011f\u0131dakilerle yak\u0131ndan ili\u015fkilidir <strong data-start=\"4280\" data-end=\"4312\">DMT (N,N-Dimetiltriptamin)<\/strong> ve <strong data-start=\"4316\" data-end=\"4330\">bufotenine<\/strong>. Bu <strong data-start=\"4335\" data-end=\"4374\">5 pozisyonunda metoksi ikamesi<\/strong> indol halkas\u0131n\u0131n <strong data-start=\"4407\" data-end=\"4437\">resept\u00f6r ba\u011flama aktivitesi<\/strong>, \u00f6zellikle de <strong data-start=\"4450\" data-end=\"4494\">serotonin resept\u00f6rleri (5-HT1A ve 5-HT2A)<\/strong>.<\/p>\n<p data-start=\"4499\" data-end=\"4681\">Bu <strong data-start=\"4502\" data-end=\"4529\">hidroklor\u00fcr formu (HCl)<\/strong> art\u0131r\u0131r <strong data-start=\"4542\" data-end=\"4608\">kimyasal stabilite, \u00e7\u00f6z\u00fcn\u00fcrl\u00fck ve kullan\u0131m g\u00fcvenli\u011fi<\/strong>, Bu da onu uzun s\u00fcreli depolama ve laboratuvar ara\u015ft\u0131rmalar\u0131 i\u00e7in ideal hale getirir.<\/p>\n<blockquote data-start=\"4683\" data-end=\"4834\">\n<p data-start=\"4685\" data-end=\"4834\">\u26a0\ufe0f <strong data-start=\"4688\" data-end=\"4699\">Not:<\/strong> Bu \u00fcr\u00fcn <strong data-start=\"4715\" data-end=\"4770\">sadece bilimsel ara\u015ft\u0131rma i\u00e7in tasarlanm\u0131\u015ft\u0131r<\/strong> ve <strong data-start=\"4774\" data-end=\"4831\">insan veya hayvan t\u00fcketimi i\u00e7in uygun de\u011fildir<\/strong>.<\/p>\n<\/blockquote>\n<hr data-start=\"4836\" data-end=\"4839\" \/>\n<h3 data-start=\"4841\" data-end=\"4872\"><strong data-start=\"4845\" data-end=\"4872\">Temel \u00f6zellikler<\/strong><\/h3>\n<ul data-start=\"4873\" data-end=\"5277\">\n<li data-start=\"4873\" data-end=\"4960\">\n<p data-start=\"4875\" data-end=\"4960\"><strong data-start=\"4875\" data-end=\"4901\">Y\u00fcksek Safl\u0131k (\u226599%)<\/strong> - Geli\u015fmi\u015f analitik tekniklerle laboratuvarda test edilmi\u015ftir.<\/p>\n<\/li>\n<li data-start=\"4961\" data-end=\"5037\">\n<p data-start=\"4963\" data-end=\"5037\"><strong data-start=\"4963\" data-end=\"4993\">Stabil Hidroklor\u00fcr formu<\/strong> - Raf \u00f6mr\u00fcn\u00fc ve \u00e7\u00f6z\u00fcn\u00fcrl\u00fc\u011f\u00fc artt\u0131r\u0131r.<\/p>\n<\/li>\n<li data-start=\"5038\" data-end=\"5125\">\n<p data-start=\"5040\" data-end=\"5125\"><strong data-start=\"5040\" data-end=\"5079\">Farmakolojik Ara\u015ft\u0131rma Standard\u0131<\/strong> - Resept\u00f6r ve SAR \u00e7al\u0131\u015fmalar\u0131 i\u00e7in uygundur.<\/p>\n<\/li>\n<li data-start=\"5126\" data-end=\"5196\">\n<p data-start=\"5128\" data-end=\"5196\"><strong data-start=\"5128\" data-end=\"5153\">Tutarl\u0131 Kalite<\/strong> - GMP benzeri standartlar alt\u0131nda \u00fcretilmi\u015ftir.<\/p>\n<\/li>\n<li data-start=\"5197\" data-end=\"5277\">\n<p data-start=\"5199\" data-end=\"5277\"><strong data-start=\"5199\" data-end=\"5221\">G\u00fcvenli Paketleme<\/strong> - Maksimum koruma i\u00e7in hava ge\u00e7irmez ve \u0131\u015f\u0131k ge\u00e7irmez.<\/p>\n<\/li>\n<\/ul>\n<hr data-start=\"5279\" data-end=\"5282\" \/>\n<h3 data-start=\"5284\" data-end=\"5301\"><strong data-start=\"5288\" data-end=\"5301\">Avantajlar<\/strong><\/h3>\n<ul data-start=\"5302\" data-end=\"5577\">\n<li data-start=\"5302\" data-end=\"5382\">\n<p data-start=\"5304\" data-end=\"5382\">Destekler <strong data-start=\"5316\" data-end=\"5379\">serotonin resept\u00f6rleri ve triptamin analoglar\u0131 \u00fczerine ara\u015ft\u0131rma<\/strong>.<\/p>\n<\/li>\n<li data-start=\"5383\" data-end=\"5461\">\n<p data-start=\"5385\" data-end=\"5461\"><strong data-start=\"5385\" data-end=\"5430\">G\u00fcvenilir ve tekrarlanabilir sonu\u00e7lar<\/strong> farmakolojik ara\u015ft\u0131rmalarda.<\/p>\n<\/li>\n<li data-start=\"5462\" data-end=\"5509\">\n<p data-start=\"5464\" data-end=\"5509\"><strong data-start=\"5464\" data-end=\"5486\">Daha iyi stabilite<\/strong> freebase formundan daha fazla.<\/p>\n<\/li>\n<li data-start=\"5510\" data-end=\"5577\">\n<p data-start=\"5512\" data-end=\"5577\">\u015eunlar i\u00e7in ideal <strong data-start=\"5524\" data-end=\"5574\">akademik, analitik ve adli ara\u015ft\u0131rmalar<\/strong>.<\/p>\n<\/li>\n<\/ul>\n<hr data-start=\"5579\" data-end=\"5582\" \/>\n<h3 data-start=\"5584\" data-end=\"5599\"><strong data-start=\"5588\" data-end=\"5599\">Kullan\u0131m<\/strong><\/h3>\n<ul data-start=\"5600\" data-end=\"5871\">\n<li data-start=\"5600\" data-end=\"5670\">\n<p data-start=\"5602\" data-end=\"5670\">Sadece a\u015fa\u011f\u0131dakiler taraf\u0131ndan kullan\u0131lmak \u00fczere <strong data-start=\"5627\" data-end=\"5667\">kali\u0307fi\u0307ye laboratuvar personeli\u0307<\/strong>.<\/p>\n<\/li>\n<li data-start=\"5671\" data-end=\"5747\">\n<p data-start=\"5673\" data-end=\"5747\">Uygun olan\u0131 kullan\u0131n <strong data-start=\"5691\" data-end=\"5715\">koruyucu eki\u0307pman<\/strong> (eldivenler, g\u00f6zl\u00fckler, laboratuvar \u00f6nl\u00fc\u011f\u00fc).<\/p>\n<\/li>\n<li data-start=\"5748\" data-end=\"5812\">\n<p data-start=\"5750\" data-end=\"5812\">\u00dczerinde saklay\u0131n <strong data-start=\"5765\" data-end=\"5799\">serin, kuru ve karanl\u0131k bir yerde<\/strong> (15-25\u00b0C).<\/p>\n<\/li>\n<li data-start=\"5813\" data-end=\"5871\">\n<p data-start=\"5815\" data-end=\"5871\">\u0130nsan veya hayvan t\u00fcketimi i\u00e7in uygun de\u011fildir.<\/p>\n<\/li>\n<\/ul>\n<hr data-start=\"5873\" data-end=\"5876\" \/>\n<h3 data-start=\"5878\" data-end=\"5913\"><strong data-start=\"5882\" data-end=\"5913\">S\u0131k\u00e7a sorulan sorular (SSS)<\/strong><\/h3>\n<p data-start=\"5915\" data-end=\"6140\"><strong data-start=\"5915\" data-end=\"5970\">1. 5-MeO-DMT Hidroklor\u00fcr ne i\u00e7in kullan\u0131l\u0131r?<\/strong><br data-start=\"5970\" data-end=\"5973\" \/>5-MeO-DMT Hidroklor\u00fcr \u015fu alanlarda kullan\u0131l\u0131r <strong data-start=\"6015\" data-end=\"6068\">n\u00f6robilim ve farmakoloji ara\u015ft\u0131rmalar\u0131<\/strong> serotonin resept\u00f6rleri ve yap\u0131-aktivite ili\u015fkileri (SAR).<\/p>\n<p data-start=\"6142\" data-end=\"6328\"><strong data-start=\"6142\" data-end=\"6206\">2. 5-MeO-DMT Hidroklor\u00fcr insan kullan\u0131m\u0131 i\u00e7in g\u00fcvenli midir?<\/strong><br data-start=\"6206\" data-end=\"6209\" \/>Hay\u0131r. Bu \u00fcr\u00fcn <strong data-start=\"6229\" data-end=\"6278\">sadece ara\u015ft\u0131rma ama\u00e7l\u0131d\u0131r<\/strong> ve insan t\u00fcketimi i\u00e7in onaylanmam\u0131\u015ft\u0131r.<\/p>\n<p data-start=\"6330\" data-end=\"6499\"><strong data-start=\"6330\" data-end=\"6385\">3. 5-MeO-DMT Hidroklor\u00fcr nas\u0131l saklanmal\u0131d\u0131r?<\/strong><br data-start=\"6385\" data-end=\"6388\" \/>\u0130\u00e7inde saklay\u0131n <strong data-start=\"6403\" data-end=\"6433\">s\u0131k\u0131ca kapat\u0131lm\u0131\u015f ambalaj<\/strong> oda s\u0131cakl\u0131\u011f\u0131nda (15-25\u00b0C), \u0131\u015f\u0131k ve nemden korunarak saklanmal\u0131d\u0131r.<\/p>","protected":false},"excerpt":{"rendered":"<h3><span data-sheets-value=\"{\" data-sheets-userformat=\"{\"><span dir=\"auto\" style=\"vertical-align: inherit;\"><span dir=\"auto\" style=\"vertical-align: inherit;\">5-MeO-DMT hydrochloride properties<\/span><\/span><\/span><\/h3>\n<p><strong><span dir=\"auto\" style=\"vertical-align: inherit;\"><span dir=\"auto\" style=\"vertical-align: inherit;\">Synonym:<\/span><\/span><\/strong><span dir=\"auto\" style=\"vertical-align: inherit;\"><span dir=\"auto\" style=\"vertical-align: inherit;\"> 5-methoxy-N,N-dimethyltryptamine hydrochloride <\/span><\/span><br \/>\n<strong><span dir=\"auto\" style=\"vertical-align: inherit;\"><span dir=\"auto\" style=\"vertical-align: inherit;\">CAS Number:<\/span><\/span><\/strong><span dir=\"auto\" style=\"vertical-align: inherit;\"><span dir=\"auto\" style=\"vertical-align: inherit;\"> n\/a <\/span><\/span><br \/>\n<strong><span dir=\"auto\" style=\"vertical-align: inherit;\"><span dir=\"auto\" style=\"vertical-align: inherit;\">Formula:<\/span><\/span><\/strong><span dir=\"auto\" style=\"vertical-align: inherit;\"><span dir=\"auto\" style=\"vertical-align: inherit;\"> 3-[2-(dimethylamino)ethyl]-5-methoxyindole hydrochloride <\/span><\/span><br \/>\n<strong><span dir=\"auto\" style=\"vertical-align: inherit;\"><span dir=\"auto\" style=\"vertical-align: inherit;\">Molar mass:<\/span><\/span><\/strong><span dir=\"auto\" style=\"vertical-align: inherit;\"><span dir=\"auto\" style=\"vertical-align: inherit;\"> 254.8 g\/mol <\/span><\/span><br \/>\n<strong><span dir=\"auto\" style=\"vertical-align: inherit;\"><span dir=\"auto\" style=\"vertical-align: inherit;\">Purity:<\/span><\/span><\/strong><span dir=\"auto\" style=\"vertical-align: inherit;\"><span dir=\"auto\" style=\"vertical-align: inherit;\"> &gt;97%<\/span><\/span><\/p>\n","protected":false},"featured_media":410,"comment_status":"closed","ping_status":"closed","template":"","meta":[],"product_brand":[],"product_cat":[224,41],"product_tag":[227,228,22],"class_list":{"0":"post-378","1":"product","2":"type-product","3":"status-publish","4":"has-post-thumbnail","6":"product_cat-dmt-5-meo-dmt","7":"product_cat-tryptamine","8":"product_tag-5-meo-dmt-hydrochloride","9":"product_tag-5-meo-dmt-hydrochloride-kopen","10":"product_tag-nl","12":"first","13":"instock","14":"shipping-taxable","15":"purchasable","16":"product-type-variable"},"_links":{"self":[{"href":"https:\/\/chemicalshoppers.com\/tr\/wp-json\/wp\/v2\/product\/378","targetHints":{"allow":["GET"]}}],"collection":[{"href":"https:\/\/chemicalshoppers.com\/tr\/wp-json\/wp\/v2\/product"}],"about":[{"href":"https:\/\/chemicalshoppers.com\/tr\/wp-json\/wp\/v2\/types\/product"}],"replies":[{"embeddable":true,"href":"https:\/\/chemicalshoppers.com\/tr\/wp-json\/wp\/v2\/comments?post=378"}],"version-history":[{"count":1,"href":"https:\/\/chemicalshoppers.com\/tr\/wp-json\/wp\/v2\/product\/378\/revisions"}],"predecessor-version":[{"id":16716,"href":"https:\/\/chemicalshoppers.com\/tr\/wp-json\/wp\/v2\/product\/378\/revisions\/16716"}],"wp:featuredmedia":[{"embeddable":true,"href":"https:\/\/chemicalshoppers.com\/tr\/wp-json\/wp\/v2\/media\/410"}],"wp:attachment":[{"href":"https:\/\/chemicalshoppers.com\/tr\/wp-json\/wp\/v2\/media?parent=378"}],"wp:term":[{"taxonomy":"product_brand","embeddable":true,"href":"https:\/\/chemicalshoppers.com\/tr\/wp-json\/wp\/v2\/product_brand?post=378"},{"taxonomy":"product_cat","embeddable":true,"href":"https:\/\/chemicalshoppers.com\/tr\/wp-json\/wp\/v2\/product_cat?post=378"},{"taxonomy":"product_tag","embeddable":true,"href":"https:\/\/chemicalshoppers.com\/tr\/wp-json\/wp\/v2\/product_tag?post=378"}],"curies":[{"name":"wp","href":"https:\/\/api.w.org\/{rel}","templated":true}]}}