{"id":385,"date":"2026-02-09T11:52:43","date_gmt":"2026-02-09T11:52:43","guid":{"rendered":"https:\/\/chemicalshoppers.com\/?post_type=product&#038;p=385"},"modified":"2026-02-13T15:57:50","modified_gmt":"2026-02-13T15:57:50","slug":"mpt-fumarate-n-methyl-n-propyltryptamine","status":"publish","type":"product","link":"https:\/\/chemicalshoppers.com\/tr\/urun\/mpt-fumarate-n-methyl-n-propyltryptamine\/","title":{"rendered":"MPT fumarate (N-methyl-N-propyltryptamine)"},"content":{"rendered":"<h3><strong><span dir=\"auto\" style=\"vertical-align: inherit;\"><span dir=\"auto\" style=\"vertical-align: inherit;\">MPT Fumarate (N-methyl-N-propyltryptamine) \u2013 Product Description, Use &amp; Safety Information<\/span><\/span><\/strong><\/h3>\n<p data-start=\"3731\" data-end=\"3913\"><strong data-start=\"3731\" data-end=\"3777\">MPT Fumaraat (N-Methyl-N-Propyltryptamine)<\/strong> bir <strong data-start=\"3785\" data-end=\"3827\">y\u00fcksek safl\u0131kta ara\u015ft\u0131rma bile\u015fi\u011fi<\/strong>, i\u00e7in geli\u015ftirilmi\u015ftir. <strong data-start=\"3845\" data-end=\"3910\">n\u00f6robilim, farmakoloji ve analitik ara\u015ft\u0131rma<\/strong>. mpt fumarate<\/p>\n<p data-start=\"3915\" data-end=\"4145\">MPT behoort tot de <strong data-start=\"3934\" data-end=\"3955\">tryptaminefamilie<\/strong>, nauw verwant aan verbindingen zoals <strong data-start=\"3993\" data-end=\"4000\">DMT<\/strong> ve <strong data-start=\"4004\" data-end=\"4012\">MiPT<\/strong>, en wordt gebruikt voor <strong data-start=\"4037\" data-end=\"4096\">onderzoek naar serotonine-receptoren (5-HT2A en 5-HT1A)<\/strong> ve <strong data-start=\"4100\" data-end=\"4142\">structure-activity relationships (SAR)<\/strong>.<\/p>\n<p data-start=\"4147\" data-end=\"4326\">Bu <strong data-start=\"4150\" data-end=\"4170\">fumaraatzoutvorm<\/strong> zorgt voor <strong data-start=\"4182\" data-end=\"4245\">betere chemische stabiliteit, oplosbaarheid en houdbaarheid<\/strong>, wat essentieel is voor langdurige opslag en nauwkeurig laboratoriumonderzoek.<\/p>\n<blockquote data-start=\"4328\" data-end=\"4479\">\n<p data-start=\"4330\" data-end=\"4479\">\u26a0\ufe0f <strong data-start=\"4333\" data-end=\"4344\">Not:<\/strong> Bu \u00fcr\u00fcn <strong data-start=\"4360\" data-end=\"4415\">sadece bilimsel ara\u015ft\u0131rma i\u00e7in tasarlanm\u0131\u015ft\u0131r<\/strong> ve <strong data-start=\"4419\" data-end=\"4476\">insan veya hayvan t\u00fcketimi i\u00e7in uygun de\u011fildir<\/strong>.<\/p>\n<\/blockquote>\n<hr data-start=\"4481\" data-end=\"4484\" \/>\n<h3 data-start=\"4486\" data-end=\"4517\"><strong data-start=\"4490\" data-end=\"4517\">Temel \u00f6zellikler<\/strong><\/h3>\n<ul data-start=\"4518\" data-end=\"4933\">\n<li data-start=\"4518\" data-end=\"4613\">\n<p data-start=\"4520\" data-end=\"4613\"><strong data-start=\"4520\" data-end=\"4546\">Y\u00fcksek Safl\u0131k (\u226599%)<\/strong> \u2013 Laboratoriumgetest voor identiteit en chemische samenstelling.<\/p>\n<\/li>\n<li data-start=\"4614\" data-end=\"4693\">\n<p data-start=\"4616\" data-end=\"4693\"><strong data-start=\"4616\" data-end=\"4645\">Stabiele Fumaraatzoutvorm<\/strong> \u2013 Verhoogt houdbaarheid en opslagstabiliteit.<\/p>\n<\/li>\n<li data-start=\"4694\" data-end=\"4781\">\n<p data-start=\"4696\" data-end=\"4781\"><strong data-start=\"4696\" data-end=\"4735\">Farmakolojik Ara\u015ft\u0131rma Standard\u0131<\/strong> \u2013 Geschikt voor receptor- en SAR-onderzoek. mpt fumarate<\/p>\n<\/li>\n<li data-start=\"4782\" data-end=\"4852\">\n<p data-start=\"4784\" data-end=\"4852\"><strong data-start=\"4784\" data-end=\"4809\">Tutarl\u0131 Kalite<\/strong> - GMP benzeri standartlar alt\u0131nda \u00fcretilmi\u015ftir.<\/p>\n<\/li>\n<li data-start=\"4853\" data-end=\"4933\">\n<p data-start=\"4855\" data-end=\"4933\"><strong data-start=\"4855\" data-end=\"4877\">G\u00fcvenli Paketleme<\/strong> - Maksimum koruma i\u00e7in hava ge\u00e7irmez ve \u0131\u015f\u0131k ge\u00e7irmez.<\/p>\n<\/li>\n<\/ul>\n<hr data-start=\"4935\" data-end=\"4938\" \/>\n<h3 data-start=\"4940\" data-end=\"4957\"><strong data-start=\"4944\" data-end=\"4957\">Avantajlar<\/strong><\/h3>\n<ul data-start=\"4958\" data-end=\"5228\">\n<li data-start=\"4958\" data-end=\"5038\">\n<p data-start=\"4960\" data-end=\"5038\">Destekler <strong data-start=\"4972\" data-end=\"5035\">serotonin resept\u00f6rleri ve triptamin analoglar\u0131 \u00fczerine ara\u015ft\u0131rma<\/strong>.<\/p>\n<\/li>\n<li data-start=\"5039\" data-end=\"5099\">\n<p data-start=\"5041\" data-end=\"5099\"><strong data-start=\"5041\" data-end=\"5096\">Betrouwbare en reproduceerbare onderzoeksresultaten<\/strong>.<\/p>\n<\/li>\n<li data-start=\"5100\" data-end=\"5154\">\n<p data-start=\"5102\" data-end=\"5154\"><strong data-start=\"5102\" data-end=\"5128\">Verbeterde stabiliteit<\/strong> voor langdurige opslag.<\/p>\n<\/li>\n<li data-start=\"5155\" data-end=\"5228\">\n<p data-start=\"5157\" data-end=\"5228\">Geschikt voor <strong data-start=\"5171\" data-end=\"5225\">academisch, farmacologisch en analytisch onderzoek<\/strong>.<\/p>\n<\/li>\n<\/ul>\n<hr data-start=\"5230\" data-end=\"5233\" \/>\n<h3 data-start=\"5235\" data-end=\"5250\"><strong data-start=\"5239\" data-end=\"5250\">Kullan\u0131m<\/strong><\/h3>\n<ul data-start=\"5251\" data-end=\"5522\">\n<li data-start=\"5251\" data-end=\"5321\">\n<p data-start=\"5253\" data-end=\"5321\">Sadece a\u015fa\u011f\u0131dakiler taraf\u0131ndan kullan\u0131lmak \u00fczere <strong data-start=\"5278\" data-end=\"5318\">kali\u0307fi\u0307ye laboratuvar personeli\u0307<\/strong>.<\/p>\n<\/li>\n<li data-start=\"5322\" data-end=\"5398\">\n<p data-start=\"5324\" data-end=\"5398\">Uygun olan\u0131 kullan\u0131n <strong data-start=\"5342\" data-end=\"5366\">koruyucu eki\u0307pman<\/strong> (eldivenler, g\u00f6zl\u00fckler, laboratuvar \u00f6nl\u00fc\u011f\u00fc).<\/p>\n<\/li>\n<li data-start=\"5399\" data-end=\"5463\">\n<p data-start=\"5401\" data-end=\"5463\">\u00dczerinde saklay\u0131n <strong data-start=\"5416\" data-end=\"5450\">serin, kuru ve karanl\u0131k bir yerde<\/strong> (15-25\u00b0C).<\/p>\n<\/li>\n<li data-start=\"5464\" data-end=\"5522\">\n<p data-start=\"5466\" data-end=\"5522\">\u0130nsan veya hayvan t\u00fcketimi i\u00e7in uygun de\u011fildir.<\/p>\n<\/li>\n<\/ul>\n<hr data-start=\"5524\" data-end=\"5527\" \/>\n<h3 data-start=\"5529\" data-end=\"5564\"><strong data-start=\"5533\" data-end=\"5564\">S\u0131k\u00e7a sorulan sorular (SSS)<\/strong><\/h3>\n<p data-start=\"5566\" data-end=\"5742\"><strong data-start=\"5566\" data-end=\"5610\">1. Waarvoor wordt MPT Fumaraat gebruikt?<\/strong><br data-start=\"5610\" data-end=\"5613\" \/>MPT Fumaraat wordt gebruikt in <strong data-start=\"5644\" data-end=\"5689\">farmacologisch en neurochemisch onderzoek<\/strong> naar tryptamine-analogen en serotonine-receptoren.<\/p>\n<p data-start=\"5744\" data-end=\"5919\"><strong data-start=\"5744\" data-end=\"5797\">2. Is MPT Fumaraat veilig voor menselijk gebruik?<\/strong><br data-start=\"5797\" data-end=\"5800\" \/>Hay\u0131r. Bu \u00fcr\u00fcn <strong data-start=\"5820\" data-end=\"5869\">sadece ara\u015ft\u0131rma ama\u00e7l\u0131d\u0131r<\/strong> ve insan t\u00fcketimi i\u00e7in onaylanmam\u0131\u015ft\u0131r.<\/p>\n<p data-start=\"5921\" data-end=\"6079\"><strong data-start=\"5921\" data-end=\"5965\">3. Hoe moet MPT Fumaraat worden bewaard?<\/strong><br data-start=\"5965\" data-end=\"5968\" \/>\u0130\u00e7inde saklay\u0131n <strong data-start=\"5983\" data-end=\"6013\">s\u0131k\u0131ca kapat\u0131lm\u0131\u015f ambalaj<\/strong> oda s\u0131cakl\u0131\u011f\u0131nda (15-25\u00b0C), \u0131\u015f\u0131k ve nemden korunarak saklanmal\u0131d\u0131r.<\/p>","protected":false},"excerpt":{"rendered":"<h3><span style=\"vertical-align: inherit;\"><span style=\"vertical-align: inherit;\"><span dir=\"auto\" style=\"vertical-align: inherit;\"><span dir=\"auto\" style=\"vertical-align: inherit;\">MPT fumarate properties<\/span><\/span><\/span><\/span><\/h3>\n<p><strong><span style=\"vertical-align: inherit;\"><span style=\"vertical-align: inherit;\"><span dir=\"auto\" style=\"vertical-align: inherit;\"><span dir=\"auto\" style=\"vertical-align: inherit;\">Synonym:<\/span><\/span><\/span><\/span><\/strong><span style=\"vertical-align: inherit;\"><span style=\"vertical-align: inherit;\"><span dir=\"auto\" style=\"vertical-align: inherit;\"><span dir=\"auto\" style=\"vertical-align: inherit;\"> N-methyl-N-propyltryptamine fumarate <\/span><\/span><\/span><\/span><br \/>\n<strong><span style=\"vertical-align: inherit;\"><span style=\"vertical-align: inherit;\"><span dir=\"auto\" style=\"vertical-align: inherit;\"><span dir=\"auto\" style=\"vertical-align: inherit;\">CAS Number:<\/span><\/span><\/span><\/span><\/strong><span style=\"vertical-align: inherit;\"><span style=\"vertical-align: inherit;\"><span dir=\"auto\" style=\"vertical-align: inherit;\"><span dir=\"auto\" style=\"vertical-align: inherit;\"> n\/a <\/span><\/span><\/span><\/span><br \/>\n<strong><span style=\"vertical-align: inherit;\"><span style=\"vertical-align: inherit;\"><span dir=\"auto\" style=\"vertical-align: inherit;\"><span dir=\"auto\" style=\"vertical-align: inherit;\">Formula:<\/span><\/span><\/span><\/span><\/strong><span style=\"vertical-align: inherit;\"><span style=\"vertical-align: inherit;\"><span dir=\"auto\" style=\"vertical-align: inherit;\"><span dir=\"auto\" style=\"vertical-align: inherit;\"> 3-[2-(propyl(methyl)amino)ethyl]-1H-indole fumarate <\/span><\/span><\/span><\/span><br \/>\n<strong><span style=\"vertical-align: inherit;\"><span style=\"vertical-align: inherit;\"><span dir=\"auto\" style=\"vertical-align: inherit;\"><span dir=\"auto\" style=\"vertical-align: inherit;\">Molar Mass:<\/span><\/span><\/span><\/span><\/strong><span style=\"vertical-align: inherit;\"><span style=\"vertical-align: inherit;\"><span dir=\"auto\" style=\"vertical-align: inherit;\"><span dir=\"auto\" style=\"vertical-align: inherit;\"> 332.4 g\/mol <\/span><\/span><\/span><\/span><br \/>\n<strong><span style=\"vertical-align: inherit;\"><span style=\"vertical-align: inherit;\"><span dir=\"auto\" style=\"vertical-align: inherit;\"><span dir=\"auto\" style=\"vertical-align: inherit;\">Purity:<\/span><\/span><\/span><\/span><\/strong><span style=\"vertical-align: inherit;\"><span style=\"vertical-align: inherit;\"><span dir=\"auto\" style=\"vertical-align: inherit;\"><span dir=\"auto\" style=\"vertical-align: inherit;\"> &gt;97%<\/span><\/span><\/span><\/span><\/p>\n","protected":false},"featured_media":417,"comment_status":"closed","ping_status":"closed","template":"","meta":[],"product_brand":[],"product_cat":[244,26,41],"product_tag":[245,246,22],"class_list":{"0":"post-385","1":"product","2":"type-product","3":"status-publish","4":"has-post-thumbnail","6":"product_cat-mpt","7":"product_cat-sale","8":"product_cat-tryptamine","9":"product_tag-mpt-fumarate","10":"product_tag-mpt-fumarate-kopen","11":"product_tag-nl","13":"first","14":"instock","15":"sale","16":"shipping-taxable","17":"purchasable","18":"product-type-variable"},"_links":{"self":[{"href":"https:\/\/chemicalshoppers.com\/tr\/wp-json\/wp\/v2\/product\/385","targetHints":{"allow":["GET"]}}],"collection":[{"href":"https:\/\/chemicalshoppers.com\/tr\/wp-json\/wp\/v2\/product"}],"about":[{"href":"https:\/\/chemicalshoppers.com\/tr\/wp-json\/wp\/v2\/types\/product"}],"replies":[{"embeddable":true,"href":"https:\/\/chemicalshoppers.com\/tr\/wp-json\/wp\/v2\/comments?post=385"}],"version-history":[{"count":1,"href":"https:\/\/chemicalshoppers.com\/tr\/wp-json\/wp\/v2\/product\/385\/revisions"}],"predecessor-version":[{"id":16695,"href":"https:\/\/chemicalshoppers.com\/tr\/wp-json\/wp\/v2\/product\/385\/revisions\/16695"}],"wp:featuredmedia":[{"embeddable":true,"href":"https:\/\/chemicalshoppers.com\/tr\/wp-json\/wp\/v2\/media\/417"}],"wp:attachment":[{"href":"https:\/\/chemicalshoppers.com\/tr\/wp-json\/wp\/v2\/media?parent=385"}],"wp:term":[{"taxonomy":"product_brand","embeddable":true,"href":"https:\/\/chemicalshoppers.com\/tr\/wp-json\/wp\/v2\/product_brand?post=385"},{"taxonomy":"product_cat","embeddable":true,"href":"https:\/\/chemicalshoppers.com\/tr\/wp-json\/wp\/v2\/product_cat?post=385"},{"taxonomy":"product_tag","embeddable":true,"href":"https:\/\/chemicalshoppers.com\/tr\/wp-json\/wp\/v2\/product_tag?post=385"}],"curies":[{"name":"wp","href":"https:\/\/api.w.org\/{rel}","templated":true}]}}