{"id":393,"date":"2026-02-09T11:52:43","date_gmt":"2026-02-09T11:52:43","guid":{"rendered":"https:\/\/chemicalshoppers.com\/?post_type=product&#038;p=393"},"modified":"2026-02-13T16:01:01","modified_gmt":"2026-02-13T16:01:01","slug":"4-ho-mipt-20-mg-pellets","status":"publish","type":"product","link":"https:\/\/chemicalshoppers.com\/tr\/urun\/4-ho-mipt-20-mg-pellets\/","title":{"rendered":"4-HO-MiPT 20 MG Pellets"},"content":{"rendered":"<h1><strong>4-HO-MiPT 20 MG Pellets \u2013 Psychedelische Tryptamine voor Geavanceerd Laboratoriumonderzoek<\/strong><\/h1>\n<p data-start=\"3781\" data-end=\"3976\"><strong data-start=\"3781\" data-end=\"3837\">4-HO-MiPT (4-Hydroxy-N-methyl-N-isopropyltryptamine)<\/strong> 20 MG Pellets zijn <strong data-start=\"3857\" data-end=\"3903\">onderzoeksverbindingen van hoge zuiverheid<\/strong>, ontworpen voor <strong data-start=\"3920\" data-end=\"3973\">n\u00f6robilim ve farmakoloji ara\u015ft\u0131rmalar\u0131<\/strong>. <span class=\"___SBox_epc1q-ko_ ___SText_zko9t-ko_\" data-ui-name=\"Link.Text\">4 ho mipt<\/span><\/p>\n<p data-start=\"3978\" data-end=\"4194\">Als structureel verwante verbinding van <strong data-start=\"4018\" data-end=\"4042\">psilocine (4-HO-DMT)<\/strong> wordt 4-HO-MiPT vaak gebruikt in studies naar <strong data-start=\"4089\" data-end=\"4121\">serotoninereceptoractiviteit<\/strong>, <strong data-start=\"4123\" data-end=\"4145\">bindingsaffiniteit<\/strong> ve <strong data-start=\"4149\" data-end=\"4191\">structure-activity relationships (SAR)<\/strong>.<\/p>\n<p data-start=\"4196\" data-end=\"4354\">Her pelet \u015funlar\u0131 i\u00e7erir <strong data-start=\"4214\" data-end=\"4241\">20 mg zuivere 4-HO-MiPT<\/strong>, zorgvuldig gedoseerd voor nauwkeurige en herhaalbare onderzoeksresultaten met optimale chemische stabiliteit.<\/p>\n<blockquote data-start=\"4356\" data-end=\"4494\">\n<p data-start=\"4358\" data-end=\"4494\">\u26a0\ufe0f <strong data-start=\"4361\" data-end=\"4372\">Not:<\/strong> Bu \u00fcr\u00fcn <strong data-start=\"4388\" data-end=\"4443\">sadece bilimsel ara\u015ft\u0131rma i\u00e7in tasarlanm\u0131\u015ft\u0131r<\/strong> ve <strong data-start=\"4447\" data-end=\"4491\">niet geschikt voor menselijke consumptie<\/strong>.<\/p>\n<\/blockquote>\n<hr data-start=\"4496\" data-end=\"4499\" \/>\n<h3 data-start=\"4501\" data-end=\"4532\"><strong data-start=\"4505\" data-end=\"4532\">Temel \u00f6zellikler<\/strong><\/h3>\n<ul data-start=\"4533\" data-end=\"4985\">\n<li data-start=\"4533\" data-end=\"4630\">\n<p data-start=\"4535\" data-end=\"4630\"><strong data-start=\"4535\" data-end=\"4561\">Y\u00fcksek Safl\u0131k (\u226599%)<\/strong> \u2013 Laboratoriumgetest voor identiteit, stabiliteit en consistentie.<\/p>\n<\/li>\n<li data-start=\"4631\" data-end=\"4734\">\n<p data-start=\"4633\" data-end=\"4734\"><strong data-start=\"4633\" data-end=\"4676\">Nauwkeurige Dosering (20 MG per pellet)<\/strong> \u2013 Voor betrouwbare en herhaalbare onderzoeksresultaten.<\/p>\n<\/li>\n<li data-start=\"4735\" data-end=\"4808\">\n<p data-start=\"4737\" data-end=\"4808\"><strong data-start=\"4737\" data-end=\"4763\">Verbeterde Stabiliteit<\/strong> \u2013 Pelletvorm voorkomt oxidatie en afbraak.<\/p>\n<\/li>\n<li data-start=\"4809\" data-end=\"4897\">\n<p data-start=\"4811\" data-end=\"4897\"><strong data-start=\"4811\" data-end=\"4852\">Geproduceerd onder GMP-achtige Normen<\/strong> \u2013 Gegarandeerde kwaliteit en consistentie. <span class=\"___SBox_epc1q-ko_ ___SText_zko9t-ko_\" data-ui-name=\"Link.Text\">4 ho mipt<\/span><\/p>\n<\/li>\n<li data-start=\"4898\" data-end=\"4985\">\n<p data-start=\"4900\" data-end=\"4985\"><strong data-start=\"4900\" data-end=\"4922\">G\u00fcvenli Paketleme<\/strong> \u2013 Luchtdicht en vochtbestendig voor langdurige houdbaarheid.<\/p>\n<\/li>\n<\/ul>\n<hr data-start=\"4987\" data-end=\"4990\" \/>\n<h3 data-start=\"4992\" data-end=\"5009\"><strong data-start=\"4996\" data-end=\"5009\">Avantajlar<\/strong><\/h3>\n<ul data-start=\"5010\" data-end=\"5279\">\n<li data-start=\"5010\" data-end=\"5090\">\n<p data-start=\"5012\" data-end=\"5090\">Destekler <strong data-start=\"5024\" data-end=\"5087\">serotonin resept\u00f6rleri ve triptamin analoglar\u0131 \u00fczerine ara\u015ft\u0131rma<\/strong>.<\/p>\n<\/li>\n<li data-start=\"5091\" data-end=\"5155\">\n<p data-start=\"5093\" data-end=\"5155\"><strong data-start=\"5093\" data-end=\"5117\">Nauwkeurige dosering<\/strong> en betrouwbare reproduceerbaarheid.<\/p>\n<\/li>\n<li data-start=\"5156\" data-end=\"5207\">\n<p data-start=\"5158\" data-end=\"5207\"><strong data-start=\"5158\" data-end=\"5182\">Stabiele formulering<\/strong> voor lange opslagduur.<\/p>\n<\/li>\n<li data-start=\"5208\" data-end=\"5279\">\n<p data-start=\"5210\" data-end=\"5279\">Eenvoudig te <strong data-start=\"5223\" data-end=\"5250\">hanteren en op te slaan<\/strong> in laboratoriumomgevingen.<\/p>\n<\/li>\n<\/ul>\n<hr data-start=\"5281\" data-end=\"5284\" \/>\n<h3 data-start=\"5286\" data-end=\"5301\"><strong data-start=\"5290\" data-end=\"5301\">Kullan\u0131m<\/strong><\/h3>\n<ul data-start=\"5302\" data-end=\"5598\">\n<li data-start=\"5302\" data-end=\"5372\">\n<p data-start=\"5304\" data-end=\"5372\">Sadece a\u015fa\u011f\u0131dakiler taraf\u0131ndan kullan\u0131lmak \u00fczere <strong data-start=\"5329\" data-end=\"5369\">kali\u0307fi\u0307ye laboratuvar personeli\u0307<\/strong>.<\/p>\n<\/li>\n<li data-start=\"5373\" data-end=\"5460\">\n<p data-start=\"5375\" data-end=\"5460\">Uygun olan\u0131 kullan\u0131n <strong data-start=\"5393\" data-end=\"5417\">koruyucu eki\u0307pman<\/strong> (handschoenen, veiligheidsbril, masker).<\/p>\n<\/li>\n<li data-start=\"5461\" data-end=\"5539\">\n<p data-start=\"5463\" data-end=\"5539\">\u00dczerinde saklay\u0131n <strong data-start=\"5478\" data-end=\"5501\">koele, droge plaats<\/strong>, beschermd tegen zonlicht en vocht.<\/p>\n<\/li>\n<li data-start=\"5540\" data-end=\"5598\">\n<p data-start=\"5542\" data-end=\"5598\">\u0130nsan veya hayvan t\u00fcketimi i\u00e7in uygun de\u011fildir.<\/p>\n<\/li>\n<\/ul>\n<hr data-start=\"5600\" data-end=\"5603\" \/>\n<h3 data-start=\"5605\" data-end=\"5640\"><strong data-start=\"5609\" data-end=\"5640\">S\u0131k\u00e7a sorulan sorular (SSS)<\/strong><\/h3>\n<p data-start=\"5642\" data-end=\"5801\"><strong data-start=\"5642\" data-end=\"5683\">1. Waarvoor wordt 4-HO-MiPT gebruikt?<\/strong><br data-start=\"5683\" data-end=\"5686\" \/>4-HO-MiPT wordt gebruikt voor <strong data-start=\"5716\" data-end=\"5756\">farmacologisch en chemisch onderzoek<\/strong> naar tryptamines en serotonine-receptoren.<\/p>\n<p data-start=\"5803\" data-end=\"5981\"><strong data-start=\"5803\" data-end=\"5859\">2. Is 4-HO-MiPT 20 MG veilig voor menselijk gebruik?<\/strong><br data-start=\"5859\" data-end=\"5862\" \/>Hay\u0131r. Bu \u00fcr\u00fcn <strong data-start=\"5882\" data-end=\"5931\">sadece ara\u015ft\u0131rma ama\u00e7l\u0131d\u0131r<\/strong> ve insan t\u00fcketimi i\u00e7in onaylanmam\u0131\u015ft\u0131r.<\/p>\n<p data-start=\"5983\" data-end=\"6145\"><strong data-start=\"5983\" data-end=\"6030\">3. Hoe moet 4-HO-MiPT 20 MG worden bewaard?<\/strong><br data-start=\"6030\" data-end=\"6033\" \/>\u0130\u00e7inde saklay\u0131n <strong data-start=\"6048\" data-end=\"6078\">s\u0131k\u0131ca kapat\u0131lm\u0131\u015f ambalaj<\/strong> bij kamertemperatuur (15\u201325\u00b0C), uit de buurt van vocht en licht.<\/p>","protected":false},"excerpt":{"rendered":"<h2><span style=\"vertical-align: inherit;\"><span style=\"vertical-align: inherit;\">4-HO-MiPT pellets properties<\/span><\/span><\/h2>\n<p><strong><span style=\"vertical-align: inherit;\"><span style=\"vertical-align: inherit;\">Synonym:<\/span><\/span><\/strong><span style=\"vertical-align: inherit;\"><span style=\"vertical-align: inherit;\"> 4-hydroxy-N-methyl-N-isopropyltryptamine fumarate <\/span><\/span><br \/>\n<strong><span style=\"vertical-align: inherit;\"><span style=\"vertical-align: inherit;\">CAS Number:<\/span><\/span><\/strong><span style=\"vertical-align: inherit;\"><span style=\"vertical-align: inherit;\"> 77872-43-6 <\/span><\/span><br \/>\n<strong><span style=\"vertical-align: inherit;\"><span style=\"vertical-align: inherit;\">Formula:<\/span><\/span><\/strong><span style=\"vertical-align: inherit;\"><span style=\"vertical-align: inherit;\"> 3-[2-(isopropyl(methyl)amino)ethyl]-1H-indol-4-ol fumarate <\/span><\/span><br \/>\n<strong><span style=\"vertical-align: inherit;\"><span style=\"vertical-align: inherit;\">Molar Mass:<\/span><\/span><\/strong><span style=\"vertical-align: inherit;\"><span style=\"vertical-align: inherit;\"> 348.4 g\/mol <\/span><\/span><br \/>\n<strong><span style=\"vertical-align: inherit;\"><span style=\"vertical-align: inherit;\">Purity:<\/span><\/span><\/strong><span style=\"vertical-align: inherit;\"><span style=\"vertical-align: inherit;\"> &gt;97%<\/span><\/span><\/p>\n","protected":false},"featured_media":424,"comment_status":"closed","ping_status":"closed","template":"","meta":[],"product_brand":[],"product_cat":[214,260,71,41],"product_tag":[261,262,991,22],"class_list":{"0":"post-393","1":"product","2":"type-product","3":"status-publish","4":"has-post-thumbnail","6":"product_cat-4-ho-mipt","7":"product_cat-4-ho-mipt-pellets","8":"product_cat-pellets","9":"product_cat-tryptamine","10":"product_tag-4-ho-mipt-kopen","11":"product_tag-4-ho-mipt","12":"product_tag-4-ho-mipt-20-mg-pellets","13":"product_tag-nl","15":"first","16":"instock","17":"shipping-taxable","18":"purchasable","19":"product-type-variable"},"_links":{"self":[{"href":"https:\/\/chemicalshoppers.com\/tr\/wp-json\/wp\/v2\/product\/393","targetHints":{"allow":["GET"]}}],"collection":[{"href":"https:\/\/chemicalshoppers.com\/tr\/wp-json\/wp\/v2\/product"}],"about":[{"href":"https:\/\/chemicalshoppers.com\/tr\/wp-json\/wp\/v2\/types\/product"}],"replies":[{"embeddable":true,"href":"https:\/\/chemicalshoppers.com\/tr\/wp-json\/wp\/v2\/comments?post=393"}],"version-history":[{"count":1,"href":"https:\/\/chemicalshoppers.com\/tr\/wp-json\/wp\/v2\/product\/393\/revisions"}],"predecessor-version":[{"id":16703,"href":"https:\/\/chemicalshoppers.com\/tr\/wp-json\/wp\/v2\/product\/393\/revisions\/16703"}],"wp:featuredmedia":[{"embeddable":true,"href":"https:\/\/chemicalshoppers.com\/tr\/wp-json\/wp\/v2\/media\/424"}],"wp:attachment":[{"href":"https:\/\/chemicalshoppers.com\/tr\/wp-json\/wp\/v2\/media?parent=393"}],"wp:term":[{"taxonomy":"product_brand","embeddable":true,"href":"https:\/\/chemicalshoppers.com\/tr\/wp-json\/wp\/v2\/product_brand?post=393"},{"taxonomy":"product_cat","embeddable":true,"href":"https:\/\/chemicalshoppers.com\/tr\/wp-json\/wp\/v2\/product_cat?post=393"},{"taxonomy":"product_tag","embeddable":true,"href":"https:\/\/chemicalshoppers.com\/tr\/wp-json\/wp\/v2\/product_tag?post=393"}],"curies":[{"name":"wp","href":"https:\/\/api.w.org\/{rel}","templated":true}]}}