{"id":435,"date":"2026-02-09T11:52:53","date_gmt":"2026-02-09T11:52:53","guid":{"rendered":"https:\/\/chemicalshoppers.com\/?post_type=product&#038;p=435"},"modified":"2026-02-13T15:50:44","modified_gmt":"2026-02-13T15:50:44","slug":"idra-21-10-mg-pellets","status":"publish","type":"product","link":"https:\/\/chemicalshoppers.com\/tr\/urun\/idra-21-10-mg-pellets\/","title":{"rendered":"IDRA-21 10 MG Pellets"},"content":{"rendered":"<p data-start=\"4897\" data-end=\"5239\"><strong data-start=\"4897\" data-end=\"4908\">IDRA-21<\/strong> bir <strong data-start=\"4916\" data-end=\"4947\">benzothiadiazine-verbinding<\/strong>, verwant aan <strong data-start=\"4961\" data-end=\"4975\">aniracetam<\/strong>, en wordt onderzocht vanwege zijn <strong data-start=\"5010\" data-end=\"5040\">invloed op AMPA-receptoren<\/strong>.<br data-start=\"5041\" data-end=\"5044\" \/>Het wordt gebruikt in <strong data-start=\"5066\" data-end=\"5136\">forensische, farmacologische en neurowetenschappelijke laboratoria<\/strong> als <strong data-start=\"5141\" data-end=\"5164\">referans materyali<\/strong> voor het bestuderen van <strong data-start=\"5189\" data-end=\"5236\">synaptische processen en receptoractiviteit<\/strong>. idra 21<\/p>\n<p data-start=\"5241\" data-end=\"5467\">Bu <strong data-start=\"5244\" data-end=\"5264\">10 mg pelletvorm<\/strong> biedt nauwkeurige dosering en reproduceerbare analysemogelijkheden.<br data-start=\"5332\" data-end=\"5335\" \/>Bu \u00fcr\u00fcn <strong data-start=\"5350\" data-end=\"5405\">sadece bilimsel ara\u015ft\u0131rma i\u00e7in tasarlanm\u0131\u015ft\u0131r<\/strong> ve <strong data-start=\"5409\" data-end=\"5466\">insan veya hayvan t\u00fcketimi i\u00e7in uygun de\u011fildir<\/strong>.<\/p>\n<hr data-start=\"5469\" data-end=\"5472\" \/>\n<h3 data-start=\"5474\" data-end=\"5505\"><strong data-start=\"5478\" data-end=\"5505\">Temel \u00f6zellikler<\/strong><\/h3>\n<ul data-start=\"5507\" data-end=\"5944\">\n<li data-start=\"5507\" data-end=\"5593\">\n<p data-start=\"5509\" data-end=\"5593\"><strong data-start=\"5509\" data-end=\"5529\">Y\u00fcksek Safl\u0131kta:<\/strong> Kontroll\u00fc laboratuvar ko\u015fullar\u0131nda \u00fcretilmi\u015ftir.<\/p>\n<\/li>\n<li data-start=\"5594\" data-end=\"5681\">\n<p data-start=\"5596\" data-end=\"5681\"><strong data-start=\"5596\" data-end=\"5628\">Gestandaardiseerde Dosering:<\/strong> 10 mg per pellet voor consistente analysemethoden.<\/p>\n<\/li>\n<li data-start=\"5682\" data-end=\"5768\">\n<p data-start=\"5684\" data-end=\"5768\"><strong data-start=\"5684\" data-end=\"5723\">Sertifikal\u0131 Referans Malzemesi:<\/strong> Birlikte verilir <strong data-start=\"5737\" data-end=\"5765\">analiz sertifikas\u0131 (COA)<\/strong>.<\/p>\n<\/li>\n<li data-start=\"5769\" data-end=\"5864\">\n<p data-start=\"5771\" data-end=\"5864\"><strong data-start=\"5771\" data-end=\"5802\">Analitik Geni\u015f Da\u011f\u0131t\u0131m:<\/strong> Geschikt voor <strong data-start=\"5817\" data-end=\"5825\">HPLC<\/strong>, <strong data-start=\"5827\" data-end=\"5839\">LC-MS\/MS<\/strong>, en <strong data-start=\"5844\" data-end=\"5852\">FTIR<\/strong> analyses.<\/p>\n<\/li>\n<li data-start=\"5865\" data-end=\"5944\">\n<p data-start=\"5867\" data-end=\"5944\"><strong data-start=\"5867\" data-end=\"5892\">Stabiele Formulering:<\/strong> Behoudt stabiliteit bij correcte opslagcondities. idra 21<\/p>\n<\/li>\n<\/ul>\n<hr data-start=\"5946\" data-end=\"5949\" \/>\n<h3 data-start=\"5951\" data-end=\"5968\"><strong data-start=\"5955\" data-end=\"5968\">Avantajlar<\/strong><\/h3>\n<ul data-start=\"5970\" data-end=\"6434\">\n<li data-start=\"5970\" data-end=\"6089\">\n<p data-start=\"5972\" data-end=\"6089\"><strong data-start=\"5972\" data-end=\"6020\">Ondersteunt Neurowetenschappelijk Onderzoek:<\/strong> Geschikt voor studies naar receptoractiviteit en neurotransmissie.<\/p>\n<\/li>\n<li data-start=\"6090\" data-end=\"6188\">\n<p data-start=\"6092\" data-end=\"6188\"><strong data-start=\"6092\" data-end=\"6119\">G\u00fcvenilir Kalibrasyon:<\/strong> Zorgt voor reproduceerbare resultaten in analytische toepassingen.<\/p>\n<\/li>\n<li data-start=\"6189\" data-end=\"6276\">\n<p data-start=\"6191\" data-end=\"6276\"><strong data-start=\"6191\" data-end=\"6213\">E\u011fitim De\u011feri:<\/strong> Geschikt voor academische training en laboratoriumonderzoek.<\/p>\n<\/li>\n<li data-start=\"6277\" data-end=\"6342\">\n<p data-start=\"6279\" data-end=\"6342\"><strong data-start=\"6279\" data-end=\"6306\">Volledige Documentatie:<\/strong> Birlikte verilir <strong data-start=\"6320\" data-end=\"6328\">MSDS<\/strong> ve <strong data-start=\"6332\" data-end=\"6339\">COA<\/strong>.<\/p>\n<\/li>\n<li data-start=\"6343\" data-end=\"6434\">\n<p data-start=\"6345\" data-end=\"6434\"><strong data-start=\"6345\" data-end=\"6376\">Veilig Laboratoriumgebruik:<\/strong> Ontworpen volgens internationale kwaliteitsrichtlijnen.<\/p>\n<\/li>\n<\/ul>\n<hr data-start=\"6436\" data-end=\"6439\" \/>\n<h3 data-start=\"6441\" data-end=\"6502\"><strong data-start=\"6445\" data-end=\"6502\">Kullan\u0131m talimatlar\u0131 (Sadece ara\u015ft\u0131rma ama\u00e7l\u0131d\u0131r)<\/strong><\/h3>\n<ol data-start=\"6504\" data-end=\"6836\">\n<li data-start=\"6504\" data-end=\"6601\">\n<p data-start=\"6507\" data-end=\"6601\"><strong data-start=\"6507\" data-end=\"6521\">Elle\u00e7leme:<\/strong> Gebruik alleen in erkende laboratoria met geschikte veiligheidsvoorzieningen.<\/p>\n<\/li>\n<li data-start=\"6602\" data-end=\"6681\">\n<p data-start=\"6605\" data-end=\"6681\"><strong data-start=\"6605\" data-end=\"6620\">Toepassing:<\/strong> Bereid en analyseer pellets volgens gevalideerde methoden.<\/p>\n<\/li>\n<li data-start=\"6682\" data-end=\"6745\">\n<p data-start=\"6685\" data-end=\"6745\"><strong data-start=\"6685\" data-end=\"6696\">Depolama:<\/strong> Serin, kuru ve karanl\u0131kta, iyi kapat\u0131lm\u0131\u015f olarak saklay\u0131n.<\/p>\n<\/li>\n<li data-start=\"6746\" data-end=\"6836\">\n<p data-start=\"6749\" data-end=\"6836\"><strong data-start=\"6749\" data-end=\"6760\">Drenaj:<\/strong> Verwijder restanten volgens lokale regelgeving voor chemisch afvalbeheer.<\/p>\n<\/li>\n<\/ol>\n<hr data-start=\"6838\" data-end=\"6841\" \/>\n<h3 data-start=\"6843\" data-end=\"6877\"><strong data-start=\"6847\" data-end=\"6877\">G\u00fcvenlik ve uyumluluk<\/strong><\/h3>\n<ul data-start=\"6879\" data-end=\"7270\">\n<li data-start=\"6879\" data-end=\"6960\">\n<p data-start=\"6881\" data-end=\"6960\"><strong data-start=\"6881\" data-end=\"6917\">Sadece laboratuvar kullan\u0131m\u0131 i\u00e7indir:<\/strong> Niet bedoeld voor menselijke consumptie.<\/p>\n<\/li>\n<li data-start=\"6961\" data-end=\"7050\">\n<p data-start=\"6963\" data-end=\"7050\"><strong data-start=\"6963\" data-end=\"6991\">Yasal Hususlar:<\/strong> Controleer de lokale regelgeving voor gebruik en opslag.<\/p>\n<\/li>\n<li data-start=\"7051\" data-end=\"7145\">\n<p data-start=\"7053\" data-end=\"7145\"><strong data-start=\"7053\" data-end=\"7081\">Sa\u011fl\u0131k ve G\u00fcvenlik:<\/strong> Vermijd contact, inademing of inslikken; draag geschikte PBM.<\/p>\n<\/li>\n<li data-start=\"7146\" data-end=\"7270\">\n<p data-start=\"7148\" data-end=\"7270\"><strong data-start=\"7148\" data-end=\"7165\">Dok\u00fcmantasyon:<\/strong> A <strong data-start=\"7170\" data-end=\"7206\">g\u00fcvenlik veri sayfas\u0131 (MSDS)<\/strong> ve <strong data-start=\"7210\" data-end=\"7238\">analiz sertifikas\u0131 (COA)<\/strong> istek \u00fczerine temin edilebilir.<\/p>\n<\/li>\n<\/ul>\n<hr data-start=\"7272\" data-end=\"7275\" \/>\n<h3 data-start=\"7277\" data-end=\"7312\"><strong data-start=\"7281\" data-end=\"7312\">S\u0131k\u00e7a sorulan sorular (SSS)<\/strong><\/h3>\n<p data-start=\"7314\" data-end=\"7471\"><strong data-start=\"7314\" data-end=\"7368\">1. Waarvoor worden IDRA-21 10 mg Pellets gebruikt?<\/strong><br data-start=\"7368\" data-end=\"7371\" \/>Ze worden gebruikt in <strong data-start=\"7393\" data-end=\"7440\">neurowetenschappelijk en chemisch onderzoek<\/strong> naar AMPA-receptormodulatie.<\/p>\n<p data-start=\"7473\" data-end=\"7645\"><strong data-start=\"7473\" data-end=\"7534\">2. Zijn deze pellets geschikt voor menselijke consumptie?<\/strong><br data-start=\"7534\" data-end=\"7537\" \/>Hay\u0131r. Bu \u00fcr\u00fcn <strong data-start=\"7557\" data-end=\"7595\">uitsluitend bedoeld voor onderzoek<\/strong> ve <strong data-start=\"7599\" data-end=\"7642\">niet goedgekeurd voor menselijk gebruik<\/strong>.<\/p>\n<p data-start=\"7647\" data-end=\"7783\"><strong data-start=\"7647\" data-end=\"7699\">3. Hoe moeten IDRA-21 Pellets worden opgeslagen?<\/strong><br data-start=\"7699\" data-end=\"7702\" \/>Serin, kuru ve karanl\u0131kta, iyi kapat\u0131lm\u0131\u015f ve yetkisiz ki\u015filerin eri\u015femeyece\u011fi bir yerde saklay\u0131n.<\/p>\n<p class=\"ds-markdown-paragraph\">","protected":false},"excerpt":{"rendered":"<h3>IDRA-21 Pellets eigenschappen<\/h3>\n<p><strong>Synoniem<\/strong>: 7-chloro-3-methyl-3,4-dihydro-2H-1,2,4-benzothiadiazine 1,1-dioxide<br \/>\n<strong>CAS<\/strong> <strong>Nummer<\/strong>: 22503-72-6<br \/>\n<strong>Formule<\/strong>: C8H9ClN2O2S<br \/>\n<strong>Molmassa<\/strong>: 232.6 g\/mol<br \/>\n<strong>Zuiverheid<\/strong>: &gt;97%<\/p>","protected":false},"featured_media":465,"comment_status":"closed","ping_status":"closed","template":"","meta":[],"product_brand":[],"product_cat":[291,292,68,71],"product_tag":[976,22],"class_list":{"0":"post-435","1":"product","2":"type-product","3":"status-publish","4":"has-post-thumbnail","6":"product_cat-idra-21","7":"product_cat-idra-21-10-mg-pellets","8":"product_cat-nootropics","9":"product_cat-pellets","10":"product_tag-idra-21-10-mg-pellets","11":"product_tag-nl","13":"first","14":"instock","15":"shipping-taxable","16":"purchasable","17":"product-type-variable"},"_links":{"self":[{"href":"https:\/\/chemicalshoppers.com\/tr\/wp-json\/wp\/v2\/product\/435","targetHints":{"allow":["GET"]}}],"collection":[{"href":"https:\/\/chemicalshoppers.com\/tr\/wp-json\/wp\/v2\/product"}],"about":[{"href":"https:\/\/chemicalshoppers.com\/tr\/wp-json\/wp\/v2\/types\/product"}],"replies":[{"embeddable":true,"href":"https:\/\/chemicalshoppers.com\/tr\/wp-json\/wp\/v2\/comments?post=435"}],"version-history":[{"count":1,"href":"https:\/\/chemicalshoppers.com\/tr\/wp-json\/wp\/v2\/product\/435\/revisions"}],"predecessor-version":[{"id":16682,"href":"https:\/\/chemicalshoppers.com\/tr\/wp-json\/wp\/v2\/product\/435\/revisions\/16682"}],"wp:featuredmedia":[{"embeddable":true,"href":"https:\/\/chemicalshoppers.com\/tr\/wp-json\/wp\/v2\/media\/465"}],"wp:attachment":[{"href":"https:\/\/chemicalshoppers.com\/tr\/wp-json\/wp\/v2\/media?parent=435"}],"wp:term":[{"taxonomy":"product_brand","embeddable":true,"href":"https:\/\/chemicalshoppers.com\/tr\/wp-json\/wp\/v2\/product_brand?post=435"},{"taxonomy":"product_cat","embeddable":true,"href":"https:\/\/chemicalshoppers.com\/tr\/wp-json\/wp\/v2\/product_cat?post=435"},{"taxonomy":"product_tag","embeddable":true,"href":"https:\/\/chemicalshoppers.com\/tr\/wp-json\/wp\/v2\/product_tag?post=435"}],"curies":[{"name":"wp","href":"https:\/\/api.w.org\/{rel}","templated":true}]}}